{"id":17781,"date":"2024-03-12T16:41:45","date_gmt":"2024-03-12T15:41:45","guid":{"rendered":"https:\/\/www.weyou-group.com\/the-group\/nos-engagements-rse-esg"},"modified":"2025-02-12T16:18:31","modified_gmt":"2025-02-12T15:18:31","slug":"nos-engagements-rse-esg","status":"publish","type":"page","link":"https:\/\/www.weyou-group.com\/en\/the-group\/nos-engagements-rse-esg\/","title":{"rendered":"Nos engagements RSE\/ESG"},"content":{"rendered":"\t\t<div data-elementor-type=\"wp-page\" data-elementor-id=\"17781\" class=\"elementor elementor-17781 elementor-6383\">\r\n\t\t\t\t<div class=\"elementor-element elementor-element-545886c e-flex e-con-boxed wpr-particle-no wpr-jarallax-no wpr-parallax-no wpr-sticky-section-no e-con e-parent\" data-id=\"545886c\" data-element_type=\"container\">\r\n\t\t\t\t\t<div class=\"e-con-inner\">\r\n\t\t\t\t<div class=\"elementor-element elementor-element-47a6a8a elementor-widget elementor-widget-text-editor\" data-id=\"47a6a8a\" data-element_type=\"widget\" data-widget_type=\"text-editor.default\">\r\n\t\t\t\t<div class=\"elementor-widget-container\">\r\n\t\t\t\t\t\t\t<div id=\"equipe\" class=\"vc_row wpb_row vc_row-fluid vc_custom_1661958635579 vc_row-has-fill\" data-vc-full-width=\"true\" data-vc-full-width-init=\"true\"><div class=\"wpb_column vc_column_container vc_col-sm-9\"><div class=\"vc_column-inner\"><div class=\"wpb_wrapper\"><div class=\"wpb_text_column wpb_content_element \"><div class=\"wpb_wrapper\"><div class=\"textwidget\"><p class=\"p1\"><strong>Weyou Group renforce les E de ses politiques RSE et ESG. <\/strong>Le Groupe Weyou s&#8217;engage fermement en faveur de la Responsabilit\u00e9 Sociale des Entreprises (RSE), <strong>en pla\u00e7ant l&#8217;\u00e9thique, la durabilit\u00e9 et l&#8217;inclusivit\u00e9 au c\u0153ur de ses activit\u00e9s.<\/strong> Conscient de son r\u00f4le dans la soci\u00e9t\u00e9 et de son impact sur l&#8217;environnement, Weyou Group \u0153uvre pour une croissance responsable, tout en promouvant un mod\u00e8le d&#8217;affaires \u00e9quitable et durable.<\/p><\/div><\/div><\/div><\/div><\/div><\/div><\/div>\t\t\t\t\t\t<\/div>\r\n\t\t\t\t<\/div>\r\n\t\t\t\t\t<\/div>\r\n\t\t\t\t<\/div>\r\n\t\t<div class=\"elementor-element elementor-element-31a504e e-flex e-con-boxed wpr-particle-no wpr-jarallax-no wpr-parallax-no wpr-sticky-section-no e-con e-parent\" data-id=\"31a504e\" data-element_type=\"container\">\r\n\t\t\t\t\t<div class=\"e-con-inner\">\r\n\t\t\t\t<div class=\"elementor-element elementor-element-3729c58 elementor-widget elementor-widget-spacer\" data-id=\"3729c58\" data-element_type=\"widget\" data-widget_type=\"spacer.default\">\r\n\t\t\t\t<div class=\"elementor-widget-container\">\r\n\t\t\t\t\t<div class=\"elementor-spacer\">\r\n\t\t\t<div class=\"elementor-spacer-inner\"><\/div>\r\n\t\t<\/div>\r\n\t\t\t\t<\/div>\r\n\t\t\t\t<\/div>\r\n\t\t\t\t\t<\/div>\r\n\t\t\t\t<\/div>\r\n\t\t<div class=\"elementor-element elementor-element-8bdc6b8 e-flex e-con-boxed wpr-particle-no wpr-jarallax-no wpr-parallax-no wpr-sticky-section-no e-con e-parent\" data-id=\"8bdc6b8\" data-element_type=\"container\">\r\n\t\t\t\t\t<div class=\"e-con-inner\">\r\n\t\t<div class=\"elementor-element elementor-element-133b08a e-con-full e-flex wpr-particle-no wpr-jarallax-no wpr-parallax-no wpr-sticky-section-no e-con e-child\" data-id=\"133b08a\" data-element_type=\"container\">\r\n\t\t\t\t<div class=\"elementor-element elementor-element-e2bb2e3 wpr-flip-box-animation-flip wpr-flip-box-animation-3d-yes wpr-flip-box-anim-direction-right wpr-flip-box-front-align-center wpr-flip-box-back-align-center elementor-widget elementor-widget-wpr-flip-box\" data-id=\"e2bb2e3\" data-element_type=\"widget\" data-widget_type=\"wpr-flip-box.default\">\r\n\t\t\t\t<div class=\"elementor-widget-container\">\r\n\t\t\t\t\t\t\r\n\t\t<div class=\"wpr-flip-box\" data-trigger=\"hover\">\r\n\t\t\t\r\n\t\t\t<div class=\"wpr-flip-box-item wpr-flip-box-front wpr-anim-timing-ease-default\">\r\n\r\n\t\t\t\t<div class=\"wpr-flip-box-overlay\"><\/div>\r\n\r\n\t\t\t\t<div class=\"wpr-flip-box-content\">\r\n\t\t\t\t\t\r\n\t\t\t\t\t\t\t\t\t\t<div class=\"wpr-flip-box-icon\">\r\n\t\t\t\t\t\t<i class=\"fas fa-train\"><\/i>\r\n\t\t\t\t\t<\/div>\r\n\t\t\t\t\t\t\t\t\t\t\r\n\t\t\t\t\t\t\t\t\t\t\t<h3 class=\"wpr-flip-box-title\">Paris - Cannes<\/h3>\r\n\t\t\t\t\t\r\n\t\t\t\t\t\t\t\t\t\t\t<div class=\"wpr-flip-box-description\"><p>Pour le voyage aller-retour\u00a0<br \/>3,25 kg* de CO2 par personne<\/p><p><span style=\"font-size: 10px\">Cliquer pour tourner<\/span><\/p><\/div>\t\t\t\t\t\t\r\n\t\t\t\t\t\t\r\n\r\n\t\t\t\t\t\t\r\n\r\n\t\t\t\t<\/div>\r\n\t\t\t<\/div>\r\n\r\n\t\t\t<div class=\"wpr-flip-box-item wpr-flip-box-back wpr-anim-timing-ease-default\">\r\n\r\n\t\t\t\t<div class=\"wpr-flip-box-overlay\"><\/div>\r\n\t\t\t\t\r\n\t\t\t\t<div class=\"wpr-flip-box-content\">\r\n\t\t\t\t\t\r\n\t\t\t\t\t\r\n\t\t\t\t\t\t\t\t\t\t<div class=\"wpr-flip-box-icon\">\r\n\t\t\t\t\t\t<i class=\"fas fa-plane\"><\/i>\r\n\t\t\t\t\t<\/div>\r\n\t\t\t\t\t\t\t\t\t\t\r\n\t\t\t\t\t\t\t\t\t\t\t<h3 class=\"wpr-flip-box-title\">\r\n\t\t\t\t\t\t\tParis - Nice\t\t\t\t\t\t<\/h3>\r\n\t\t\t\t\t\r\n\t\t\t\t\t\t\t\t\t\t\t<div class=\"wpr-flip-box-description\"><p>Pour le voyage aller-retour\u00a0<br \/>140 kg* de CO2 par personne<\/p><\/div>\t\t\t\t\t\t\r\n\t\t\t\t\t\t\r\n\r\n\t\t\t\t\t\r\n\t\t\t\t\t\t<div class=\"wpr-flip-box-btn-wrap\">\r\n\t\t\t\t\t\t\t<a class=\"wpr-flip-box-btn\" href=\"\" target=\"_blank\">\r\n\t\t\t\t\t\t\t\t\r\n\t\t\t\t\t\t\t\t\r\n\t\t\t\t\t\t\t<\/a>\t\t\t\t\t\t<\/div>\t\t\t\t\t\t\r\n\t\t\t\t\t\t\r\n\r\n\t\t\t\t<\/div>\r\n\t\t\t<\/div>\r\n\t\t<\/div>\r\n\r\n\t\t\t\t<\/div>\r\n\t\t\t\t<\/div>\r\n\t\t\t\t<\/div>\r\n\t\t<div class=\"elementor-element elementor-element-da234ab e-con-full e-flex wpr-particle-no wpr-jarallax-no wpr-parallax-no wpr-sticky-section-no e-con e-child\" data-id=\"da234ab\" data-element_type=\"container\">\r\n\t\t\t\t<div class=\"elementor-element elementor-element-c4cb807 elementor-widget elementor-widget-heading\" data-id=\"c4cb807\" data-element_type=\"widget\" data-widget_type=\"heading.default\">\r\n\t\t\t\t<div class=\"elementor-widget-container\">\r\n\t\t\t<h2 class=\"elementor-heading-title elementor-size-default\">R\u00e9duire l\u2019impact environnemental de l'organisation de nos salons<\/h2>\t\t<\/div>\r\n\t\t\t\t<\/div>\r\n\t\t\t\t<div class=\"elementor-element elementor-element-928a665 elementor-widget elementor-widget-text-editor\" data-id=\"928a665\" data-element_type=\"widget\" data-widget_type=\"text-editor.default\">\r\n\t\t\t\t<div class=\"elementor-widget-container\">\r\n\t\t\t\t\t\t\t<p>Weyou Group est heureux de vous annoncer, apr\u00e8s un an de travail avec les \u00e9quipes du Palais des Festivals et des Congr\u00e8s de Cannes pour repositionner et regrouper les dates de ses One to One Meetings, la mise en place d\u2019un partenariat avec la SNCF pour affr\u00e9ter des TGV pour ses Top D\u00e9cideurs \u00e0 destination de ses Meetings Cannois, et ce, afin de diminuer consid\u00e9rablement l\u2019empreinte carbone des entreprises d\u2019environ\u00a0<strong>136,75kg de CO2e par personne.<\/strong><\/p>\t\t\t\t\t\t<\/div>\r\n\t\t\t\t<\/div>\r\n\t\t\t\t<\/div>\r\n\t\t\t\t\t<\/div>\r\n\t\t\t\t<\/div>\r\n\t\t<div class=\"elementor-element elementor-element-8bce907 e-flex e-con-boxed wpr-particle-no wpr-jarallax-no wpr-parallax-no wpr-sticky-section-no e-con e-parent\" data-id=\"8bce907\" data-element_type=\"container\">\r\n\t\t\t\t\t<div class=\"e-con-inner\">\r\n\t\t\t\t<div class=\"elementor-element elementor-element-c94eb13 elementor-widget elementor-widget-spacer\" data-id=\"c94eb13\" data-element_type=\"widget\" data-widget_type=\"spacer.default\">\r\n\t\t\t\t<div class=\"elementor-widget-container\">\r\n\t\t\t\t\t<div class=\"elementor-spacer\">\r\n\t\t\t<div class=\"elementor-spacer-inner\"><\/div>\r\n\t\t<\/div>\r\n\t\t\t\t<\/div>\r\n\t\t\t\t<\/div>\r\n\t\t\t\t\t<\/div>\r\n\t\t\t\t<\/div>\r\n\t\t<div class=\"elementor-element elementor-element-cb42dea e-flex e-con-boxed wpr-particle-no wpr-jarallax-no wpr-parallax-no wpr-sticky-section-no e-con e-parent\" data-id=\"cb42dea\" data-element_type=\"container\">\r\n\t\t\t\t\t<div class=\"e-con-inner\">\r\n\t\t<div class=\"elementor-element elementor-element-1e15076 e-con-full e-flex wpr-particle-no wpr-jarallax-no wpr-parallax-no wpr-sticky-section-no e-con e-child\" data-id=\"1e15076\" data-element_type=\"container\">\r\n\t\t\t\t<div class=\"elementor-element elementor-element-a4e080c elementor-widget elementor-widget-heading\" data-id=\"a4e080c\" data-element_type=\"widget\" data-widget_type=\"heading.default\">\r\n\t\t\t\t<div class=\"elementor-widget-container\">\r\n\t\t\t<h2 class=\"elementor-heading-title elementor-size-default\">Le d\u00e9veloppement durable int\u00e9gr\u00e9 dans notre culture d'entreprise<\/h2>\t\t<\/div>\r\n\t\t\t\t<\/div>\r\n\t\t\t\t<div class=\"elementor-element elementor-element-b79b3cf elementor-widget elementor-widget-text-editor\" data-id=\"b79b3cf\" data-element_type=\"widget\" data-widget_type=\"text-editor.default\">\r\n\t\t\t\t<div class=\"elementor-widget-container\">\r\n\t\t\t\t\t\t\t<div id=\"equipe\" class=\"vc_row wpb_row vc_row-fluid vc_custom_1661958635579 vc_row-has-fill\" data-vc-full-width=\"true\" data-vc-full-width-init=\"true\"><div class=\"wpb_column vc_column_container vc_col-sm-9\"><div class=\"vc_column-inner\"><div class=\"wpb_wrapper\"><div class=\"wpb_text_column wpb_content_element \"><div class=\"wpb_wrapper\"><div class=\"textwidget\"><p><em>Par ailleurs, Weyou Group c\u2019est aussi une pratique <strong>RSE <\/strong><\/em><em><strong>et ESG <\/strong>ancienne.<\/em><\/p><\/div><\/div><\/div><\/div><\/div><\/div><\/div>\t\t\t\t\t\t<\/div>\r\n\t\t\t\t<\/div>\r\n\t\t\t\t<\/div>\r\n\t\t<div class=\"elementor-element elementor-element-7e0bf54 e-con-full e-flex wpr-particle-no wpr-jarallax-no wpr-parallax-no wpr-sticky-section-no e-con e-child\" data-id=\"7e0bf54\" data-element_type=\"container\">\r\n\t\t\t\t<div class=\"elementor-element elementor-element-384fad0 wpr-adv-slider-columns-3 wpr-adv-slider-columns--tablet1 wpr-adv-slider-columns--mobile1 wpr-adv-slides-to-scroll-1 wpr-slider-dots-horizontal wpr-slider-nav-position-custom elementor-widget elementor-widget-wpr-advanced-slider\" data-id=\"384fad0\" data-element_type=\"widget\" data-settings=\"{&quot;slides_to_scroll&quot;:1,&quot;slider_autoplay&quot;:&quot;yes&quot;,&quot;slider_autoplay_duration&quot;:4,&quot;slider_loop&quot;:&quot;yes&quot;,&quot;slider_video_btn_size&quot;:&quot;medium&quot;}\" data-widget_type=\"wpr-advanced-slider.default\">\r\n\t\t\t\t<div class=\"elementor-widget-container\">\r\n\t\t\t\r\n\t\t<!-- Advanced Slider -->\r\n\t\t<div class=\"wpr-advanced-slider-wrap\">\r\n\t\t\t\r\n\t\t\t<div class=\"wpr-advanced-slider\" dir=\"ltr\" data-slick=\"{&quot;rtl&quot;:false,&quot;infinite&quot;:true,&quot;speed&quot;:1000,&quot;arrows&quot;:true,&quot;dots&quot;:true,&quot;autoplay&quot;:true,&quot;autoplaySpeed&quot;:4000,&quot;pauseOnHover&quot;:&quot;yes&quot;,&quot;prevArrow&quot;:&quot;#wpr-slider-prev-384fad0&quot;,&quot;nextArrow&quot;:&quot;#wpr-slider-next-384fad0&quot;,&quot;vertical&quot;:false,&quot;adaptiveHeight&quot;:true}\" data-video-btn-size=\"{&quot;widescreen&quot;:&quot;medium&quot;,&quot;desktop&quot;:&quot;medium&quot;,&quot;laptop&quot;:&quot;medium&quot;,&quot;tablet_extra&quot;:&quot;medium&quot;,&quot;tablet&quot;:&quot;medium&quot;,&quot;mobile_extra&quot;:&quot;medium&quot;,&quot;mobile&quot;:&quot;medium&quot;}\" data-slide-effect=\"slide\">\r\n\t\t\t\t<div class=\"wpr-slider-item elementor-repeater-item-1053711\"><div class=\"wpr-slider-item-bg \" style=\"background-image: url()\"><\/div><div class=\"wpr-cv-container\"><div class=\"wpr-cv-outer\"><div class=\"wpr-cv-inner\"><div class=\"wpr-slider-item-overlay\"><\/div><div class=\"wpr-slider-content\"><div class=\"wpr-slider-description\"><p>Nous avons une organisation du travail, en pr\u00e9sentiel ou en t\u00e9l\u00e9travail, qui permet \u00e0 chacun de nos talents, femme ou homme, de trouver leur \u00e9quilibre en d\u00e9veloppant et exploitant pleinement leur potentiel, tout en ayant l\u2019assurance de percevoir \u00e0 fonction \u00e9gale une r\u00e9mun\u00e9ration identique et les m\u00eames perspectives de carri\u00e8re.<\/p><\/div><div class=\"wpr-slider-btns\"><\/div><\/div><\/div><\/div><\/div><\/div><div class=\"wpr-slider-item elementor-repeater-item-9c55976\"><div class=\"wpr-slider-item-bg \" style=\"background-image: url()\"><\/div><div class=\"wpr-cv-container\"><div class=\"wpr-cv-outer\"><div class=\"wpr-cv-inner\"><div class=\"wpr-slider-item-overlay\"><\/div><div class=\"wpr-slider-content\"><div class=\"wpr-slider-description\"><p>L\u2019installation de nos bureaux dans des b\u00e2timents Haute Qualit\u00e9 Environnementale repr\u00e9sente un engagement fort en faveur du d\u00e9veloppement durable et refl\u00e8te notre volont\u00e9 de r\u00e9duire notre impact environnemental tout en offrant \u00e0 nos collaborateurs un cadre de travail sain et agr\u00e9able.<\/p><\/div><div class=\"wpr-slider-btns\"><\/div><\/div><\/div><\/div><\/div><\/div><div class=\"wpr-slider-item elementor-repeater-item-6d931ee\"><div class=\"wpr-slider-item-bg \" style=\"background-image: url()\"><\/div><div class=\"wpr-cv-container\"><div class=\"wpr-cv-outer\"><div class=\"wpr-cv-inner\"><div class=\"wpr-slider-item-overlay\"><\/div><div class=\"wpr-slider-content\"><div class=\"wpr-slider-description\"><p>Notre actionnariat est constitu\u00e9 de partenaires financiers de long terme et engag\u00e9s (EMZ Partners), adh\u00e9rant aux Principes de l\u2019Investissement Responsable (PRI). L'adoption de ce principe par Weyou Group marque une \u00e9tape significative envers la durabilit\u00e9 et la responsabilit\u00e9 soci\u00e9tale.<\/p><\/div><div class=\"wpr-slider-btns\"><\/div><\/div><\/div><\/div><\/div><\/div>\t\t\t<\/div>\r\n\t\t\t<div class=\"wpr-slider-controls\">\r\n\t\t\t\t<div class=\"wpr-slider-dots\"><\/div>\r\n\t\t\t<\/div>\r\n\r\n\t\t\t<div class=\"wpr-slider-arrow-container\">\r\n\t\t\t\t<div class=\"wpr-slider-prev-arrow wpr-slider-arrow\" id=\"wpr-slider-prev-384fad0\">\r\n\t\t\t\t\t\t\t\t\t<\/div>\r\n\t\t\t\t<div class=\"wpr-slider-next-arrow wpr-slider-arrow\" id=\"wpr-slider-next-384fad0\">\r\n\t\t\t\t\t\t\t\t\t<\/div>\r\n\t\t\t<\/div>\r\n\t\t\t\r\n\t\t\t<a class=\"wpr-slider-scroll-btn\" ><\/a>\r\n\t\t<\/div>\r\n\t\t\t\t<\/div>\r\n\t\t\t\t<\/div>\r\n\t\t\t\t<\/div>\r\n\t\t\t\t\t<\/div>\r\n\t\t\t\t<\/div>\r\n\t\t<div class=\"elementor-element elementor-element-5676d15 e-flex e-con-boxed wpr-particle-no wpr-jarallax-no wpr-parallax-no wpr-sticky-section-no e-con e-parent\" data-id=\"5676d15\" data-element_type=\"container\">\r\n\t\t\t\t\t<div class=\"e-con-inner\">\r\n\t\t\t\t<div class=\"elementor-element elementor-element-c9dd8bb elementor-widget elementor-widget-spacer\" data-id=\"c9dd8bb\" data-element_type=\"widget\" data-widget_type=\"spacer.default\">\r\n\t\t\t\t<div class=\"elementor-widget-container\">\r\n\t\t\t\t\t<div class=\"elementor-spacer\">\r\n\t\t\t<div class=\"elementor-spacer-inner\"><\/div>\r\n\t\t<\/div>\r\n\t\t\t\t<\/div>\r\n\t\t\t\t<\/div>\r\n\t\t\t\t\t<\/div>\r\n\t\t\t\t<\/div>\r\n\t\t<div class=\"elementor-element elementor-element-ab5ddfa e-flex e-con-boxed wpr-particle-no wpr-jarallax-no wpr-parallax-no wpr-sticky-section-no e-con e-parent\" data-id=\"ab5ddfa\" data-element_type=\"container\">\r\n\t\t\t\t\t<div class=\"e-con-inner\">\r\n\t\t\t\t<div class=\"elementor-element elementor-element-839c013 elementor-widget elementor-widget-text-editor\" data-id=\"839c013\" data-element_type=\"widget\" data-widget_type=\"text-editor.default\">\r\n\t\t\t\t<div class=\"elementor-widget-container\">\r\n\t\t\t\t\t\t\t<div id=\"equipe\" class=\"vc_row wpb_row vc_row-fluid vc_custom_1661958635579 vc_row-has-fill\" data-vc-full-width=\"true\" data-vc-full-width-init=\"true\"><div class=\"wpb_column vc_column_container vc_col-sm-9\"><div class=\"vc_column-inner\"><div class=\"wpb_wrapper\"><div class=\"wpb_text_column wpb_content_element \"><div class=\"wpb_wrapper\"><div class=\"textwidget\"><p class=\"p1\"><strong>Notre strat\u00e9gie RSE repose sur trois piliers fondamentaux :<\/strong> l&#8217;environnement, le social et la gouvernance. <br \/>Sur le plan environnemental, nous nous engageons \u00e0 r\u00e9duire notre empreinte carbone, \u00e0 optimiser la gestion des d\u00e9chets et \u00e0 favoriser l&#8217;\u00e9conomie circulaire dans toutes nos op\u00e9rations. Nous collaborons \u00e9troitement avec nos partenaires et fournisseurs pour encourager les pratiques \u00e9co-responsables et soutenir les initiatives vertes.<\/p><p class=\"p1\">Au niveau social, le Groupe Weyou place l&#8217;humain au centre de ses pr\u00e9occupations, en veillant au bien-\u00eatre de ses employ\u00e9s, <strong>en favorisant la diversit\u00e9 et l&#8217;inclusion.<\/strong> En termes de gouvernance, nous pr\u00f4nons la transparence, l&#8217;\u00e9thique et l&#8217;int\u00e9grit\u00e9 dans toutes nos d\u00e9cisions et interactions. Nous mettons en place des proc\u00e9dures strictes pour garantir la conformit\u00e9 et promouvoir une culture d&#8217;entreprise responsable.<\/p><p class=\"p1\">Chez Weyou Group, nous sommes convaincus que notre engagement RSE contribue \u00e0 construire un avenir plus durable pour tous, tout en offrant une valeur ajout\u00e9e \u00e0 nos clients, partenaires et \u00e0 la soci\u00e9t\u00e9 dans son ensemble. <strong>Nous nous engageons \u00e0 poursuivre nos efforts et \u00e0 innover constamment pour renforcer notre impact positif.<\/strong><\/p><\/div><\/div><\/div><\/div><\/div><\/div><\/div>\t\t\t\t\t\t<\/div>\r\n\t\t\t\t<\/div>\r\n\t\t\t\t\t<\/div>\r\n\t\t\t\t<\/div>\r\n\t\t\t\t<\/div>\r\n\t\t","protected":false},"excerpt":{"rendered":"<p>Weyou Group renforce les E de ses politiques RSE et ESG. Le Groupe Weyou s&#8217;engage fermement en faveur de la Responsabilit\u00e9 Sociale des Entreprises (RSE), en pla\u00e7ant l&#8217;\u00e9thique, la durabilit\u00e9 et l&#8217;inclusivit\u00e9 au c\u0153ur de ses activit\u00e9s. Conscient de son r\u00f4le dans la soci\u00e9t\u00e9 et de son impact sur l&#8217;environnement, Weyou Group \u0153uvre pour une croissance responsable, tout en promouvant un mod\u00e8le d&#8217;affaires \u00e9quitable et durable. Paris &#8211; Cannes Pour le voyage aller-retour\u00a03,25 kg* de CO2 par personne Cliquer pour tourner Paris &#8211; Nice Pour le voyage aller-retour\u00a0140 kg* de CO2 par personne R\u00e9duire l\u2019impact environnemental de l&#8217;organisation de nos salons Weyou Group est heureux de vous annoncer, apr\u00e8s un an de travail avec les \u00e9quipes du Palais des Festivals et des Congr\u00e8s de Cannes pour repositionner et regrouper les dates de ses One to One Meetings, la mise en place d\u2019un partenariat avec la SNCF pour affr\u00e9ter des TGV pour ses Top D\u00e9cideurs \u00e0 destination de ses Meetings Cannois, et ce, afin de diminuer consid\u00e9rablement l\u2019empreinte carbone des entreprises d\u2019environ\u00a0136,75kg de CO2e par personne. Le d\u00e9veloppement durable int\u00e9gr\u00e9 dans notre culture d&#8217;entreprise Par ailleurs, Weyou Group c\u2019est aussi une pratique RSE et ESG ancienne. Nous avons une organisation du travail, en pr\u00e9sentiel ou en t\u00e9l\u00e9travail, qui permet \u00e0 chacun de nos talents, femme ou homme, de trouver leur \u00e9quilibre en d\u00e9veloppant et exploitant pleinement leur potentiel, tout en ayant l\u2019assurance de percevoir \u00e0 fonction \u00e9gale une r\u00e9mun\u00e9ration identique et les m\u00eames perspectives de carri\u00e8re. L\u2019installation de nos bureaux dans des b\u00e2timents Haute Qualit\u00e9 Environnementale repr\u00e9sente un engagement fort en faveur du d\u00e9veloppement durable et refl\u00e8te notre volont\u00e9 de r\u00e9duire notre impact environnemental tout en offrant \u00e0 nos collaborateurs un cadre de travail sain et agr\u00e9able. Notre actionnariat est constitu\u00e9 de partenaires financiers de long terme et engag\u00e9s (EMZ Partners), adh\u00e9rant aux Principes de l\u2019Investissement Responsable (PRI). L&#8217;adoption de ce principe par Weyou Group marque une \u00e9tape significative envers la durabilit\u00e9 et la responsabilit\u00e9 soci\u00e9tale. Notre strat\u00e9gie RSE repose sur trois piliers fondamentaux : l&#8217;environnement, le social et la gouvernance. Sur le plan environnemental, nous nous engageons \u00e0 r\u00e9duire notre empreinte carbone, \u00e0 optimiser la gestion des d\u00e9chets et \u00e0 favoriser l&#8217;\u00e9conomie circulaire dans toutes nos op\u00e9rations. Nous collaborons \u00e9troitement avec nos partenaires et fournisseurs pour encourager les pratiques \u00e9co-responsables et soutenir les initiatives vertes. Au niveau social, le Groupe Weyou place l&#8217;humain au centre de ses pr\u00e9occupations, en veillant au bien-\u00eatre de ses employ\u00e9s, en favorisant la diversit\u00e9 et l&#8217;inclusion. En termes de gouvernance, nous pr\u00f4nons la transparence, l&#8217;\u00e9thique et l&#8217;int\u00e9grit\u00e9 dans toutes nos d\u00e9cisions et interactions. Nous mettons en place des proc\u00e9dures strictes pour garantir la conformit\u00e9 et promouvoir une culture d&#8217;entreprise responsable. Chez Weyou Group, nous sommes convaincus que notre engagement RSE contribue \u00e0 construire un avenir plus durable pour tous, tout en offrant une valeur ajout\u00e9e \u00e0 nos clients, partenaires et \u00e0 la soci\u00e9t\u00e9 dans son ensemble. Nous nous engageons \u00e0 poursuivre nos efforts et \u00e0 innover constamment pour renforcer notre impact positif.<\/p>\n","protected":false},"author":23,"featured_media":0,"parent":17769,"menu_order":0,"comment_status":"closed","ping_status":"closed","template":"","meta":{"_seopress_robots_primary_cat":"","_seopress_titles_title":"","_seopress_titles_desc":"","_seopress_robots_index":"","footnotes":""},"class_list":["post-17781","page","type-page","status-publish"],"blocksy_meta":[],"rttpg_featured_image_url":null,"rttpg_author":{"display_name":"Joan Missegue","author_link":"https:\/\/www.weyou-group.com\/en\/author\/jmissegue\/"},"rttpg_comment":0,"rttpg_category":false,"rttpg_excerpt":"Weyou Group renforce les E de ses politiques RSE et ESG. Le Groupe Weyou s&#8217;engage fermement en faveur de la Responsabilit\u00e9 Sociale des Entreprises (RSE), en pla\u00e7ant l&#8217;\u00e9thique, la durabilit\u00e9 et l&#8217;inclusivit\u00e9 au c\u0153ur de ses activit\u00e9s. Conscient de son r\u00f4le dans la soci\u00e9t\u00e9 et de son impact sur l&#8217;environnement, Weyou Group \u0153uvre pour une&hellip;","_links":{"self":[{"href":"https:\/\/www.weyou-group.com\/en\/wp-json\/wp\/v2\/pages\/17781","targetHints":{"allow":["GET"]}}],"collection":[{"href":"https:\/\/www.weyou-group.com\/en\/wp-json\/wp\/v2\/pages"}],"about":[{"href":"https:\/\/www.weyou-group.com\/en\/wp-json\/wp\/v2\/types\/page"}],"author":[{"embeddable":true,"href":"https:\/\/www.weyou-group.com\/en\/wp-json\/wp\/v2\/users\/23"}],"replies":[{"embeddable":true,"href":"https:\/\/www.weyou-group.com\/en\/wp-json\/wp\/v2\/comments?post=17781"}],"version-history":[{"count":10,"href":"https:\/\/www.weyou-group.com\/en\/wp-json\/wp\/v2\/pages\/17781\/revisions"}],"predecessor-version":[{"id":20296,"href":"https:\/\/www.weyou-group.com\/en\/wp-json\/wp\/v2\/pages\/17781\/revisions\/20296"}],"up":[{"embeddable":true,"href":"https:\/\/www.weyou-group.com\/en\/wp-json\/wp\/v2\/pages\/17769"}],"wp:attachment":[{"href":"https:\/\/www.weyou-group.com\/en\/wp-json\/wp\/v2\/media?parent=17781"}],"curies":[{"name":"wp","href":"https:\/\/api.w.org\/{rel}","templated":true}]}}