{"id":17782,"date":"2024-03-12T16:41:45","date_gmt":"2024-03-12T15:41:45","guid":{"rendered":"https:\/\/www.weyou-group.com\/le-groupe\/nos-engagements-rse-esg"},"modified":"2025-02-12T16:15:09","modified_gmt":"2025-02-12T15:15:09","slug":"nuestros-compromisos-rse-esg","status":"publish","type":"page","link":"https:\/\/www.weyou-group.com\/es\/el-grupo\/nuestros-compromisos-rse-esg\/","title":{"rendered":"Nuestros compromisos RSA\/ESG"},"content":{"rendered":"\t\t<div data-elementor-type=\"wp-page\" data-elementor-id=\"17782\" class=\"elementor elementor-17782 elementor-6383\">\r\n\t\t\t\t<div class=\"elementor-element elementor-element-545886c e-flex e-con-boxed wpr-particle-no wpr-jarallax-no wpr-parallax-no wpr-sticky-section-no e-con e-parent\" data-id=\"545886c\" data-element_type=\"container\">\r\n\t\t\t\t\t<div class=\"e-con-inner\">\r\n\t\t\t\t<div class=\"elementor-element elementor-element-47a6a8a elementor-widget elementor-widget-text-editor\" data-id=\"47a6a8a\" data-element_type=\"widget\" data-widget_type=\"text-editor.default\">\r\n\t\t\t\t<div class=\"elementor-widget-container\">\r\n\t\t\t\t\t\t\t<p><strong>Weyou Group pone sus pol\u00edticas de RSA y ESG en el centro de sus decisiones<\/strong>. El Grupo Weyou est\u00e1 firmemente comprometido con la Responsabilidad Social Ambiental (RSA), <strong>situando la \u00e9tica, la sostenibilidad y la inclusi\u00f3n en el centro de sus actividades.<\/strong> Consciente de su papel en la sociedad y de su impacto en el medio ambiente, Weyou Group trabaja por un crecimiento responsable, promoviendo al mismo tiempo un modelo de negocio justo y sostenible.<\/p>\t\t\t\t\t\t<\/div>\r\n\t\t\t\t<\/div>\r\n\t\t\t\t\t<\/div>\r\n\t\t\t\t<\/div>\r\n\t\t<div class=\"elementor-element elementor-element-31a504e e-flex e-con-boxed wpr-particle-no wpr-jarallax-no wpr-parallax-no wpr-sticky-section-no e-con e-parent\" data-id=\"31a504e\" data-element_type=\"container\">\r\n\t\t\t\t\t<div class=\"e-con-inner\">\r\n\t\t\t\t<div class=\"elementor-element elementor-element-3729c58 elementor-widget elementor-widget-spacer\" data-id=\"3729c58\" data-element_type=\"widget\" data-widget_type=\"spacer.default\">\r\n\t\t\t\t<div class=\"elementor-widget-container\">\r\n\t\t\t\t\t<div class=\"elementor-spacer\">\r\n\t\t\t<div class=\"elementor-spacer-inner\"><\/div>\r\n\t\t<\/div>\r\n\t\t\t\t<\/div>\r\n\t\t\t\t<\/div>\r\n\t\t\t\t\t<\/div>\r\n\t\t\t\t<\/div>\r\n\t\t<div class=\"elementor-element elementor-element-8bdc6b8 e-flex e-con-boxed wpr-particle-no wpr-jarallax-no wpr-parallax-no wpr-sticky-section-no e-con e-parent\" data-id=\"8bdc6b8\" data-element_type=\"container\">\r\n\t\t\t\t\t<div class=\"e-con-inner\">\r\n\t\t<div class=\"elementor-element elementor-element-133b08a e-con-full e-flex wpr-particle-no wpr-jarallax-no wpr-parallax-no wpr-sticky-section-no e-con e-child\" data-id=\"133b08a\" data-element_type=\"container\">\r\n\t\t\t\t<div class=\"elementor-element elementor-element-e2bb2e3 wpr-flip-box-animation-flip wpr-flip-box-animation-3d-yes wpr-flip-box-anim-direction-right wpr-flip-box-front-align-center wpr-flip-box-back-align-center elementor-widget elementor-widget-wpr-flip-box\" data-id=\"e2bb2e3\" data-element_type=\"widget\" data-widget_type=\"wpr-flip-box.default\">\r\n\t\t\t\t<div class=\"elementor-widget-container\">\r\n\t\t\t\t\t\t\r\n\t\t<div class=\"wpr-flip-box\" data-trigger=\"hover\">\r\n\t\t\t\r\n\t\t\t<div class=\"wpr-flip-box-item wpr-flip-box-front wpr-anim-timing-ease-default\">\r\n\r\n\t\t\t\t<div class=\"wpr-flip-box-overlay\"><\/div>\r\n\r\n\t\t\t\t<div class=\"wpr-flip-box-content\">\r\n\t\t\t\t\t\r\n\t\t\t\t\t\t\t\t\t\t<div class=\"wpr-flip-box-icon\">\r\n\t\t\t\t\t\t<i class=\"fas fa-train\"><\/i>\r\n\t\t\t\t\t<\/div>\r\n\t\t\t\t\t\t\t\t\t\t\r\n\t\t\t\t\t\t\t\t\t\t\t<h3 class=\"wpr-flip-box-title\">Par\u00eds - Cannes<\/h3>\r\n\t\t\t\t\t\r\n\t\t\t\t\t\t\t\t\t\t\t<div class=\"wpr-flip-box-description\"><p>Para el viaje de ida y vuelta <br \/>\u00a03,25 kg* de CO2 por persona<\/p><p><span style=\"font-size: 10px\">Haga clic para girar<\/span><\/p><\/div>\t\t\t\t\t\t\r\n\t\t\t\t\t\t\r\n\r\n\t\t\t\t\t\t\r\n\r\n\t\t\t\t<\/div>\r\n\t\t\t<\/div>\r\n\r\n\t\t\t<div class=\"wpr-flip-box-item wpr-flip-box-back wpr-anim-timing-ease-default\">\r\n\r\n\t\t\t\t<div class=\"wpr-flip-box-overlay\"><\/div>\r\n\t\t\t\t\r\n\t\t\t\t<div class=\"wpr-flip-box-content\">\r\n\t\t\t\t\t\r\n\t\t\t\t\t\r\n\t\t\t\t\t\t\t\t\t\t<div class=\"wpr-flip-box-icon\">\r\n\t\t\t\t\t\t<i class=\"fas fa-plane\"><\/i>\r\n\t\t\t\t\t<\/div>\r\n\t\t\t\t\t\t\t\t\t\t\r\n\t\t\t\t\t\t\t\t\t\t\t<h3 class=\"wpr-flip-box-title\">\r\n\t\t\t\t\t\t\tPar\u00eds - Niza\t\t\t\t\t\t<\/h3>\r\n\t\t\t\t\t\r\n\t\t\t\t\t\t\t\t\t\t\t<div class=\"wpr-flip-box-description\"><p>Para el viaje de ida y vuelta <br \/>\u00a0140 kg* de CO2 por persona<\/p><\/div>\t\t\t\t\t\t\r\n\t\t\t\t\t\t\r\n\r\n\t\t\t\t\t\r\n\t\t\t\t\t\t<div class=\"wpr-flip-box-btn-wrap\">\r\n\t\t\t\t\t\t\t<a class=\"wpr-flip-box-btn\" href=\"\" target=\"_blank\">\r\n\t\t\t\t\t\t\t\t\r\n\t\t\t\t\t\t\t\t\r\n\t\t\t\t\t\t\t<\/a>\t\t\t\t\t\t<\/div>\t\t\t\t\t\t\r\n\t\t\t\t\t\t\r\n\r\n\t\t\t\t<\/div>\r\n\t\t\t<\/div>\r\n\t\t<\/div>\r\n\r\n\t\t\t\t<\/div>\r\n\t\t\t\t<\/div>\r\n\t\t\t\t<\/div>\r\n\t\t<div class=\"elementor-element elementor-element-da234ab e-con-full e-flex wpr-particle-no wpr-jarallax-no wpr-parallax-no wpr-sticky-section-no e-con e-child\" data-id=\"da234ab\" data-element_type=\"container\">\r\n\t\t\t\t<div class=\"elementor-element elementor-element-c4cb807 elementor-widget elementor-widget-heading\" data-id=\"c4cb807\" data-element_type=\"widget\" data-widget_type=\"heading.default\">\r\n\t\t\t\t<div class=\"elementor-widget-container\">\r\n\t\t\t<h2 class=\"elementor-heading-title elementor-size-default\">Reducir el impacto medioambiental de la organizaci\u00f3n de nuestras ferias<\/h2>\t\t<\/div>\r\n\t\t\t\t<\/div>\r\n\t\t\t\t<div class=\"elementor-element elementor-element-928a665 elementor-widget elementor-widget-text-editor\" data-id=\"928a665\" data-element_type=\"widget\" data-widget_type=\"text-editor.default\">\r\n\t\t\t\t<div class=\"elementor-widget-container\">\r\n\t\t\t\t\t\t\t<p>Weyou Group se complace en anunciar, despu\u00e9s de un a\u00f1o de trabajo con los equipos del Palais des Festivals et des Congr\u00e8s de Cannes para reposicionar y agrupar las fechas de sus One to One Meetings, el establecimiento de una asociaci\u00f3n con la SNCF para alquilar TGV para su Top Decision Makers a sus Encuentros de Cannes, con el fin de reducir considerablemente la huella de carbono de las empresas en aproximadamente <strong>136,75kg de CO2e por persona<\/strong>.<\/p>\t\t\t\t\t\t<\/div>\r\n\t\t\t\t<\/div>\r\n\t\t\t\t<\/div>\r\n\t\t\t\t\t<\/div>\r\n\t\t\t\t<\/div>\r\n\t\t<div class=\"elementor-element elementor-element-8bce907 e-flex e-con-boxed wpr-particle-no wpr-jarallax-no wpr-parallax-no wpr-sticky-section-no e-con e-parent\" data-id=\"8bce907\" data-element_type=\"container\">\r\n\t\t\t\t\t<div class=\"e-con-inner\">\r\n\t\t\t\t<div class=\"elementor-element elementor-element-c94eb13 elementor-widget elementor-widget-spacer\" data-id=\"c94eb13\" data-element_type=\"widget\" data-widget_type=\"spacer.default\">\r\n\t\t\t\t<div class=\"elementor-widget-container\">\r\n\t\t\t\t\t<div class=\"elementor-spacer\">\r\n\t\t\t<div class=\"elementor-spacer-inner\"><\/div>\r\n\t\t<\/div>\r\n\t\t\t\t<\/div>\r\n\t\t\t\t<\/div>\r\n\t\t\t\t\t<\/div>\r\n\t\t\t\t<\/div>\r\n\t\t<div class=\"elementor-element elementor-element-cb42dea e-flex e-con-boxed wpr-particle-no wpr-jarallax-no wpr-parallax-no wpr-sticky-section-no e-con e-parent\" data-id=\"cb42dea\" data-element_type=\"container\">\r\n\t\t\t\t\t<div class=\"e-con-inner\">\r\n\t\t<div class=\"elementor-element elementor-element-1e15076 e-con-full e-flex wpr-particle-no wpr-jarallax-no wpr-parallax-no wpr-sticky-section-no e-con e-child\" data-id=\"1e15076\" data-element_type=\"container\">\r\n\t\t\t\t<div class=\"elementor-element elementor-element-a4e080c elementor-widget elementor-widget-heading\" data-id=\"a4e080c\" data-element_type=\"widget\" data-widget_type=\"heading.default\">\r\n\t\t\t\t<div class=\"elementor-widget-container\">\r\n\t\t\t<h2 class=\"elementor-heading-title elementor-size-default\">Desarrollo sostenible integrado en nuestra cultura corporativa<\/h2>\t\t<\/div>\r\n\t\t\t\t<\/div>\r\n\t\t\t\t<div class=\"elementor-element elementor-element-b79b3cf elementor-widget elementor-widget-text-editor\" data-id=\"b79b3cf\" data-element_type=\"widget\" data-widget_type=\"text-editor.default\">\r\n\t\t\t\t<div class=\"elementor-widget-container\">\r\n\t\t\t\t\t\t\t<p><em>Adem\u00e1s, Weyou Group pr\u00e1ctica <strong>materia de RSC y ESG<\/strong>.<\/em><\/p>\t\t\t\t\t\t<\/div>\r\n\t\t\t\t<\/div>\r\n\t\t\t\t<\/div>\r\n\t\t<div class=\"elementor-element elementor-element-7e0bf54 e-con-full e-flex wpr-particle-no wpr-jarallax-no wpr-parallax-no wpr-sticky-section-no e-con e-child\" data-id=\"7e0bf54\" data-element_type=\"container\">\r\n\t\t\t\t<div class=\"elementor-element elementor-element-384fad0 wpr-adv-slider-columns-3 wpr-adv-slider-columns--tablet1 wpr-adv-slider-columns--mobile1 wpr-adv-slides-to-scroll-1 wpr-slider-dots-horizontal wpr-slider-nav-position-custom elementor-widget elementor-widget-wpr-advanced-slider\" data-id=\"384fad0\" data-element_type=\"widget\" data-settings=\"{&quot;slides_to_scroll&quot;:1,&quot;slider_autoplay&quot;:&quot;yes&quot;,&quot;slider_autoplay_duration&quot;:4,&quot;slider_loop&quot;:&quot;yes&quot;,&quot;slider_video_btn_size&quot;:&quot;medium&quot;}\" data-widget_type=\"wpr-advanced-slider.default\">\r\n\t\t\t\t<div class=\"elementor-widget-container\">\r\n\t\t\t\r\n\t\t<!-- Advanced Slider -->\r\n\t\t<div class=\"wpr-advanced-slider-wrap\">\r\n\t\t\t\r\n\t\t\t<div class=\"wpr-advanced-slider\" dir=\"ltr\" data-slick=\"{&quot;rtl&quot;:false,&quot;infinite&quot;:true,&quot;speed&quot;:1000,&quot;arrows&quot;:true,&quot;dots&quot;:true,&quot;autoplay&quot;:true,&quot;autoplaySpeed&quot;:4000,&quot;pauseOnHover&quot;:&quot;yes&quot;,&quot;prevArrow&quot;:&quot;#wpr-slider-prev-384fad0&quot;,&quot;nextArrow&quot;:&quot;#wpr-slider-next-384fad0&quot;,&quot;vertical&quot;:false,&quot;adaptiveHeight&quot;:true}\" data-video-btn-size=\"{&quot;widescreen&quot;:&quot;medium&quot;,&quot;desktop&quot;:&quot;medium&quot;,&quot;laptop&quot;:&quot;medium&quot;,&quot;tablet_extra&quot;:&quot;medium&quot;,&quot;tablet&quot;:&quot;medium&quot;,&quot;mobile_extra&quot;:&quot;medium&quot;,&quot;mobile&quot;:&quot;medium&quot;}\" data-slide-effect=\"slide\">\r\n\t\t\t\t<div class=\"wpr-slider-item elementor-repeater-item-1053711\"><div class=\"wpr-slider-item-bg \" style=\"background-image: url()\"><\/div><div class=\"wpr-cv-container\"><div class=\"wpr-cv-outer\"><div class=\"wpr-cv-inner\"><div class=\"wpr-slider-item-overlay\"><\/div><div class=\"wpr-slider-content\"><div class=\"wpr-slider-description\"><p>Contamos con una organizaci\u00f3n del trabajo, presencial o teletrabajo, que permite a cada una de nuestras mujeres y hombres con talento encontrar su equilibrio desarrollando y aprovechando al m\u00e1ximo su potencial, con la seguridad de recibir la misma remuneraci\u00f3n y las mismas perspectivas de carrera para el mismo puesto.<\/p><\/div><div class=\"wpr-slider-btns\"><\/div><\/div><\/div><\/div><\/div><\/div><div class=\"wpr-slider-item elementor-repeater-item-9c55976\"><div class=\"wpr-slider-item-bg \" style=\"background-image: url()\"><\/div><div class=\"wpr-cv-container\"><div class=\"wpr-cv-outer\"><div class=\"wpr-cv-inner\"><div class=\"wpr-slider-item-overlay\"><\/div><div class=\"wpr-slider-content\"><div class=\"wpr-slider-description\"><p>Ubicar nuestras oficinas en edificios de Alta Calidad Medioambiental representa un firme compromiso con el desarrollo sostenible y refleja nuestro deseo de reducir nuestro impacto medioambiental al tiempo que ofrecemos a nuestros empleados un entorno de trabajo saludable y agradable.<\/p><\/div><div class=\"wpr-slider-btns\"><\/div><\/div><\/div><\/div><\/div><\/div><div class=\"wpr-slider-item elementor-repeater-item-6d931ee\"><div class=\"wpr-slider-item-bg \" style=\"background-image: url()\"><\/div><div class=\"wpr-cv-container\"><div class=\"wpr-cv-outer\"><div class=\"wpr-cv-inner\"><div class=\"wpr-slider-item-overlay\"><\/div><div class=\"wpr-slider-content\"><div class=\"wpr-slider-description\"><p>Nuestra base accionarial est\u00e1 formada por socios financieros comprometidos a largo plazo (Socios EMZ) que se adhieren a los Principios de Inversi\u00f3n Responsable (PRI). La adopci\u00f3n de este principio por el Grupo Weyou supone un paso importante hacia la sostenibilidad y la responsabilidad social.<\/p><\/div><div class=\"wpr-slider-btns\"><\/div><\/div><\/div><\/div><\/div><\/div>\t\t\t<\/div>\r\n\t\t\t<div class=\"wpr-slider-controls\">\r\n\t\t\t\t<div class=\"wpr-slider-dots\"><\/div>\r\n\t\t\t<\/div>\r\n\r\n\t\t\t<div class=\"wpr-slider-arrow-container\">\r\n\t\t\t\t<div class=\"wpr-slider-prev-arrow wpr-slider-arrow\" id=\"wpr-slider-prev-384fad0\">\r\n\t\t\t\t\t\t\t\t\t<\/div>\r\n\t\t\t\t<div class=\"wpr-slider-next-arrow wpr-slider-arrow\" id=\"wpr-slider-next-384fad0\">\r\n\t\t\t\t\t\t\t\t\t<\/div>\r\n\t\t\t<\/div>\r\n\t\t\t\r\n\t\t\t<a class=\"wpr-slider-scroll-btn\" ><\/a>\r\n\t\t<\/div>\r\n\t\t\t\t<\/div>\r\n\t\t\t\t<\/div>\r\n\t\t\t\t<\/div>\r\n\t\t\t\t\t<\/div>\r\n\t\t\t\t<\/div>\r\n\t\t<div class=\"elementor-element elementor-element-5676d15 e-flex e-con-boxed wpr-particle-no wpr-jarallax-no wpr-parallax-no wpr-sticky-section-no e-con e-parent\" data-id=\"5676d15\" data-element_type=\"container\">\r\n\t\t\t\t\t<div class=\"e-con-inner\">\r\n\t\t\t\t<div class=\"elementor-element elementor-element-c9dd8bb elementor-widget elementor-widget-spacer\" data-id=\"c9dd8bb\" data-element_type=\"widget\" data-widget_type=\"spacer.default\">\r\n\t\t\t\t<div class=\"elementor-widget-container\">\r\n\t\t\t\t\t<div class=\"elementor-spacer\">\r\n\t\t\t<div class=\"elementor-spacer-inner\"><\/div>\r\n\t\t<\/div>\r\n\t\t\t\t<\/div>\r\n\t\t\t\t<\/div>\r\n\t\t\t\t\t<\/div>\r\n\t\t\t\t<\/div>\r\n\t\t<div class=\"elementor-element elementor-element-ab5ddfa e-flex e-con-boxed wpr-particle-no wpr-jarallax-no wpr-parallax-no wpr-sticky-section-no e-con e-parent\" data-id=\"ab5ddfa\" data-element_type=\"container\">\r\n\t\t\t\t\t<div class=\"e-con-inner\">\r\n\t\t\t\t<div class=\"elementor-element elementor-element-839c013 elementor-widget elementor-widget-text-editor\" data-id=\"839c013\" data-element_type=\"widget\" data-widget_type=\"text-editor.default\">\r\n\t\t\t\t<div class=\"elementor-widget-container\">\r\n\t\t\t\t\t\t\t<div id=\"equipe\" class=\"vc_row wpb_row vc_row-fluid vc_custom_1661958635579 vc_row-has-fill\" data-vc-full-width=\"true\" data-vc-full-width-init=\"true\"><div class=\"wpb_column vc_column_container vc_col-sm-9\"><div class=\"vc_column-inner\"><div class=\"wpb_wrapper\"><div class=\"wpb_text_column wpb_content_element \"><p><strong>Nuestra estrategia de RSC se basa en tres pilares fundamentales:<\/strong> ambiental, social y de gobernanza.<br \/>En el \u00e1mbito ambiental, estamos comprometidos con la reducci\u00f3n de nuestra huella de carbono, optimizando la gesti\u00f3n de residuos y promoviendo la econom\u00eda circular en todas nuestras operaciones. Trabajamos en estrecha colaboraci\u00f3n con nuestros socios y proveedores para fomentar pr\u00e1cticas ecorresponsables y apoyar iniciativas ecol\u00f3gicas.<\/p><p>A nivel social, el Grupo Weyou sit\u00faa a las personas en el centro de sus preocupaciones, garantizando el bienestar de sus empleados y <strong>promoviendo la diversidad y la inclusi\u00f3n<\/strong>. En t\u00e9rminos de gobernanza, defendemos la transparencia, la \u00e9tica y la integridad en todas nuestras decisiones e interacciones. Contamos con procedimientos estrictos para garantizar el cumplimiento y promover una cultura corporativa responsable.<\/p><p>En Weyou Group , estamos convencidos de que nuestro compromiso con la RSC contribuye a construir un futuro m\u00e1s sostenible para todos, aportando valor a\u00f1adido a nuestros clientes, socios y a la sociedad en su conjunto. <strong>Estamos comprometidos a continuar nuestros esfuerzos e innovar constantemente para fortalecer nuestro impacto positivo.<\/strong><\/p><\/div><\/div><\/div><\/div><\/div>\t\t\t\t\t\t<\/div>\r\n\t\t\t\t<\/div>\r\n\t\t\t\t\t<\/div>\r\n\t\t\t\t<\/div>\r\n\t\t\t\t<\/div>\r\n\t\t","protected":false},"excerpt":{"rendered":"<p>Weyou Group pone sus pol\u00edticas de RSA y ESG en el centro de sus decisiones. El Grupo Weyou est\u00e1 firmemente comprometido con la Responsabilidad Social Ambiental (RSA), situando la \u00e9tica, la sostenibilidad y la inclusi\u00f3n en el centro de sus actividades. Consciente de su papel en la sociedad y de su impacto en el medio ambiente, Weyou Group trabaja por un crecimiento responsable, promoviendo al mismo tiempo un modelo de negocio justo y sostenible. Par\u00eds &#8211; Cannes Para el viaje de ida y vuelta \u00a03,25 kg* de CO2 por persona Haga clic para girar Par\u00eds &#8211; Niza Para el viaje de ida y vuelta \u00a0140 kg* de CO2 por persona Reducir el impacto medioambiental de la organizaci\u00f3n de nuestras ferias Weyou Group se complace en anunciar, despu\u00e9s de un a\u00f1o de trabajo con los equipos del Palais des Festivals et des Congr\u00e8s de Cannes para reposicionar y agrupar las fechas de sus One to One Meetings, el establecimiento de una asociaci\u00f3n con la SNCF para alquilar TGV para su Top Decision Makers a sus Encuentros de Cannes, con el fin de reducir considerablemente la huella de carbono de las empresas en aproximadamente 136,75kg de CO2e por persona. Desarrollo sostenible integrado en nuestra cultura corporativa Adem\u00e1s, Weyou Group pr\u00e1ctica materia de RSC y ESG. Contamos con una organizaci\u00f3n del trabajo, presencial o teletrabajo, que permite a cada una de nuestras mujeres y hombres con talento encontrar su equilibrio desarrollando y aprovechando al m\u00e1ximo su potencial, con la seguridad de recibir la misma remuneraci\u00f3n y las mismas perspectivas de carrera para el mismo puesto. Ubicar nuestras oficinas en edificios de Alta Calidad Medioambiental representa un firme compromiso con el desarrollo sostenible y refleja nuestro deseo de reducir nuestro impacto medioambiental al tiempo que ofrecemos a nuestros empleados un entorno de trabajo saludable y agradable. Nuestra base accionarial est\u00e1 formada por socios financieros comprometidos a largo plazo (Socios EMZ) que se adhieren a los Principios de Inversi\u00f3n Responsable (PRI). La adopci\u00f3n de este principio por el Grupo Weyou supone un paso importante hacia la sostenibilidad y la responsabilidad social. Nuestra estrategia de RSC se basa en tres pilares fundamentales: ambiental, social y de gobernanza.En el \u00e1mbito ambiental, estamos comprometidos con la reducci\u00f3n de nuestra huella de carbono, optimizando la gesti\u00f3n de residuos y promoviendo la econom\u00eda circular en todas nuestras operaciones. Trabajamos en estrecha colaboraci\u00f3n con nuestros socios y proveedores para fomentar pr\u00e1cticas ecorresponsables y apoyar iniciativas ecol\u00f3gicas. A nivel social, el Grupo Weyou sit\u00faa a las personas en el centro de sus preocupaciones, garantizando el bienestar de sus empleados y promoviendo la diversidad y la inclusi\u00f3n. En t\u00e9rminos de gobernanza, defendemos la transparencia, la \u00e9tica y la integridad en todas nuestras decisiones e interacciones. Contamos con procedimientos estrictos para garantizar el cumplimiento y promover una cultura corporativa responsable. En Weyou Group , estamos convencidos de que nuestro compromiso con la RSC contribuye a construir un futuro m\u00e1s sostenible para todos, aportando valor a\u00f1adido a nuestros clientes, socios y a la sociedad en su conjunto. Estamos comprometidos a continuar nuestros esfuerzos e innovar constantemente para fortalecer nuestro impacto positivo.<\/p>\n","protected":false},"author":23,"featured_media":0,"parent":17770,"menu_order":0,"comment_status":"closed","ping_status":"closed","template":"","meta":{"_seopress_robots_primary_cat":"","_seopress_titles_title":"","_seopress_titles_desc":"","_seopress_robots_index":"","footnotes":""},"class_list":["post-17782","page","type-page","status-publish"],"blocksy_meta":[],"rttpg_featured_image_url":null,"rttpg_author":{"display_name":"Joan Missegue","author_link":"https:\/\/www.weyou-group.com\/es\/author\/jmissegue\/"},"rttpg_comment":0,"rttpg_category":false,"rttpg_excerpt":"Weyou Group pone sus pol\u00edticas de RSA y ESG en el centro de sus decisiones. El Grupo Weyou est\u00e1 firmemente comprometido con la Responsabilidad Social Ambiental (RSA), situando la \u00e9tica, la sostenibilidad y la inclusi\u00f3n en el centro de sus actividades. Consciente de su papel en la sociedad y de su impacto en el medio&hellip;","_links":{"self":[{"href":"https:\/\/www.weyou-group.com\/es\/wp-json\/wp\/v2\/pages\/17782","targetHints":{"allow":["GET"]}}],"collection":[{"href":"https:\/\/www.weyou-group.com\/es\/wp-json\/wp\/v2\/pages"}],"about":[{"href":"https:\/\/www.weyou-group.com\/es\/wp-json\/wp\/v2\/types\/page"}],"author":[{"embeddable":true,"href":"https:\/\/www.weyou-group.com\/es\/wp-json\/wp\/v2\/users\/23"}],"replies":[{"embeddable":true,"href":"https:\/\/www.weyou-group.com\/es\/wp-json\/wp\/v2\/comments?post=17782"}],"version-history":[{"count":8,"href":"https:\/\/www.weyou-group.com\/es\/wp-json\/wp\/v2\/pages\/17782\/revisions"}],"predecessor-version":[{"id":20291,"href":"https:\/\/www.weyou-group.com\/es\/wp-json\/wp\/v2\/pages\/17782\/revisions\/20291"}],"up":[{"embeddable":true,"href":"https:\/\/www.weyou-group.com\/es\/wp-json\/wp\/v2\/pages\/17770"}],"wp:attachment":[{"href":"https:\/\/www.weyou-group.com\/es\/wp-json\/wp\/v2\/media?parent=17782"}],"curies":[{"name":"wp","href":"https:\/\/api.w.org\/{rel}","templated":true}]}}