{"id":17790,"date":"2024-03-12T16:39:32","date_gmt":"2024-03-12T15:39:32","guid":{"rendered":"https:\/\/www.weyou-group.com\/le-groupe\/adn"},"modified":"2025-09-08T08:19:38","modified_gmt":"2025-09-08T07:19:38","slug":"nuestro-adn","status":"publish","type":"page","link":"https:\/\/www.weyou-group.com\/es\/el-grupo\/nuestro-adn\/","title":{"rendered":"Nuestro ADN"},"content":{"rendered":"\t\t<div data-elementor-type=\"wp-page\" data-elementor-id=\"17790\" class=\"elementor elementor-17790 elementor-6374\">\r\n\t\t\t\t<div class=\"elementor-element elementor-element-cd3493e e-flex e-con-boxed wpr-particle-no wpr-jarallax-no wpr-parallax-no wpr-sticky-section-no e-con e-parent\" data-id=\"cd3493e\" data-element_type=\"container\">\r\n\t\t\t\t\t<div class=\"e-con-inner\">\r\n\t\t<div class=\"elementor-element elementor-element-d0284c4 e-grid e-con-full wpr-particle-no wpr-jarallax-no wpr-parallax-no wpr-sticky-section-no e-con e-child\" data-id=\"d0284c4\" data-element_type=\"container\">\r\n\t\t\t\t<div class=\"elementor-element elementor-element-dd42277 elementor-widget elementor-widget-text-editor\" data-id=\"dd42277\" data-element_type=\"widget\" data-widget_type=\"text-editor.default\">\r\n\t\t\t\t<div class=\"elementor-widget-container\">\r\n\t\t\t\t\t\t\t<p class=\"p1\">La misi\u00f3n de Weyou es apoyar a sus clientes en el desarrollo de su clientela, su negocio, su imagen, a trav\u00e9s de nuestras Exposiciones y one to one Meetings Exhibitions . En la era de la transformaci\u00f3n digital, Weyou Group ha situado la innovaci\u00f3n en el centro de su estrategia. De hecho, nuestro exclusivo algoritmo de emparejamiento de citas, nuestra aplicaci\u00f3n m\u00f3vil y todas nuestras soluciones digitales se desarrollan internamente para optimizar la experiencia de nuestros clientes.<\/p>\t\t\t\t\t\t<\/div>\r\n\t\t\t\t<\/div>\r\n\t\t<div class=\"elementor-element elementor-element-786d291 e-con-full e-flex wpr-particle-no wpr-jarallax-no wpr-parallax-no wpr-sticky-section-no e-con e-child\" data-id=\"786d291\" data-element_type=\"container\" data-settings=\"{&quot;background_background&quot;:&quot;classic&quot;}\">\r\n\t\t\t\t<div class=\"elementor-element elementor-element-dc97576 elementor-widget elementor-widget-heading\" data-id=\"dc97576\" data-element_type=\"widget\" data-widget_type=\"heading.default\">\r\n\t\t\t\t<div class=\"elementor-widget-container\">\r\n\t\t\t<h2 class=\"elementor-heading-title elementor-size-default\">Humano<\/h2>\t\t<\/div>\r\n\t\t\t\t<\/div>\r\n\t\t\t\t<div class=\"elementor-element elementor-element-9c6a537 elementor-widget elementor-widget-text-editor\" data-id=\"9c6a537\" data-element_type=\"widget\" data-widget_type=\"text-editor.default\">\r\n\t\t\t\t<div class=\"elementor-widget-container\">\r\n\t\t\t\t\t\t\t<p class=\"p1\">Favorecer y reconocer los encuentros humanos antes que los encuentros e interacciones a distancia. Nuestra negociaci\u00f3n se basa en las personas. Ya sea la relaci\u00f3n con nuestros socios, clientes y visitantes o la conexi\u00f3n entre nuestros equipos, creemos que las personas deben estar permanentemente en el centro de la organizaci\u00f3n de nuestros eventos.<\/p>\t\t\t\t\t\t<\/div>\r\n\t\t\t\t<\/div>\r\n\t\t\t\t<\/div>\r\n\t\t<div class=\"elementor-element elementor-element-1c61ed4 e-con-full e-flex wpr-particle-no wpr-jarallax-no wpr-parallax-no wpr-sticky-section-no e-con e-child\" data-id=\"1c61ed4\" data-element_type=\"container\" data-settings=\"{&quot;background_background&quot;:&quot;classic&quot;}\">\r\n\t\t\t\t<div class=\"elementor-element elementor-element-50e1324 elementor-widget elementor-widget-heading\" data-id=\"50e1324\" data-element_type=\"widget\" data-widget_type=\"heading.default\">\r\n\t\t\t\t<div class=\"elementor-widget-container\">\r\n\t\t\t<h2 class=\"elementor-heading-title elementor-size-default\">Digital<\/h2>\t\t<\/div>\r\n\t\t\t\t<\/div>\r\n\t\t\t\t<div class=\"elementor-element elementor-element-5d5a21a elementor-widget elementor-widget-text-editor\" data-id=\"5d5a21a\" data-element_type=\"widget\" data-widget_type=\"text-editor.default\">\r\n\t\t\t\t<div class=\"elementor-widget-container\">\r\n\t\t\t\t\t\t\t<p class=\"p1\">Utilizar y resolver soluciones digitales internas para mejorar la calidad de los visitantes. Optimizar la participaci\u00f3n de expositores y visitantes en nuevos eventos y facilitar la jornada de nuevos equipos para mejorar el desempe\u00f1o. Utilice soluciones digitales que le ayuden a conocer nuevos eventos y encuentros humanos.<\/p>\t\t\t\t\t\t<\/div>\r\n\t\t\t\t<\/div>\r\n\t\t\t\t<\/div>\r\n\t\t\t\t<\/div>\r\n\t\t\t\t\t<\/div>\r\n\t\t\t\t<\/div>\r\n\t\t<div class=\"elementor-element elementor-element-07e5e08 e-flex e-con-boxed wpr-particle-no wpr-jarallax-no wpr-parallax-no wpr-sticky-section-no e-con e-parent\" data-id=\"07e5e08\" data-element_type=\"container\">\r\n\t\t\t\t\t<div class=\"e-con-inner\">\r\n\t\t\t\t<div class=\"elementor-element elementor-element-ea4b815 elementor-widget elementor-widget-spacer\" data-id=\"ea4b815\" data-element_type=\"widget\" data-widget_type=\"spacer.default\">\r\n\t\t\t\t<div class=\"elementor-widget-container\">\r\n\t\t\t\t\t<div class=\"elementor-spacer\">\r\n\t\t\t<div class=\"elementor-spacer-inner\"><\/div>\r\n\t\t<\/div>\r\n\t\t\t\t<\/div>\r\n\t\t\t\t<\/div>\r\n\t\t\t\t\t<\/div>\r\n\t\t\t\t<\/div>\r\n\t\t<div class=\"elementor-element elementor-element-37d52ed e-flex e-con-boxed wpr-particle-no wpr-jarallax-no wpr-parallax-no wpr-sticky-section-no e-con e-parent\" data-id=\"37d52ed\" data-element_type=\"container\">\r\n\t\t\t\t\t<div class=\"e-con-inner\">\r\n\t\t\t\t<div class=\"elementor-element elementor-element-8c79218 elementor-widget elementor-widget-heading\" data-id=\"8c79218\" data-element_type=\"widget\" data-widget_type=\"heading.default\">\r\n\t\t\t\t<div class=\"elementor-widget-container\">\r\n\t\t\t<h2 class=\"elementor-heading-title elementor-size-default\">Nuestra misi\u00f3n en Weyou group<\/h2>\t\t<\/div>\r\n\t\t\t\t<\/div>\r\n\t\t\t\t<div class=\"elementor-element elementor-element-97c0c35 elementor-widget__width-initial elementor-widget elementor-widget-text-editor\" data-id=\"97c0c35\" data-element_type=\"widget\" data-widget_type=\"text-editor.default\">\r\n\t\t\t\t<div class=\"elementor-widget-container\">\r\n\t\t\t\t\t\t\t<p>La misi\u00f3n de Weyou es apoyar a sus clientes en el desarrollo de su clientela, su negocio, su imagen, a trav\u00e9s de:<\/p>\t\t\t\t\t\t<\/div>\r\n\t\t\t\t<\/div>\r\n\t\t<div class=\"elementor-element elementor-element-cabaf76 e-con-full e-flex wpr-particle-no wpr-jarallax-no wpr-parallax-no wpr-sticky-section-no e-con e-child\" data-id=\"cabaf76\" data-element_type=\"container\">\r\n\t\t<div class=\"elementor-element elementor-element-499e9fc e-con-full e-flex wpr-particle-no wpr-jarallax-no wpr-parallax-no wpr-sticky-section-no e-con e-child\" data-id=\"499e9fc\" data-element_type=\"container\">\r\n\t\t\t\t<div class=\"elementor-element elementor-element-c1c9202 elementor-widget elementor-widget-gradient_heading\" data-id=\"c1c9202\" data-element_type=\"widget\" data-widget_type=\"gradient_heading.default\">\r\n\t\t\t\t<div class=\"elementor-widget-container\">\r\n\t\t\t\r\n\t\t\r\n            <h2 class=\"gradient-text\">\r\n                21 ferias BtoB            <\/h2>\r\n\t\t\r\n\t\t\t\t\t<\/div>\r\n\t\t\t\t<\/div>\r\n\t\t\t\t<div class=\"elementor-element elementor-element-addb97e elementor-widget elementor-widget-text-editor\" data-id=\"addb97e\" data-element_type=\"widget\" data-widget_type=\"text-editor.default\">\r\n\t\t\t\t<div class=\"elementor-widget-container\">\r\n\t\t\t\t\t\t\t<p>en Par\u00eds, Cannes y Marbella<\/p>\t\t\t\t\t\t<\/div>\r\n\t\t\t\t<\/div>\r\n\t\t\t\t<\/div>\r\n\t\t<div class=\"elementor-element elementor-element-c4dec0b e-con-full e-flex wpr-particle-no wpr-jarallax-no wpr-parallax-no wpr-sticky-section-no e-con e-child\" data-id=\"c4dec0b\" data-element_type=\"container\">\r\n\t\t\t\t<div class=\"elementor-element elementor-element-d2f8007 elementor-widget elementor-widget-gradient_heading\" data-id=\"d2f8007\" data-element_type=\"widget\" data-widget_type=\"gradient_heading.default\">\r\n\t\t\t\t<div class=\"elementor-widget-container\">\r\n\t\t\t\r\n\t\t\r\n            <h2 class=\"gradient-text\">\r\n                4 soluciones digitales            <\/h2>\r\n\t\t\r\n\t\t\t\t\t<\/div>\r\n\t\t\t\t<\/div>\r\n\t\t\t\t<div class=\"elementor-element elementor-element-83ba358 elementor-widget elementor-widget-text-editor\" data-id=\"83ba358\" data-element_type=\"widget\" data-widget_type=\"text-editor.default\">\r\n\t\t\t\t<div class=\"elementor-widget-container\">\r\n\t\t\t\t\t\t\t<p>desarrollado internamente, destinado a mejorar y optimizar la participaci\u00f3n de nuestros expositores, principales tomadores de decisiones y visitantes durante nuestros eventos<\/p>\t\t\t\t\t\t<\/div>\r\n\t\t\t\t<\/div>\r\n\t\t\t\t<\/div>\r\n\t\t<div class=\"elementor-element elementor-element-a4b2a3e e-con-full e-flex wpr-particle-no wpr-jarallax-no wpr-parallax-no wpr-sticky-section-no e-con e-child\" data-id=\"a4b2a3e\" data-element_type=\"container\">\r\n\t\t\t\t<div class=\"elementor-element elementor-element-36cb652 elementor-widget elementor-widget-gradient_heading\" data-id=\"36cb652\" data-element_type=\"widget\" data-widget_type=\"gradient_heading.default\">\r\n\t\t\t\t<div class=\"elementor-widget-container\">\r\n\t\t\t\r\n\t\t\r\n            <h2 class=\"gradient-text\">\r\n                1 plataforma \u00fanica            <\/h2>\r\n\t\t\r\n\t\t\t\t\t<\/div>\r\n\t\t\t\t<\/div>\r\n\t\t\t\t<div class=\"elementor-element elementor-element-725ccda elementor-widget elementor-widget-text-editor\" data-id=\"725ccda\" data-element_type=\"widget\" data-widget_type=\"text-editor.default\">\r\n\t\t\t\t<div class=\"elementor-widget-container\">\r\n\t\t\t\t\t\t\t<p>Match Matchmaking desarrollado y mejorado internamente desde 2009, lo que la convierte en una de las mejores soluciones de reuniones de negocios uno a uno del mercado gracias a la relevancia de sus resultados.<\/p>\t\t\t\t\t\t<\/div>\r\n\t\t\t\t<\/div>\r\n\t\t\t\t<\/div>\r\n\t\t\t\t<\/div>\r\n\t\t\t\t\t<\/div>\r\n\t\t\t\t<\/div>\r\n\t\t<div class=\"elementor-element elementor-element-d96c48a e-flex e-con-boxed wpr-particle-no wpr-jarallax-no wpr-parallax-no wpr-sticky-section-no e-con e-parent\" data-id=\"d96c48a\" data-element_type=\"container\">\r\n\t\t\t\t\t<div class=\"e-con-inner\">\r\n\t\t\t\t<div class=\"elementor-element elementor-element-de4af75 elementor-widget elementor-widget-spacer\" data-id=\"de4af75\" data-element_type=\"widget\" data-widget_type=\"spacer.default\">\r\n\t\t\t\t<div class=\"elementor-widget-container\">\r\n\t\t\t\t\t<div class=\"elementor-spacer\">\r\n\t\t\t<div class=\"elementor-spacer-inner\"><\/div>\r\n\t\t<\/div>\r\n\t\t\t\t<\/div>\r\n\t\t\t\t<\/div>\r\n\t\t\t\t\t<\/div>\r\n\t\t\t\t<\/div>\r\n\t\t\t\t<\/div>\r\n\t\t","protected":false},"excerpt":{"rendered":"<p>La misi\u00f3n de Weyou es apoyar a sus clientes en el desarrollo de su clientela, su negocio, su imagen, a trav\u00e9s de nuestras Exposiciones y one to one Meetings Exhibitions . En la era de la transformaci\u00f3n digital, Weyou Group ha situado la innovaci\u00f3n en el centro de su estrategia. De hecho, nuestro exclusivo algoritmo de emparejamiento de citas, nuestra aplicaci\u00f3n m\u00f3vil y todas nuestras soluciones digitales se desarrollan internamente para optimizar la experiencia de nuestros clientes. Humano Favorecer y reconocer los encuentros humanos antes que los encuentros e interacciones a distancia. Nuestra negociaci\u00f3n se basa en las personas. Ya sea la relaci\u00f3n con nuestros socios, clientes y visitantes o la conexi\u00f3n entre nuestros equipos, creemos que las personas deben estar permanentemente en el centro de la organizaci\u00f3n de nuestros eventos. Digital Utilizar y resolver soluciones digitales internas para mejorar la calidad de los visitantes. Optimizar la participaci\u00f3n de expositores y visitantes en nuevos eventos y facilitar la jornada de nuevos equipos para mejorar el desempe\u00f1o. Utilice soluciones digitales que le ayuden a conocer nuevos eventos y encuentros humanos. Nuestra misi\u00f3n en Weyou group La misi\u00f3n de Weyou es apoyar a sus clientes en el desarrollo de su clientela, su negocio, su imagen, a trav\u00e9s de: 21 ferias BtoB en Par\u00eds, Cannes y Marbella 4 soluciones digitales desarrollado internamente, destinado a mejorar y optimizar la participaci\u00f3n de nuestros expositores, principales tomadores de decisiones y visitantes durante nuestros eventos 1 plataforma \u00fanica Match Matchmaking desarrollado y mejorado internamente desde 2009, lo que la convierte en una de las mejores soluciones de reuniones de negocios uno a uno del mercado gracias a la relevancia de sus resultados.<\/p>\n","protected":false},"author":23,"featured_media":0,"parent":17770,"menu_order":0,"comment_status":"closed","ping_status":"closed","template":"","meta":{"_seopress_robots_primary_cat":"","_seopress_titles_title":"","_seopress_titles_desc":"","_seopress_robots_index":"","footnotes":""},"class_list":["post-17790","page","type-page","status-publish"],"blocksy_meta":[],"rttpg_featured_image_url":null,"rttpg_author":{"display_name":"Joan Missegue","author_link":"https:\/\/www.weyou-group.com\/es\/author\/jmissegue\/"},"rttpg_comment":0,"rttpg_category":false,"rttpg_excerpt":"La misi\u00f3n de Weyou es apoyar a sus clientes en el desarrollo de su clientela, su negocio, su imagen, a trav\u00e9s de nuestras Exposiciones y one to one Meetings Exhibitions . En la era de la transformaci\u00f3n digital, Weyou Group ha situado la innovaci\u00f3n en el centro de su estrategia. De hecho, nuestro exclusivo algoritmo&hellip;","_links":{"self":[{"href":"https:\/\/www.weyou-group.com\/es\/wp-json\/wp\/v2\/pages\/17790","targetHints":{"allow":["GET"]}}],"collection":[{"href":"https:\/\/www.weyou-group.com\/es\/wp-json\/wp\/v2\/pages"}],"about":[{"href":"https:\/\/www.weyou-group.com\/es\/wp-json\/wp\/v2\/types\/page"}],"author":[{"embeddable":true,"href":"https:\/\/www.weyou-group.com\/es\/wp-json\/wp\/v2\/users\/23"}],"replies":[{"embeddable":true,"href":"https:\/\/www.weyou-group.com\/es\/wp-json\/wp\/v2\/comments?post=17790"}],"version-history":[{"count":13,"href":"https:\/\/www.weyou-group.com\/es\/wp-json\/wp\/v2\/pages\/17790\/revisions"}],"predecessor-version":[{"id":21999,"href":"https:\/\/www.weyou-group.com\/es\/wp-json\/wp\/v2\/pages\/17790\/revisions\/21999"}],"up":[{"embeddable":true,"href":"https:\/\/www.weyou-group.com\/es\/wp-json\/wp\/v2\/pages\/17770"}],"wp:attachment":[{"href":"https:\/\/www.weyou-group.com\/es\/wp-json\/wp\/v2\/media?parent=17790"}],"curies":[{"name":"wp","href":"https:\/\/api.w.org\/{rel}","templated":true}]}}