{"id":17809,"date":"2024-03-12T16:33:04","date_gmt":"2024-03-12T15:33:04","guid":{"rendered":"https:\/\/www.weyou-group.com\/solutions-digitales"},"modified":"2024-09-27T06:42:50","modified_gmt":"2024-09-27T05:42:50","slug":"soluciones-digitales","status":"publish","type":"page","link":"https:\/\/www.weyou-group.com\/es\/soluciones-digitales\/","title":{"rendered":"Soluciones digitales"},"content":{"rendered":"\t\t<div data-elementor-type=\"wp-page\" data-elementor-id=\"17809\" class=\"elementor elementor-17809 elementor-6357\">\r\n\t\t\t\t<div class=\"elementor-element elementor-element-e73a0e8 e-flex e-con-boxed wpr-particle-no wpr-jarallax-no wpr-parallax-no wpr-sticky-section-no e-con e-parent\" data-id=\"e73a0e8\" data-element_type=\"container\">\r\n\t\t\t\t\t<div class=\"e-con-inner\">\r\n\t\t\t\t<div class=\"elementor-element elementor-element-ef65fa9 elementor-widget elementor-widget-text-editor\" data-id=\"ef65fa9\" data-element_type=\"widget\" data-widget_type=\"text-editor.default\">\r\n\t\t\t\t<div class=\"elementor-widget-container\">\r\n\t\t\t\t\t\t\t<div id=\"equipe\" class=\"vc_row wpb_row vc_row-fluid vc_custom_1661958635579 vc_row-has-fill\" data-vc-full-width=\"true\" data-vc-full-width-init=\"true\"><div class=\"wpb_column vc_column_container vc_col-sm-9\"><div class=\"vc_column-inner\"><div class=\"wpb_wrapper\"><div class=\"wpb_text_column wpb_content_element \"><div class=\"wpb_wrapper\"><h4 class=\"textwidget\">Weyou Group tambi\u00e9n ofrece soluciones digitales desarrolladas internamente para mejorar y optimizar la experiencia del usuario en nuestros shows.<\/h4><\/div><\/div><\/div><\/div><\/div><\/div>\t\t\t\t\t\t<\/div>\r\n\t\t\t\t<\/div>\r\n\t\t\t\t<div class=\"elementor-element elementor-element-1e745b1 elementor-widget elementor-widget-heading\" data-id=\"1e745b1\" data-element_type=\"widget\" data-widget_type=\"heading.default\">\r\n\t\t\t\t<div class=\"elementor-widget-container\">\r\n\t\t\t<h2 class=\"elementor-heading-title elementor-size-default\">3 soluciones digitales<\/h2>\t\t<\/div>\r\n\t\t\t\t<\/div>\r\n\t\t\t\t<div class=\"elementor-element elementor-element-9bf07dc elementor-widget elementor-widget-text-editor\" data-id=\"9bf07dc\" data-element_type=\"widget\" data-widget_type=\"text-editor.default\">\r\n\t\t\t\t<div class=\"elementor-widget-container\">\r\n\t\t\t\t\t\t\t<p>Weyou Group es tambi\u00e9n una plataforma digital \u00fanica en Europa que re\u00fane todas las soluciones digitales del grupo, lo que permite una impresionante ganancia en eficiencia y velocidad. Tambi\u00e9n cuenta con multitud de algoritmos.<\/p>\t\t\t\t\t\t<\/div>\r\n\t\t\t\t<\/div>\r\n\t\t\t\t\t<\/div>\r\n\t\t\t\t<\/div>\r\n\t\t<div class=\"elementor-element elementor-element-77b8238 e-flex e-con-boxed wpr-particle-no wpr-jarallax-no wpr-parallax-no wpr-sticky-section-no e-con e-parent\" data-id=\"77b8238\" data-element_type=\"container\">\r\n\t\t\t\t\t<div class=\"e-con-inner\">\r\n\t\t\t\t<div class=\"elementor-element elementor-element-92c8253 elementor-widget elementor-widget-spacer\" data-id=\"92c8253\" data-element_type=\"widget\" data-widget_type=\"spacer.default\">\r\n\t\t\t\t<div class=\"elementor-widget-container\">\r\n\t\t\t\t\t<div class=\"elementor-spacer\">\r\n\t\t\t<div class=\"elementor-spacer-inner\"><\/div>\r\n\t\t<\/div>\r\n\t\t\t\t<\/div>\r\n\t\t\t\t<\/div>\r\n\t\t\t\t\t<\/div>\r\n\t\t\t\t<\/div>\r\n\t\t<div class=\"elementor-element elementor-element-4142d68 e-grid e-con-boxed wpr-particle-no wpr-jarallax-no wpr-parallax-no wpr-sticky-section-no e-con e-parent\" data-id=\"4142d68\" data-element_type=\"container\">\r\n\t\t\t\t\t<div class=\"e-con-inner\">\r\n\t\t\t\t<div class=\"elementor-element elementor-element-49e0797 wpr-flip-box-animation-fade custom-ratio wpr-flip-box-front-align-center wpr-flip-box-back-align-center elementor-widget elementor-widget-wpr-flip-box\" data-id=\"49e0797\" data-element_type=\"widget\" data-widget_type=\"wpr-flip-box.default\">\r\n\t\t\t\t<div class=\"elementor-widget-container\">\r\n\t\t\t\t\t\t\r\n\t\t<div class=\"wpr-flip-box\" data-trigger=\"hover\">\r\n\t\t\t\r\n\t\t\t<div class=\"wpr-flip-box-item wpr-flip-box-front wpr-anim-timing-ease-in-out-quad\">\r\n\r\n\t\t\t\t<div class=\"wpr-flip-box-overlay\"><\/div>\r\n\r\n\t\t\t\t<div class=\"wpr-flip-box-content\">\r\n\t\t\t\t\t\r\n\t\t\t\t\t\t\t\t\t\t\r\n\t\t\t\t\t\r\n\t\t\t\t\t\t\r\n\r\n\t\t\t\t\t\t\r\n\r\n\t\t\t\t<\/div>\r\n\t\t\t<\/div>\r\n\r\n\t\t\t<div class=\"wpr-flip-box-item wpr-flip-box-back wpr-anim-timing-ease-in-out-quad\">\r\n\r\n\t\t\t\t<div class=\"wpr-flip-box-overlay\"><\/div>\r\n\t\t\t\t\r\n\t\t\t\t<div class=\"wpr-flip-box-content\">\r\n\t\t\t\t\t\r\n\t\t\t\t\t\r\n\t\t\t\t\t\t\t\t\t\t\r\n\t\t\t\t\t\r\n\t\t\t\t\t\t\t\t\t\t\t<div class=\"wpr-flip-box-description\"><p>Una plataforma anal\u00edtica que nos permite mejorar constantemente<\/p><\/div>\t\t\t\t\t\t\r\n\t\t\t\t\t\t\r\n\r\n\t\t\t\t\t\r\n\t\t\t\t\t\t<div class=\"wpr-flip-box-btn-wrap\">\r\n\t\t\t\t\t\t\t<a class=\"wpr-flip-box-btn\" href=\"https:\/\/www.weyou-group.com\/es\/soluciones-digitales\/weyou-analytics\/\">\r\n\t\t\t\t\t\t\t\t\t\t\t\t\t\t\t\t<span class=\"wpr-flip-box-btn-text\">M\u00e1s informaci\u00f3n<\/span>\t\t\r\n\t\t\t\t\t\t\t\t\r\n\t\t\t\t\t\t\t\t\r\n\t\t\t\t\t\t\t<\/a>\t\t\t\t\t\t<\/div>\t\t\t\t\t\t\r\n\t\t\t\t\t\t\r\n\r\n\t\t\t\t<\/div>\r\n\t\t\t<\/div>\r\n\t\t<\/div>\r\n\r\n\t\t\t\t<\/div>\r\n\t\t\t\t<\/div>\r\n\t\t\t\t<div class=\"elementor-element elementor-element-110bf25 wpr-flip-box-animation-fade custom-ratio wpr-flip-box-front-align-center wpr-flip-box-back-align-center elementor-widget elementor-widget-wpr-flip-box\" data-id=\"110bf25\" data-element_type=\"widget\" data-widget_type=\"wpr-flip-box.default\">\r\n\t\t\t\t<div class=\"elementor-widget-container\">\r\n\t\t\t\t\t\t\r\n\t\t<div class=\"wpr-flip-box\" data-trigger=\"hover\">\r\n\t\t\t\r\n\t\t\t<div class=\"wpr-flip-box-item wpr-flip-box-front wpr-anim-timing-ease-in-out-quad\">\r\n\r\n\t\t\t\t<div class=\"wpr-flip-box-overlay\"><\/div>\r\n\r\n\t\t\t\t<div class=\"wpr-flip-box-content\">\r\n\t\t\t\t\t\r\n\t\t\t\t\t\t\t\t\t\t\r\n\t\t\t\t\t\r\n\t\t\t\t\t\t\r\n\r\n\t\t\t\t\t\t\r\n\r\n\t\t\t\t<\/div>\r\n\t\t\t<\/div>\r\n\r\n\t\t\t<div class=\"wpr-flip-box-item wpr-flip-box-back wpr-anim-timing-ease-in-out-quad\">\r\n\r\n\t\t\t\t<div class=\"wpr-flip-box-overlay\"><\/div>\r\n\t\t\t\t\r\n\t\t\t\t<div class=\"wpr-flip-box-content\">\r\n\t\t\t\t\t\r\n\t\t\t\t\t\r\n\t\t\t\t\t\t\t\t\t\t\r\n\t\t\t\t\t\r\n\t\t\t\t\t\t\t\t\t\t\t<div class=\"wpr-flip-box-description\"><p>Un algoritmo de coincidencia uno a uno<\/p><\/div>\t\t\t\t\t\t\r\n\t\t\t\t\t\t\r\n\r\n\t\t\t\t\t\r\n\t\t\t\t\t\t<div class=\"wpr-flip-box-btn-wrap\">\r\n\t\t\t\t\t\t\t<a class=\"wpr-flip-box-btn\" href=\"https:\/\/www.weyou-group.com\/es\/soluciones-digitales\/weyou-matchmaking\/\">\r\n\t\t\t\t\t\t\t\t\t\t\t\t\t\t\t\t<span class=\"wpr-flip-box-btn-text\">M\u00e1s informaci\u00f3n<\/span>\t\t\r\n\t\t\t\t\t\t\t\t\r\n\t\t\t\t\t\t\t\t\r\n\t\t\t\t\t\t\t<\/a>\t\t\t\t\t\t<\/div>\t\t\t\t\t\t\r\n\t\t\t\t\t\t\r\n\r\n\t\t\t\t<\/div>\r\n\t\t\t<\/div>\r\n\t\t<\/div>\r\n\r\n\t\t\t\t<\/div>\r\n\t\t\t\t<\/div>\r\n\t\t\t\t<div class=\"elementor-element elementor-element-96fe7b5 wpr-flip-box-animation-fade custom-ratio wpr-flip-box-front-align-center wpr-flip-box-back-align-center elementor-widget elementor-widget-wpr-flip-box\" data-id=\"96fe7b5\" data-element_type=\"widget\" data-widget_type=\"wpr-flip-box.default\">\r\n\t\t\t\t<div class=\"elementor-widget-container\">\r\n\t\t\t\t\t\t\r\n\t\t<div class=\"wpr-flip-box\" data-trigger=\"hover\">\r\n\t\t\t\r\n\t\t\t<div class=\"wpr-flip-box-item wpr-flip-box-front wpr-anim-timing-ease-in-out-quad\">\r\n\r\n\t\t\t\t<div class=\"wpr-flip-box-overlay\"><\/div>\r\n\r\n\t\t\t\t<div class=\"wpr-flip-box-content\">\r\n\t\t\t\t\t\r\n\t\t\t\t\t\t\t\t\t\t\r\n\t\t\t\t\t\r\n\t\t\t\t\t\t\r\n\r\n\t\t\t\t\t\t\r\n\r\n\t\t\t\t<\/div>\r\n\t\t\t<\/div>\r\n\r\n\t\t\t<div class=\"wpr-flip-box-item wpr-flip-box-back wpr-anim-timing-ease-in-out-quad\">\r\n\r\n\t\t\t\t<div class=\"wpr-flip-box-overlay\"><\/div>\r\n\t\t\t\t\r\n\t\t\t\t<div class=\"wpr-flip-box-content\">\r\n\t\t\t\t\t\r\n\t\t\t\t\t\r\n\t\t\t\t\t\t\t\t\t\t\r\n\t\t\t\t\t\r\n\t\t\t\t\t\t\t\t\t\t\t<div class=\"wpr-flip-box-description\"><p>Una aplicaci\u00f3n para que visitantes, Top Decision Makers y expositores gestionen su participaci\u00f3n en tiempo real<\/p><\/div>\t\t\t\t\t\t\r\n\t\t\t\t\t\t\r\n\r\n\t\t\t\t\t\r\n\t\t\t\t\t\t<div class=\"wpr-flip-box-btn-wrap\">\r\n\t\t\t\t\t\t\t<a class=\"wpr-flip-box-btn\" href=\"https:\/\/www.weyou-group.com\/es\/soluciones-digitales\/weyou-app\/\">\r\n\t\t\t\t\t\t\t\t\t\t\t\t\t\t\t\t<span class=\"wpr-flip-box-btn-text\">M\u00e1s informaci\u00f3n<\/span>\t\t\r\n\t\t\t\t\t\t\t\t\r\n\t\t\t\t\t\t\t\t\r\n\t\t\t\t\t\t\t<\/a>\t\t\t\t\t\t<\/div>\t\t\t\t\t\t\r\n\t\t\t\t\t\t\r\n\r\n\t\t\t\t<\/div>\r\n\t\t\t<\/div>\r\n\t\t<\/div>\r\n\r\n\t\t\t\t<\/div>\r\n\t\t\t\t<\/div>\r\n\t\t\t\t\t<\/div>\r\n\t\t\t\t<\/div>\r\n\t\t\t\t<\/div>\r\n\t\t","protected":false},"excerpt":{"rendered":"<p>Weyou Group tambi\u00e9n ofrece soluciones digitales desarrolladas internamente para mejorar y optimizar la experiencia del usuario en nuestros shows. 3 soluciones digitales Weyou Group es tambi\u00e9n una plataforma digital \u00fanica en Europa que re\u00fane todas las soluciones digitales del grupo, lo que permite una impresionante ganancia en eficiencia y velocidad. Tambi\u00e9n cuenta con multitud de algoritmos. Una plataforma anal\u00edtica que nos permite mejorar constantemente M\u00e1s informaci\u00f3n Un algoritmo de coincidencia uno a uno M\u00e1s informaci\u00f3n Una aplicaci\u00f3n para que visitantes, Top Decision Makers y expositores gestionen su participaci\u00f3n en tiempo real M\u00e1s informaci\u00f3n<\/p>\n","protected":false},"author":23,"featured_media":0,"parent":0,"menu_order":3,"comment_status":"closed","ping_status":"closed","template":"","meta":{"_seopress_robots_primary_cat":"","_seopress_titles_title":"","_seopress_titles_desc":"","_seopress_robots_index":"","footnotes":""},"class_list":["post-17809","page","type-page","status-publish"],"blocksy_meta":[],"rttpg_featured_image_url":null,"rttpg_author":{"display_name":"Joan Missegue","author_link":"https:\/\/www.weyou-group.com\/es\/author\/jmissegue\/"},"rttpg_comment":0,"rttpg_category":false,"rttpg_excerpt":"Weyou Group tambi\u00e9n ofrece soluciones digitales desarrolladas internamente para mejorar y optimizar la experiencia del usuario en nuestros shows. 3 soluciones digitales Weyou Group es tambi\u00e9n una plataforma digital \u00fanica en Europa que re\u00fane todas las soluciones digitales del grupo, lo que permite una impresionante ganancia en eficiencia y velocidad. Tambi\u00e9n cuenta con multitud de&hellip;","_links":{"self":[{"href":"https:\/\/www.weyou-group.com\/es\/wp-json\/wp\/v2\/pages\/17809","targetHints":{"allow":["GET"]}}],"collection":[{"href":"https:\/\/www.weyou-group.com\/es\/wp-json\/wp\/v2\/pages"}],"about":[{"href":"https:\/\/www.weyou-group.com\/es\/wp-json\/wp\/v2\/types\/page"}],"author":[{"embeddable":true,"href":"https:\/\/www.weyou-group.com\/es\/wp-json\/wp\/v2\/users\/23"}],"replies":[{"embeddable":true,"href":"https:\/\/www.weyou-group.com\/es\/wp-json\/wp\/v2\/comments?post=17809"}],"version-history":[{"count":4,"href":"https:\/\/www.weyou-group.com\/es\/wp-json\/wp\/v2\/pages\/17809\/revisions"}],"predecessor-version":[{"id":18202,"href":"https:\/\/www.weyou-group.com\/es\/wp-json\/wp\/v2\/pages\/17809\/revisions\/18202"}],"wp:attachment":[{"href":"https:\/\/www.weyou-group.com\/es\/wp-json\/wp\/v2\/media?parent=17809"}],"curies":[{"name":"wp","href":"https:\/\/api.w.org\/{rel}","templated":true}]}}