{"id":17811,"date":"2016-10-13T08:14:48","date_gmt":"2016-10-13T07:14:48","guid":{"rendered":"https:\/\/www.weyou-group.com\/solutions-digitales\/weyou-analytics"},"modified":"2024-09-27T06:44:36","modified_gmt":"2024-09-27T05:44:36","slug":"weyou-analytics","status":"publish","type":"page","link":"https:\/\/www.weyou-group.com\/es\/soluciones-digitales\/weyou-analytics\/","title":{"rendered":"Weyou Analytics"},"content":{"rendered":"\t\t<div data-elementor-type=\"wp-page\" data-elementor-id=\"17811\" class=\"elementor elementor-17811 elementor-2312\">\r\n\t\t\t\t<div class=\"elementor-element elementor-element-bd2e5a3 e-flex e-con-boxed wpr-particle-no wpr-jarallax-no wpr-parallax-no wpr-sticky-section-no e-con e-parent\" data-id=\"bd2e5a3\" data-element_type=\"container\">\r\n\t\t\t\t\t<div class=\"e-con-inner\">\r\n\t\t<div class=\"elementor-element elementor-element-336da62 e-con-full e-flex wpr-particle-no wpr-jarallax-no wpr-parallax-no wpr-sticky-section-no e-con e-child\" data-id=\"336da62\" data-element_type=\"container\">\r\n\t\t\t\t<div class=\"elementor-element elementor-element-77eca59 elementor-widget elementor-widget-heading\" data-id=\"77eca59\" data-element_type=\"widget\" data-widget_type=\"heading.default\">\r\n\t\t\t\t<div class=\"elementor-widget-container\">\r\n\t\t\t<h2 class=\"elementor-heading-title elementor-size-default\">La soluci\u00f3n para evaluar, calificar y cuantificar la participaci\u00f3n en una feria para nuestros expositores y altos tomadores de decisiones.<\/h2>\t\t<\/div>\r\n\t\t\t\t<\/div>\r\n\t\t\t\t<div class=\"elementor-element elementor-element-2b37304 elementor-widget elementor-widget-text-editor\" data-id=\"2b37304\" data-element_type=\"widget\" data-widget_type=\"text-editor.default\">\r\n\t\t\t\t<div class=\"elementor-widget-container\">\r\n\t\t\t\t\t\t\t<div><span style=\"color: #000000; font-family: arial, sans-serif;\">Esta soluci\u00f3n digital permite a expositores, directivos y directores de marketing medir en tiempo real la calidad y cantidad de contactos que generan en sus stands, incluso si no est\u00e1n presentes f\u00edsicamente en el sal\u00f3n.<br \/><\/span><\/div>\t\t\t\t\t\t<\/div>\r\n\t\t\t\t<\/div>\r\n\t\t\t\t<div class=\"elementor-element elementor-element-ffc040c elementor-widget elementor-widget-text-editor\" data-id=\"ffc040c\" data-element_type=\"widget\" data-widget_type=\"text-editor.default\">\r\n\t\t\t\t<div class=\"elementor-widget-container\">\r\n\t\t\t\t\t\t\t<div><span style=\"color: #000000; font-family: arial, sans-serif;\">Esta herramienta tambi\u00e9n proporciona acceso a todas las estad\u00edsticas y an\u00e1lisis de participaci\u00f3n en un espect\u00e1culo, siempre en tiempo real.<br \/><\/span><\/div>\t\t\t\t\t\t<\/div>\r\n\t\t\t\t<\/div>\r\n\t\t\t\t<div class=\"elementor-element elementor-element-6fe283b elementor-widget elementor-widget-text-editor\" data-id=\"6fe283b\" data-element_type=\"widget\" data-widget_type=\"text-editor.default\">\r\n\t\t\t\t<div class=\"elementor-widget-container\">\r\n\t\t\t\t\t\t\t<div><strong><span style=\"color: #000000; font-family: arial, sans-serif;\">Disponible en internet y smartphone<\/span><\/strong><\/div>\t\t\t\t\t\t<\/div>\r\n\t\t\t\t<\/div>\r\n\t\t\t\t<\/div>\r\n\t\t\t\t<div class=\"elementor-element elementor-element-a28576c elementor-widget elementor-widget-image\" data-id=\"a28576c\" data-element_type=\"widget\" data-widget_type=\"image.default\">\r\n\t\t\t\t<div class=\"elementor-widget-container\">\r\n\t\t\t\t\t\t\t\t\t\t\t\t\t<img fetchpriority=\"high\" decoding=\"async\" width=\"650\" height=\"563\" src=\"https:\/\/www.weyou-group.com\/wp-content\/uploads\/2024\/06\/WYG-logo-2024_RVB_analytics.png\" class=\"attachment-large size-large wp-image-15606\" alt=\"Weyou Analytics\" \/>\t\t\t\t\t\t\t\t\t\t\t\t\t<\/div>\r\n\t\t\t\t<\/div>\r\n\t\t\t\t\t<\/div>\r\n\t\t\t\t<\/div>\r\n\t\t\t\t<\/div>\r\n\t\t","protected":false},"excerpt":{"rendered":"<p>La soluci\u00f3n para evaluar, calificar y cuantificar la participaci\u00f3n en una feria para nuestros expositores y altos tomadores de decisiones. Esta soluci\u00f3n digital permite a expositores, directivos y directores de marketing medir en tiempo real la calidad y cantidad de contactos que generan en sus stands, incluso si no est\u00e1n presentes f\u00edsicamente en el sal\u00f3n.Esta herramienta tambi\u00e9n proporciona acceso a todas las estad\u00edsticas y an\u00e1lisis de participaci\u00f3n en un espect\u00e1culo, siempre en tiempo real.Disponible en internet y smartphone<\/p>\n","protected":false},"author":2,"featured_media":0,"parent":17809,"menu_order":0,"comment_status":"closed","ping_status":"closed","template":"","meta":{"_seopress_robots_primary_cat":"","_seopress_titles_title":"","_seopress_titles_desc":"","_seopress_robots_index":"","footnotes":""},"class_list":["post-17811","page","type-page","status-publish"],"blocksy_meta":[],"rttpg_featured_image_url":null,"rttpg_author":{"display_name":"Marie-France Jean-Louis","author_link":"https:\/\/www.weyou-group.com\/es\/author\/mjeanlouis\/"},"rttpg_comment":0,"rttpg_category":false,"rttpg_excerpt":"La soluci\u00f3n para evaluar, calificar y cuantificar la participaci\u00f3n en una feria para nuestros expositores y altos tomadores de decisiones. Esta soluci\u00f3n digital permite a expositores, directivos y directores de marketing medir en tiempo real la calidad y cantidad de contactos que generan en sus stands, incluso si no est\u00e1n presentes f\u00edsicamente en el sal\u00f3n.Esta&hellip;","_links":{"self":[{"href":"https:\/\/www.weyou-group.com\/es\/wp-json\/wp\/v2\/pages\/17811","targetHints":{"allow":["GET"]}}],"collection":[{"href":"https:\/\/www.weyou-group.com\/es\/wp-json\/wp\/v2\/pages"}],"about":[{"href":"https:\/\/www.weyou-group.com\/es\/wp-json\/wp\/v2\/types\/page"}],"author":[{"embeddable":true,"href":"https:\/\/www.weyou-group.com\/es\/wp-json\/wp\/v2\/users\/2"}],"replies":[{"embeddable":true,"href":"https:\/\/www.weyou-group.com\/es\/wp-json\/wp\/v2\/comments?post=17811"}],"version-history":[{"count":3,"href":"https:\/\/www.weyou-group.com\/es\/wp-json\/wp\/v2\/pages\/17811\/revisions"}],"predecessor-version":[{"id":18205,"href":"https:\/\/www.weyou-group.com\/es\/wp-json\/wp\/v2\/pages\/17811\/revisions\/18205"}],"up":[{"embeddable":true,"href":"https:\/\/www.weyou-group.com\/es\/wp-json\/wp\/v2\/pages\/17809"}],"wp:attachment":[{"href":"https:\/\/www.weyou-group.com\/es\/wp-json\/wp\/v2\/media?parent=17811"}],"curies":[{"name":"wp","href":"https:\/\/api.w.org\/{rel}","templated":true}]}}