{"id":17813,"date":"2023-02-03T11:54:38","date_gmt":"2023-02-03T10:54:38","guid":{"rendered":"https:\/\/www.weyou-group.com\/solutions-digitales\/weyou-app"},"modified":"2025-02-12T16:28:16","modified_gmt":"2025-02-12T15:28:16","slug":"weyou-app","status":"publish","type":"page","link":"https:\/\/www.weyou-group.com\/es\/soluciones-digitales\/weyou-app\/","title":{"rendered":"Weyou App"},"content":{"rendered":"\t\t<div data-elementor-type=\"wp-page\" data-elementor-id=\"17813\" class=\"elementor elementor-17813 elementor-6110\">\r\n\t\t\t\t<div class=\"elementor-element elementor-element-5c3703d e-flex e-con-boxed wpr-particle-no wpr-jarallax-no wpr-parallax-no wpr-sticky-section-no e-con e-parent\" data-id=\"5c3703d\" data-element_type=\"container\">\r\n\t\t\t\t\t<div class=\"e-con-inner\">\r\n\t\t<div class=\"elementor-element elementor-element-9a38855 e-con-full e-flex wpr-particle-no wpr-jarallax-no wpr-parallax-no wpr-sticky-section-no e-con e-child\" data-id=\"9a38855\" data-element_type=\"container\">\r\n\t\t\t\t<div class=\"elementor-element elementor-element-158d38e elementor-widget elementor-widget-heading\" data-id=\"158d38e\" data-element_type=\"widget\" data-widget_type=\"heading.default\">\r\n\t\t\t\t<div class=\"elementor-widget-container\">\r\n\t\t\t<h2 class=\"elementor-heading-title elementor-size-default\">La aplicaci\u00f3n M\u00f3vil para gestionar la participaci\u00f3n durante el evento de todos los participantes.<\/h2>\t\t<\/div>\r\n\t\t\t\t<\/div>\r\n\t\t\t\t<div class=\"elementor-element elementor-element-f5a7ea9 elementor-widget elementor-widget-text-editor\" data-id=\"f5a7ea9\" data-element_type=\"widget\" data-widget_type=\"text-editor.default\">\r\n\t\t\t\t<div class=\"elementor-widget-container\">\r\n\t\t\t\t\t\t\t<div class=\"wpb_text_column wpb_content_element \"><div><span style=\"font-family: arial, sans-serif;\">Weyou App re\u00fane Weyou Analytics, la agenda de la reuni\u00f3n, mensajes para expositores\/principales tomadores de decisiones e informaci\u00f3n pr\u00e1ctica y log\u00edstica en tiempo real de los participantes.<\/span><\/div><\/div>\t\t\t\t\t\t<\/div>\r\n\t\t\t\t<\/div>\r\n\t\t\t\t<div class=\"elementor-element elementor-element-cbfc56c elementor-widget elementor-widget-text-editor\" data-id=\"cbfc56c\" data-element_type=\"widget\" data-widget_type=\"text-editor.default\">\r\n\t\t\t\t<div class=\"elementor-widget-container\">\r\n\t\t\t\t\t\t\t<div class=\"wpb_text_column wpb_content_element \"><div><span style=\"font-family: arial, sans-serif;\">El lanzamiento fue un verdadero \u00e9xito con una entrada entre los 60 primeros en la App Store durante la primera semana.<\/span><\/div><\/div>\t\t\t\t\t\t<\/div>\r\n\t\t\t\t<\/div>\r\n\t\t<div class=\"elementor-element elementor-element-3361b97 e-con-full e-flex wpr-particle-no wpr-jarallax-no wpr-parallax-no wpr-sticky-section-no e-con e-child\" data-id=\"3361b97\" data-element_type=\"container\">\r\n\t\t\t\t<div class=\"elementor-element elementor-element-b5a7033 elementor-widget elementor-widget-image\" data-id=\"b5a7033\" data-element_type=\"widget\" data-widget_type=\"image.default\">\r\n\t\t\t\t<div class=\"elementor-widget-container\">\r\n\t\t\t\t\t\t\t\t\t\t\t\t\t<img alt=\"\" decoding=\"async\" width=\"200\" height=\"60\" src=\"https:\/\/www.weyou-group.com\/wp-content\/uploads\/2023\/02\/Google-Play-Store.png\" class=\"attachment-large size-large wp-image-6195\" alt=\"\" \/>\t\t\t\t\t\t\t\t\t\t\t\t\t<\/div>\r\n\t\t\t\t<\/div>\r\n\t\t\t\t<div class=\"elementor-element elementor-element-8e92db4 elementor-widget elementor-widget-image\" data-id=\"8e92db4\" data-element_type=\"widget\" data-widget_type=\"image.default\">\r\n\t\t\t\t<div class=\"elementor-widget-container\">\r\n\t\t\t\t\t\t\t\t\t\t\t\t\t<img alt=\"\" decoding=\"async\" width=\"200\" height=\"60\" src=\"https:\/\/www.weyou-group.com\/wp-content\/uploads\/2023\/02\/Apple-Store.png\" class=\"attachment-large size-large wp-image-6196\" alt=\"\" \/>\t\t\t\t\t\t\t\t\t\t\t\t\t<\/div>\r\n\t\t\t\t<\/div>\r\n\t\t\t\t<\/div>\r\n\t\t\t\t<\/div>\r\n\t\t\t\t<div class=\"elementor-element elementor-element-ae83d8c elementor-widget elementor-widget-image\" data-id=\"ae83d8c\" data-element_type=\"widget\" data-widget_type=\"image.default\">\r\n\t\t\t\t<div class=\"elementor-widget-container\">\r\n\t\t\t\t\t\t\t\t\t\t\t\t\t<img decoding=\"async\" src=\"https:\/\/www.weyou-group.com\/wp-content\/uploads\/2024\/06\/WYG-logo-2024_RVB_app.png\" title=\"Weyou App\" alt=\"Weyou App\" loading=\"lazy\" \/>\t\t\t\t\t\t\t\t\t\t\t\t\t<\/div>\r\n\t\t\t\t<\/div>\r\n\t\t\t\t\t<\/div>\r\n\t\t\t\t<\/div>\r\n\t\t\t\t<\/div>\r\n\t\t","protected":false},"excerpt":{"rendered":"<p>La aplicaci\u00f3n M\u00f3vil para gestionar la participaci\u00f3n durante el evento de todos los participantes. Weyou App re\u00fane Weyou Analytics, la agenda de la reuni\u00f3n, mensajes para expositores\/principales tomadores de decisiones e informaci\u00f3n pr\u00e1ctica y log\u00edstica en tiempo real de los participantes.El lanzamiento fue un verdadero \u00e9xito con una entrada entre los 60 primeros en la App Store durante la primera semana.<\/p>\n","protected":false},"author":11,"featured_media":0,"parent":17809,"menu_order":0,"comment_status":"closed","ping_status":"closed","template":"","meta":{"_seopress_robots_primary_cat":"","_seopress_titles_title":"","_seopress_titles_desc":"","_seopress_robots_index":"","footnotes":""},"class_list":["post-17813","page","type-page","status-publish"],"blocksy_meta":[],"rttpg_featured_image_url":null,"rttpg_author":{"display_name":"agadrat","author_link":"https:\/\/www.weyou-group.com\/es\/author\/agadrat\/"},"rttpg_comment":0,"rttpg_category":false,"rttpg_excerpt":"La aplicaci\u00f3n M\u00f3vil para gestionar la participaci\u00f3n durante el evento de todos los participantes. Weyou App re\u00fane Weyou Analytics, la agenda de la reuni\u00f3n, mensajes para expositores\/principales tomadores de decisiones e informaci\u00f3n pr\u00e1ctica y log\u00edstica en tiempo real de los participantes.El lanzamiento fue un verdadero \u00e9xito con una entrada entre los 60 primeros en la&hellip;","_links":{"self":[{"href":"https:\/\/www.weyou-group.com\/es\/wp-json\/wp\/v2\/pages\/17813","targetHints":{"allow":["GET"]}}],"collection":[{"href":"https:\/\/www.weyou-group.com\/es\/wp-json\/wp\/v2\/pages"}],"about":[{"href":"https:\/\/www.weyou-group.com\/es\/wp-json\/wp\/v2\/types\/page"}],"author":[{"embeddable":true,"href":"https:\/\/www.weyou-group.com\/es\/wp-json\/wp\/v2\/users\/11"}],"replies":[{"embeddable":true,"href":"https:\/\/www.weyou-group.com\/es\/wp-json\/wp\/v2\/comments?post=17813"}],"version-history":[{"count":6,"href":"https:\/\/www.weyou-group.com\/es\/wp-json\/wp\/v2\/pages\/17813\/revisions"}],"predecessor-version":[{"id":20309,"href":"https:\/\/www.weyou-group.com\/es\/wp-json\/wp\/v2\/pages\/17813\/revisions\/20309"}],"up":[{"embeddable":true,"href":"https:\/\/www.weyou-group.com\/es\/wp-json\/wp\/v2\/pages\/17809"}],"wp:attachment":[{"href":"https:\/\/www.weyou-group.com\/es\/wp-json\/wp\/v2\/media?parent=17813"}],"curies":[{"name":"wp","href":"https:\/\/api.w.org\/{rel}","templated":true}]}}