{"id":17830,"date":"2024-04-11T11:44:52","date_gmt":"2024-04-11T10:44:52","guid":{"rendered":"https:\/\/www.weyou-group.com\/presse"},"modified":"2025-02-25T13:46:37","modified_gmt":"2025-02-25T12:46:37","slug":"prensa","status":"publish","type":"page","link":"https:\/\/www.weyou-group.com\/es\/prensa\/","title":{"rendered":"Prensa"},"content":{"rendered":"\t\t<div data-elementor-type=\"wp-page\" data-elementor-id=\"17830\" class=\"elementor elementor-17830 elementor-8473\">\r\n\t\t\t\t\t\t<section class=\"elementor-section elementor-top-section elementor-element elementor-element-73a922241 elementor-section-boxed elementor-section-height-default elementor-section-height-default wpr-particle-no wpr-jarallax-no wpr-parallax-no wpr-sticky-section-no\" data-id=\"73a922241\" data-element_type=\"section\" id=\"layout-11\">\r\n\t\t\t\t\t\t<div class=\"elementor-container elementor-column-gap-default\">\r\n\t\t\t\t\t<div class=\"elementor-column elementor-col-100 elementor-top-column elementor-element elementor-element-4363950a\" data-id=\"4363950a\" data-element_type=\"column\">\r\n\t\t\t<div class=\"elementor-widget-wrap elementor-element-populated\">\r\n\t\t\t\t\t\t<div class=\"elementor-element elementor-element-6c0f8148 wpr-grid-slider-nav-position-custom elementor-widget elementor-widget-wpr-magazine-grid\" data-id=\"6c0f8148\" data-element_type=\"widget\" data-widget_type=\"wpr-magazine-grid.default\">\r\n\t\t\t\t<div class=\"elementor-widget-container\">\r\n\t\t\t<div class=\"wpr-magazine-grid-wrap\"  data-slide-effect=\"slide\"><section class=\"wpr-magazine-grid wpr-mgzn-grid-2-h wpr-mgzn-grid-rows-1\"><article class=\"wpr-mgzn-grid-item elementor-clearfix post-17832 page type-page status-publish has-post-thumbnail\"><div class=\"wpr-grid-item-inner\"><div class=\"wpr-grid-media-wrap\" data-overlay-link=\"yes\"><div class=\"wpr-grid-image-wrap\" data-src=\"https:\/\/www.weyou-group.com\/wp-content\/uploads\/2024\/04\/29-768x512-1.jpg\" style=\"background-image: url(https:\/\/www.weyou-group.com\/wp-content\/uploads\/2024\/04\/29-768x512-1.jpg)\"><\/div><div class=\"wpr-grid-media-hover wpr-animation-wrap\"><div class=\"wpr-grid-media-hover-bg  wpr-overlay-fade-out wpr-anim-size-medium wpr-anim-timing-ease-default wpr-anim-transparency\" data-url=\"https:\/\/www.weyou-group.com\/es\/prensa\/prensa-grupo\/\"><\/div><div class=\"wpr-grid-media-hover-bottom elementor-clearfix\"><h2 class=\"wpr-grid-item-title elementor-repeater-item-f0ad6cb wpr-grid-item-display-block wpr-grid-item-align-left wpr-element-fade-out wpr-anim-size-medium wpr-anim-timing-ease-default wpr-anim-transparency wpr-pointer-none wpr-pointer-line-fx wpr-pointer-fx-slide\"><div class=\"inner-block\"><a  target=\"_self\"  href=\"https:\/\/www.weyou-group.com\/es\/prensa\/prensa-grupo\/\">Prensa Grupo<\/a><\/div><\/h2><div class=\"wpr-grid-item-excerpt elementor-repeater-item-2dd36b7 wpr-grid-item-display-inline wpr-grid-item-align-left wpr-element-fade-out wpr-anim-size-medium wpr-anim-timing-ease-default wpr-anim-transparency\"><div class=\"inner-block\"><p>Weyou Group renueva su asociaci\u00f3n con el Palacio de Festivales y Congresos de Cannes y la ciudad de Cannes.&hellip;<\/p><\/div><\/div><div class=\"wpr-grid-item-read-more elementor-repeater-item-b746ef6 wpr-grid-item-display-inline wpr-grid-item-align-left\"><div class=\"inner-block\"><a target=\"_self\" href=\"https:\/\/www.weyou-group.com\/es\/prensa\/prensa-grupo\/\" class=\"wpr-button-effect elementor-animation-float\"><span>M\u00e1s informaci\u00f3n<\/span><span class=\"wpr-grid-extra-icon-right\"><svg aria-hidden=\"true\" class=\"e-font-icon-svg e-fas-plus-circle\" viewBox=\"0 0 512 512\" xmlns=\"http:\/\/www.w3.org\/2000\/svg\"><path d=\"M256 8C119 8 8 119 8 256s111 248 248 248 248-111 248-248S393 8 256 8zm144 276c0 6.6-5.4 12-12 12h-92v92c0 6.6-5.4 12-12 12h-56c-6.6 0-12-5.4-12-12v-92h-92c-6.6 0-12-5.4-12-12v-56c0-6.6 5.4-12 12-12h92v-92c0-6.6 5.4-12 12-12h56c6.6 0 12 5.4 12 12v92h92c6.6 0 12 5.4 12 12v56z\"><\/path><\/svg><\/span><\/a><\/div><\/div><\/div><\/div><\/div><\/div><\/article><article class=\"wpr-mgzn-grid-item elementor-clearfix post-17834 page type-page status-publish has-post-thumbnail\"><div class=\"wpr-grid-item-inner\"><div class=\"wpr-grid-media-wrap\" data-overlay-link=\"yes\"><div class=\"wpr-grid-image-wrap\" data-src=\"https:\/\/www.weyou-group.com\/wp-content\/uploads\/2024\/09\/presse-evenements.jpg\" style=\"background-image: url(https:\/\/www.weyou-group.com\/wp-content\/uploads\/2024\/09\/presse-evenements.jpg)\"><\/div><div class=\"wpr-grid-media-hover wpr-animation-wrap\"><div class=\"wpr-grid-media-hover-bg  wpr-overlay-fade-out wpr-anim-size-medium wpr-anim-timing-ease-default wpr-anim-transparency\" data-url=\"https:\/\/www.weyou-group.com\/es\/prensa\/eventos-prensa\/\"><\/div><div class=\"wpr-grid-media-hover-bottom elementor-clearfix\"><h2 class=\"wpr-grid-item-title elementor-repeater-item-f0ad6cb wpr-grid-item-display-block wpr-grid-item-align-left wpr-element-fade-out wpr-anim-size-medium wpr-anim-timing-ease-default wpr-anim-transparency wpr-pointer-none wpr-pointer-line-fx wpr-pointer-fx-slide\"><div class=\"inner-block\"><a  target=\"_self\"  href=\"https:\/\/www.weyou-group.com\/es\/prensa\/eventos-prensa\/\">Eventos Prensa<\/a><\/div><\/h2><div class=\"wpr-grid-item-excerpt elementor-repeater-item-2dd36b7 wpr-grid-item-display-inline wpr-grid-item-align-left wpr-element-fade-out wpr-anim-size-medium wpr-anim-timing-ease-default wpr-anim-transparency\"><div class=\"inner-block\"><p>All4Customer Meetings Prensa Leer m\u00e1s Healthcare Meetings Prensa Leer m\u00e1s Heavent Meetings Prensa Leer m\u00e1s Hotel &#038; Restaurant Meetings&hellip;<\/p><\/div><\/div><div class=\"wpr-grid-item-read-more elementor-repeater-item-b746ef6 wpr-grid-item-display-inline wpr-grid-item-align-left\"><div class=\"inner-block\"><a target=\"_self\" href=\"https:\/\/www.weyou-group.com\/es\/prensa\/eventos-prensa\/\" class=\"wpr-button-effect elementor-animation-float\"><span>M\u00e1s informaci\u00f3n<\/span><span class=\"wpr-grid-extra-icon-right\"><svg aria-hidden=\"true\" class=\"e-font-icon-svg e-fas-plus-circle\" viewBox=\"0 0 512 512\" xmlns=\"http:\/\/www.w3.org\/2000\/svg\"><path d=\"M256 8C119 8 8 119 8 256s111 248 248 248 248-111 248-248S393 8 256 8zm144 276c0 6.6-5.4 12-12 12h-92v92c0 6.6-5.4 12-12 12h-56c-6.6 0-12-5.4-12-12v-92h-92c-6.6 0-12-5.4-12-12v-56c0-6.6 5.4-12 12-12h92v-92c0-6.6 5.4-12 12-12h56c6.6 0 12 5.4 12 12v92h92c6.6 0 12 5.4 12 12v56z\"><\/path><\/svg><\/span><\/a><\/div><\/div><\/div><\/div><\/div><\/div><\/article><\/section><\/div>\t\t<\/div>\r\n\t\t\t\t<\/div>\r\n\t\t\t\t\t<\/div>\r\n\t\t<\/div>\r\n\t\t\t\t\t<\/div>\r\n\t\t<\/section>\r\n\t\t<div class=\"elementor-element elementor-element-2825e89 e-flex e-con-boxed wpr-particle-no wpr-jarallax-no wpr-parallax-no wpr-sticky-section-no e-con e-parent\" data-id=\"2825e89\" data-element_type=\"container\">\r\n\t\t\t\t\t<div class=\"e-con-inner\">\r\n\t\t\t\t<div class=\"elementor-element elementor-element-021b4ad elementor-widget elementor-widget-spacer\" data-id=\"021b4ad\" data-element_type=\"widget\" data-widget_type=\"spacer.default\">\r\n\t\t\t\t<div class=\"elementor-widget-container\">\r\n\t\t\t\t\t<div class=\"elementor-spacer\">\r\n\t\t\t<div class=\"elementor-spacer-inner\"><\/div>\r\n\t\t<\/div>\r\n\t\t\t\t<\/div>\r\n\t\t\t\t<\/div>\r\n\t\t\t\t\t<\/div>\r\n\t\t\t\t<\/div>\r\n\t\t<div class=\"elementor-element elementor-element-b703dac e-flex e-con-boxed wpr-particle-no wpr-jarallax-no wpr-parallax-no wpr-sticky-section-no e-con e-parent\" data-id=\"b703dac\" data-element_type=\"container\">\r\n\t\t\t\t\t<div class=\"e-con-inner\">\r\n\t\t<div class=\"elementor-element elementor-element-d72f00e e-con-full e-flex wpr-particle-no wpr-jarallax-no wpr-parallax-no wpr-sticky-section-no e-con e-child\" data-id=\"d72f00e\" data-element_type=\"container\">\r\n\t\t\t\t<div class=\"elementor-element elementor-element-6672f1f elementor-widget elementor-widget-heading\" data-id=\"6672f1f\" data-element_type=\"widget\" data-widget_type=\"heading.default\">\r\n\t\t\t\t<div class=\"elementor-widget-container\">\r\n\t\t\t<h2 class=\"elementor-heading-title elementor-size-default\">Cont\u00e1ctenos<\/h2>\t\t<\/div>\r\n\t\t\t\t<\/div>\r\n\t\t\t\t<div class=\"elementor-element elementor-element-d014ffa elementor-widget elementor-widget-text-editor\" data-id=\"d014ffa\" data-element_type=\"widget\" data-widget_type=\"text-editor.default\">\r\n\t\t\t\t<div class=\"elementor-widget-container\">\r\n\t\t\t\t\t\t\t<p>\u00bfTiene una solicitud? Haremos todo lo posible para brindarle una respuesta lo m\u00e1s r\u00e1pido posible.<\/p>\t\t\t\t\t\t<\/div>\r\n\t\t\t\t<\/div>\r\n\t\t\t\t<\/div>\r\n\t\t<div class=\"elementor-element elementor-element-8fc0d6e e-con-full e-flex wpr-particle-no wpr-jarallax-no wpr-parallax-no wpr-sticky-section-no e-con e-child\" data-id=\"8fc0d6e\" data-element_type=\"container\">\r\n\t\t\t\t<div class=\"elementor-element elementor-element-cf9d372 wpr-step-type-number_text wpr-step-content-layout-vertical wpr-custom-styles-yes elementor-widget elementor-widget-wpr-form-builder\" data-id=\"cf9d372\" data-element_type=\"widget\" data-settings=\"{&quot;success_message&quot;:&quot;Transmission r\\u00e9ussie&quot;,&quot;error_message&quot;:&quot;\\u00c9chec de la transmission&quot;,&quot;button_width&quot;:{&quot;unit&quot;:&quot;%&quot;,&quot;size&quot;:39,&quot;sizes&quot;:[]},&quot;button_width_tablet&quot;:{&quot;unit&quot;:&quot;px&quot;,&quot;size&quot;:&quot;&quot;,&quot;sizes&quot;:[]},&quot;button_width_mobile&quot;:{&quot;unit&quot;:&quot;px&quot;,&quot;size&quot;:&quot;&quot;,&quot;sizes&quot;:[]},&quot;step_type&quot;:&quot;number_text&quot;,&quot;step_content_layout&quot;:&quot;vertical&quot;}\" data-widget_type=\"wpr-form-builder.default\">\r\n\t\t\t\t<div class=\"elementor-widget-container\">\r\n\t\t\t\t\t<form class=\"wpr-form\" method=\"post\" name=\"New Form\" page=\"Eventos Prensa\" page_id=\"17834\" novalidate>\r\n\t\t\t<input type=\"hidden\" name=\"post_id\" value=\"17834\"\/>\r\n\t\t\t<input type=\"hidden\" name=\"form_id\" value=\"cf9d372\"\/>\r\n\t\t\t<input type=\"hidden\" name=\"referer_title\" value=\"\" \/>\r\n\r\n\t\t\t<div class=\"wpr-step-wrap\"><span class=\"wpr-step\"><span class=\"wpr-step-content\"><span class=\"wpr-step-number\">1<\/span><\/span><span class=\"wpr-step-label\"><span class=\"wpr-step-main-label\"><\/span><span class=\"wpr-step-sub-label\"><\/span><\/span><\/span><span class=\"wpr-step-sep\"><\/span><span class=\"wpr-step\"><span class=\"wpr-step-content\"><span class=\"wpr-step-number\">2<\/span><\/span><span class=\"wpr-step-label\"><span class=\"wpr-step-main-label\"><\/span><span class=\"wpr-step-sub-label\"><\/span><\/span><\/span><span class=\"wpr-step-sep\"><\/span><span class=\"wpr-step\"><span class=\"wpr-step-content\"><span class=\"wpr-step-number\">3<\/span><\/span><span class=\"wpr-step-label\"><span class=\"wpr-step-main-label\"><\/span><span class=\"wpr-step-sub-label\"><\/span><\/span><\/span><span class=\"wpr-step-sep\"><\/span><\/div>\r\n\t\t\t<div class=\"wpr-form-fields-wrap wpr-labels-above\">\r\n\t\t\t\t<div class=\"wpr-step-tab wpr-step-tab-hidden\">\t\t\t\t\t<div class=\"wpr-form-field-type-step wpr-field-group wpr-column wpr-field-group-a1daa59 elementor-repeater-item-a1daa59\">\r\n\t\t\t\t\t\t<input type=\"hidden\" class=\"wpr-step-input\" id=form-field-a1daa59 value=>\t\t\t\t\t<\/div>\r\n\t\t\t\t\t\t\t\t\t<div class=\"wpr-form-field-type-text wpr-field-group wpr-column wpr-field-group-dc4e46d elementor-repeater-item-dc4e46d\">\r\n\t\t\t\t\t\t\t\t\t\t\t\t\t\t<label for=\"form-field-dc4e46d\" class=\"wpr-form-field-label\">\r\n\t\t\t\t\t\t\t\t\tObjet\t\t\t\t\t\t\t\t<\/label>\r\n\t\t\t\t\t\t\t<input size=\"1 \"type=\"text\" name=\"form_fields[dc4e46d]\" id=\"form-field-dc4e46d\" class=\"wpr-form-field  wpr-form-field-textual\" placeholder=\"Objet de votre demande\">\t\t\t\t\t<\/div>\r\n\t\t\t\t\t\t\t\t\t<div class=\"wpr-form-field-type-textarea wpr-field-group wpr-column wpr-field-group-message elementor-repeater-item-369e97e\">\r\n\t\t\t\t\t\t\t\t\t\t\t\t\t\t<label for=\"form-field-message\" class=\"wpr-form-field-label\">\r\n\t\t\t\t\t\t\t\t\tMessage\t\t\t\t\t\t\t\t<\/label>\r\n\t\t\t\t\t\t\t<textarea class=\"wpr-form-field-textual wpr-form-field \" name=\"form_fields[message]\" id=\"form-field-message\" rows=\"7\" placeholder=\"Veuillez d\u00e9crire votre demande\"><\/textarea>\t\t\t\t\t<\/div>\r\n\t\t\t\t<div class=\"wpr-stp-btns-wrap\"><button type=\"button\" class=\"wpr-step-prev\">Pr\u00e9c\u00e9dent<\/button><button type=\"button\" class=\"wpr-step-next\">Suivant<\/button><\/div><\/div><div class=\"wpr-step-tab wpr-step-tab-hidden\">\t\t\t\t\t<div class=\"wpr-form-field-type-step wpr-field-group wpr-column wpr-field-group-a5514ca elementor-repeater-item-a5514ca\">\r\n\t\t\t\t\t\t<input type=\"hidden\" class=\"wpr-step-input\" id=form-field-a5514ca value=>\t\t\t\t\t<\/div>\r\n\t\t\t\t\t\t\t\t\t<div class=\"wpr-form-field-type-text wpr-field-group wpr-column wpr-field-group-name elementor-repeater-item-e6cdf22\">\r\n\t\t\t\t\t\t\t\t\t\t\t\t\t\t<label for=\"form-field-name\" class=\"wpr-form-field-label\">\r\n\t\t\t\t\t\t\t\t\tNom\t\t\t\t\t\t\t\t<\/label>\r\n\t\t\t\t\t\t\t<input size=\"1 \"type=\"text\" name=\"form_fields[name]\" id=\"form-field-name\" class=\"wpr-form-field  wpr-form-field-textual\" placeholder=\"nom\">\t\t\t\t\t<\/div>\r\n\t\t\t\t\t\t\t\t\t<div class=\"wpr-form-field-type-email wpr-field-group wpr-column wpr-field-group-email elementor-repeater-item-215d8d0\">\r\n\t\t\t\t\t\t\t\t\t\t\t\t\t\t<label for=\"form-field-email\" class=\"wpr-form-field-label\">\r\n\t\t\t\t\t\t\t\t\tEmail\t\t\t\t\t\t\t\t<\/label>\r\n\t\t\t\t\t\t\t<input size=\"1 \"type=\"email\" name=\"form_fields[email]\" id=\"form-field-email\" class=\"wpr-form-field  wpr-form-field-textual\" placeholder=\"email\">\t\t\t\t\t<\/div>\r\n\t\t\t\t\t\t\t\t\t<div class=\"wpr-form-field-type-number wpr-field-group wpr-column wpr-field-group-ee685bf elementor-repeater-item-ee685bf\">\r\n\t\t\t\t\t\t\t\t\t\t\t\t\t\t<label for=\"form-field-ee685bf\" class=\"wpr-form-field-label\">\r\n\t\t\t\t\t\t\t\t\tNum\u00e9ro\t\t\t\t\t\t\t\t<\/label>\r\n\t\t\t\t\t\t\t<input size=\"1 \"type=\"number\" name=\"form_fields[ee685bf]\" id=\"form-field-ee685bf\" class=\"wpr-form-field  wpr-form-field-textual\" placeholder=\"num\u00e9ro de t\u00e9l\u00e9phone\">\t\t\t\t\t<\/div>\r\n\t\t\t\t\t\t\t\t\t<div class=\"wpr-form-field-type-text wpr-field-group wpr-column wpr-field-group-0164956 elementor-repeater-item-0164956\">\r\n\t\t\t\t\t\t\t\t\t\t\t\t\t\t<label for=\"form-field-0164956\" class=\"wpr-form-field-label\">\r\n\t\t\t\t\t\t\t\t\tSoci\u00e9t\u00e9\t\t\t\t\t\t\t\t<\/label>\r\n\t\t\t\t\t\t\t<input size=\"1 \"type=\"text\" name=\"form_fields[0164956]\" id=\"form-field-0164956\" class=\"wpr-form-field  wpr-form-field-textual\" placeholder=\"soci\u00e9t\u00e9\">\t\t\t\t\t<\/div>\r\n\t\t\t\t<div class=\"wpr-stp-btns-wrap\"><button type=\"button\" class=\"wpr-step-prev\">Pr\u00e9c\u00e9dent<\/button><button type=\"button\" class=\"wpr-step-next\">Suivant<\/button><\/div><\/div><div class=\"wpr-step-tab wpr-step-tab-hidden\">\t\t\t\t\t<div class=\"wpr-form-field-type-step wpr-field-group wpr-column wpr-field-group-104c9d0 elementor-repeater-item-104c9d0\">\r\n\t\t\t\t\t\t<input type=\"hidden\" class=\"wpr-step-input\" id=form-field-104c9d0 value=>\t\t\t\t\t<\/div>\r\n\t\t\t\t<div class=\"wpr-field-group wpr-stp-btns-wrap wpr-column wpr-form-field-type-submit\" data-actions=\"[&quot;email&quot;]\" data-redirect-url=\"\" data-mailchimp-fields=\"{&quot;email_field&quot;:&quot;&quot;,&quot;first_name_field&quot;:&quot;&quot;,&quot;last_name_field&quot;:&quot;&quot;,&quot;address_field&quot;:&quot;&quot;,&quot;phone_field&quot;:&quot;&quot;,&quot;birthday_field&quot;:&quot;&quot;,&quot;group_id&quot;:&quot;&quot;}\" data-list-id=\"\"><button type=\"button\" class=\"wpr-step-prev\">Pr\u00e9c\u00e9dent<\/button>\t\t\t<button type=\"submit\" class=\"wpr-button\">\r\n\t\t\t\t<span >\r\n\t\t\t\t\t\t\t\t\t\t\t\t\t<span class=\"wpr-align-icon-left elementor-button-icon\">\r\n\t\t\t<svg aria-hidden=\"true\" class=\"e-font-icon-svg e-far-envelope\" viewBox=\"0 0 512 512\" xmlns=\"http:\/\/www.w3.org\/2000\/svg\"><path d=\"M464 64H48C21.49 64 0 85.49 0 112v288c0 26.51 21.49 48 48 48h416c26.51 0 48-21.49 48-48V112c0-26.51-21.49-48-48-48zm0 48v40.805c-22.422 18.259-58.168 46.651-134.587 106.49-16.841 13.247-50.201 45.072-73.413 44.701-23.208.375-56.579-31.459-73.413-44.701C106.18 199.465 70.425 171.067 48 152.805V112h416zM48 400V214.398c22.914 18.251 55.409 43.862 104.938 82.646 21.857 17.205 60.134 55.186 103.062 54.955 42.717.231 80.509-37.199 103.053-54.947 49.528-38.783 82.032-64.401 104.947-82.653V400H48z\"><\/path><\/svg>\t\t\t\t\t\t\t<span class=\"wpr-hidden-element\">Submit<\/span>\r\n\t\t\t\t\t<\/span>\r\n\t\t\t\t\t\t\t\t\t\t\t\t\t\t\t\t\t<span>Envoy\u00e9<\/span>\r\n\t\t\t\t\t\t\t\t\t\t\t\t\t\t<\/span>\t\r\n\t\t\t\t<div class=\"wpr-double-bounce wpr-loader-hidden\">\r\n\t\t\t\t\t<div class=\"wpr-child wpr-double-bounce1\"><\/div>\r\n\t\t\t\t\t<div class=\"wpr-child wpr-double-bounce2\"><\/div>\r\n\t\t\t\t<\/div>\r\n\t\t\t<\/button>\r\n\t\t<\/div><\/div>\t\t\t\t\r\n\t\t\t<\/div>\r\n\t\t<\/form>\r\n\t  \t\t<\/div>\r\n\t\t\t\t<\/div>\r\n\t\t\t\t<\/div>\r\n\t\t\t\t\t<\/div>\r\n\t\t\t\t<\/div>\r\n\t\t\t\t<\/div>\r\n\t\t","protected":false},"excerpt":{"rendered":"<p>Prensa Grupo Weyou Group renueva su asociaci\u00f3n con el Palacio de Festivales y Congresos de Cannes y la ciudad de Cannes.&hellip; M\u00e1s informaci\u00f3n Eventos Prensa All4Customer Meetings Prensa Leer m\u00e1s Healthcare Meetings Prensa Leer m\u00e1s Heavent Meetings Prensa Leer m\u00e1s Hotel &#038; Restaurant Meetings&hellip; M\u00e1s informaci\u00f3n Cont\u00e1ctenos \u00bfTiene una solicitud? Haremos todo lo posible para brindarle una respuesta lo m\u00e1s r\u00e1pido posible. 123 Objet Message Pr\u00e9c\u00e9dentSuivant Nom Email Num\u00e9ro Soci\u00e9t\u00e9 Pr\u00e9c\u00e9dentSuivant Pr\u00e9c\u00e9dent Submit Envoy\u00e9<\/p>\n","protected":false},"author":23,"featured_media":0,"parent":0,"menu_order":4,"comment_status":"closed","ping_status":"closed","template":"","meta":{"_seopress_robots_primary_cat":"","_seopress_titles_title":"","_seopress_titles_desc":"","_seopress_robots_index":"","footnotes":""},"class_list":["post-17830","page","type-page","status-publish"],"blocksy_meta":[],"rttpg_featured_image_url":null,"rttpg_author":{"display_name":"Joan Missegue","author_link":"https:\/\/www.weyou-group.com\/es\/author\/jmissegue\/"},"rttpg_comment":0,"rttpg_category":false,"rttpg_excerpt":"Prensa Grupo Weyou Group renueva su asociaci\u00f3n con el Palacio de Festivales y Congresos de Cannes y la ciudad de Cannes.&hellip; M\u00e1s informaci\u00f3n Eventos Prensa All4Customer Meetings Prensa Leer m\u00e1s Healthcare Meetings Prensa Leer m\u00e1s Heavent Meetings Prensa Leer m\u00e1s Hotel &#038; Restaurant Meetings&hellip; M\u00e1s informaci\u00f3n Cont\u00e1ctenos \u00bfTiene una solicitud? Haremos todo lo posible para&hellip;","_links":{"self":[{"href":"https:\/\/www.weyou-group.com\/es\/wp-json\/wp\/v2\/pages\/17830","targetHints":{"allow":["GET"]}}],"collection":[{"href":"https:\/\/www.weyou-group.com\/es\/wp-json\/wp\/v2\/pages"}],"about":[{"href":"https:\/\/www.weyou-group.com\/es\/wp-json\/wp\/v2\/types\/page"}],"author":[{"embeddable":true,"href":"https:\/\/www.weyou-group.com\/es\/wp-json\/wp\/v2\/users\/23"}],"replies":[{"embeddable":true,"href":"https:\/\/www.weyou-group.com\/es\/wp-json\/wp\/v2\/comments?post=17830"}],"version-history":[{"count":16,"href":"https:\/\/www.weyou-group.com\/es\/wp-json\/wp\/v2\/pages\/17830\/revisions"}],"predecessor-version":[{"id":21272,"href":"https:\/\/www.weyou-group.com\/es\/wp-json\/wp\/v2\/pages\/17830\/revisions\/21272"}],"wp:attachment":[{"href":"https:\/\/www.weyou-group.com\/es\/wp-json\/wp\/v2\/media?parent=17830"}],"curies":[{"name":"wp","href":"https:\/\/api.w.org\/{rel}","templated":true}]}}