{"id":17832,"date":"2024-05-02T17:43:16","date_gmt":"2024-05-02T16:43:16","guid":{"rendered":"https:\/\/www.weyou-group.com\/presse\/groupe"},"modified":"2025-02-18T17:43:23","modified_gmt":"2025-02-18T16:43:23","slug":"prensa-grupo","status":"publish","type":"page","link":"https:\/\/www.weyou-group.com\/es\/prensa\/prensa-grupo\/","title":{"rendered":"Prensa Grupo"},"content":{"rendered":"\t\t<div data-elementor-type=\"wp-page\" data-elementor-id=\"17832\" class=\"elementor elementor-17832 elementor-13056\">\r\n\t\t\t\t<div class=\"elementor-element elementor-element-325b1a8 e-con-full e-flex wpr-particle-no wpr-jarallax-no wpr-parallax-no wpr-sticky-section-no e-con e-parent\" data-id=\"325b1a8\" data-element_type=\"container\">\r\n\t\t\t\t<div class=\"elementor-element elementor-element-efcf7c7 elementor-widget elementor-widget-heading\" data-id=\"efcf7c7\" data-element_type=\"widget\" data-widget_type=\"heading.default\">\r\n\t\t\t\t<div class=\"elementor-widget-container\">\r\n\t\t\t<h2 class=\"elementor-heading-title elementor-size-default\">Weyou Group renueva su asociaci\u00f3n con el Palacio de Festivales y Congresos de Cannes y la ciudad de Cannes.<\/h2>\t\t<\/div>\r\n\t\t\t\t<\/div>\r\n\t\t\t\t<div class=\"elementor-element elementor-element-fccb09f elementor-widget elementor-widget-text-editor\" data-id=\"fccb09f\" data-element_type=\"widget\" data-widget_type=\"text-editor.default\">\r\n\t\t\t\t<div class=\"elementor-widget-container\">\r\n\t\t\t\t\t\t\t<p>Jean-Michel Arnaud, Presidente del Palacio de Festivales y Congresos, y Romuald Gadrat, Presidente de Weyou Group, han oficializado la renovaci\u00f3n de 8 eventos one-to-one en Cannes.<\/p>\t\t\t\t\t\t<\/div>\r\n\t\t\t\t<\/div>\r\n\t\t<div class=\"elementor-element elementor-element-01bf406 e-con-full e-grid wpr-particle-no wpr-jarallax-no wpr-parallax-no wpr-sticky-section-no e-con e-child\" data-id=\"01bf406\" data-element_type=\"container\">\r\n\t\t\t\t<div class=\"elementor-element elementor-element-1f0448c elementor-widget elementor-widget-image\" data-id=\"1f0448c\" data-element_type=\"widget\" data-widget_type=\"image.default\">\r\n\t\t\t\t<div class=\"elementor-widget-container\">\r\n\t\t\t\t\t\t\t\t\t\t\t\t\t<img alt=\"\" fetchpriority=\"high\" decoding=\"async\" width=\"800\" height=\"533\" src=\"https:\/\/www.weyou-group.com\/wp-content\/uploads\/2025\/02\/1738776758882.jpg\" class=\"attachment-large size-large wp-image-20907\" alt=\"\" \/>\t\t\t\t\t\t\t\t\t\t\t\t\t<\/div>\r\n\t\t\t\t<\/div>\r\n\t\t\t\t<div class=\"elementor-element elementor-element-56d73ec wpr-button-icon-style-inline wpr-button-icon-position-right wpr-button-tooltip-position-bottom elementor-widget elementor-widget-wpr-button\" data-id=\"56d73ec\" data-element_type=\"widget\" data-widget_type=\"wpr-button.default\">\r\n\t\t\t\t<div class=\"elementor-widget-container\">\r\n\t\t\t\t\r\n\t\t\t\r\n\t\t\r\n\t\t<div class=\"wpr-button-wrap elementor-clearfix\">\r\n\t\t<a class=\"wpr-button wpr-button-effect wpr-button-isi-left\" data-text=\"Go\" href=\"https:\/\/www.linkedin.com\/posts\/palais-des-festivals-et-des-congres-de-cannes_cannes-cotedazurfrance-palaisdesfestivals-activity-7292958318615056384-SiAh?utm_source=share&#038;utm_medium=member_desktop\" target=\"_blank\">\r\n\t\t\t\r\n\t\t\t<span class=\"wpr-button-content\">\r\n\t\t\t\t\t\t\t\t\t<span class=\"wpr-button-text\">Leer m\u00e1s<\/span>\r\n\t\t\t\t\t\t\t\t\r\n\t\t\t\t\t\t\t\t\t<span class=\"wpr-button-icon\"><svg class=\"e-font-icon-svg e-fas-chevron-circle-right\" viewBox=\"0 0 512 512\" xmlns=\"http:\/\/www.w3.org\/2000\/svg\"><path d=\"M256 8c137 0 248 111 248 248S393 504 256 504 8 393 8 256 119 8 256 8zm113.9 231L234.4 103.5c-9.4-9.4-24.6-9.4-33.9 0l-17 17c-9.4 9.4-9.4 24.6 0 33.9L285.1 256 183.5 357.6c-9.4 9.4-9.4 24.6 0 33.9l17 17c9.4 9.4 24.6 9.4 33.9 0L369.9 273c9.4-9.4 9.4-24.6 0-34z\"><\/path><\/svg><\/span>\r\n\t\t\t\t\t\t\t<\/span>\r\n\t\t<\/a>\r\n\r\n\t\t\t\t<\/div>\r\n\t\r\n\t\r\n\t\t\t<\/div>\r\n\t\t\t\t<\/div>\r\n\t\t\t\t<\/div>\r\n\t\t\t\t<\/div>\r\n\t\t<div class=\"elementor-element elementor-element-a13defc e-con-full e-flex wpr-particle-no wpr-jarallax-no wpr-parallax-no wpr-sticky-section-no e-con e-parent\" data-id=\"a13defc\" data-element_type=\"container\">\r\n\t\t\t\t<div class=\"elementor-element elementor-element-142304e elementor-widget elementor-widget-heading\" data-id=\"142304e\" data-element_type=\"widget\" data-widget_type=\"heading.default\">\r\n\t\t\t\t<div class=\"elementor-widget-container\">\r\n\t\t\t<h2 class=\"elementor-heading-title elementor-size-default\">Weyou Group anuncia la creaci\u00f3n de Weyou Espa\u00f1a que se encargar\u00e1 del despliegue del grupo en este gran pa\u00eds!<\/h2>\t\t<\/div>\r\n\t\t\t\t<\/div>\r\n\t\t\t\t<div class=\"elementor-element elementor-element-609aeba elementor-widget elementor-widget-text-editor\" data-id=\"609aeba\" data-element_type=\"widget\" data-widget_type=\"text-editor.default\">\r\n\t\t\t\t<div class=\"elementor-widget-container\">\r\n\t\t\t\t\t\t\t<p>Weyou Group , l\u00edder en la organizaci\u00f3n de ferias BtoB de tama\u00f1o medio en Francia (en Par\u00eds y Cannes), anuncia la creaci\u00f3n de Weyou Espa\u00f1a. Este desarrollo comenzar\u00e1 con el lanzamiento de cinco ferias One to one Meetings en Marbella a partir de noviembre de 2025. Estos eventos han sido seleccionados entre las ferias francesas del grupo consideradas las m\u00e1s relevantes para las necesidades de los Top Decision Makers (compradores) espa\u00f1oles.<\/p>\t\t\t\t\t\t<\/div>\r\n\t\t\t\t<\/div>\r\n\t\t<div class=\"elementor-element elementor-element-d86b3d5 e-con-full e-grid wpr-particle-no wpr-jarallax-no wpr-parallax-no wpr-sticky-section-no e-con e-child\" data-id=\"d86b3d5\" data-element_type=\"container\">\r\n\t\t\t\t<div class=\"elementor-element elementor-element-7b90570 elementor-widget elementor-widget-image\" data-id=\"7b90570\" data-element_type=\"widget\" data-widget_type=\"image.default\">\r\n\t\t\t\t<div class=\"elementor-widget-container\">\r\n\t\t\t\t\t\t\t\t\t\t\t\t\t<img alt=\"\" decoding=\"async\" width=\"1024\" height=\"640\" src=\"https:\/\/www.weyou-group.com\/wp-content\/uploads\/2025\/02\/blog-marbella-1024x640-1.jpg\" class=\"attachment-large size-large wp-image-20920\" alt=\"\" \/>\t\t\t\t\t\t\t\t\t\t\t\t\t<\/div>\r\n\t\t\t\t<\/div>\r\n\t\t\t\t<div class=\"elementor-element elementor-element-959cf05 wpr-button-icon-style-inline wpr-button-icon-position-right wpr-button-tooltip-position-bottom elementor-widget elementor-widget-wpr-button\" data-id=\"959cf05\" data-element_type=\"widget\" data-widget_type=\"wpr-button.default\">\r\n\t\t\t\t<div class=\"elementor-widget-container\">\r\n\t\t\t\t\r\n\t\t\t\r\n\t\t\r\n\t\t<div class=\"wpr-button-wrap elementor-clearfix\">\r\n\t\t<a class=\"wpr-button wpr-button-effect wpr-button-isi-left\" data-text=\"Go\" href=\"https:\/\/www.weyou-group.com\/wp-content\/uploads\/2024\/09\/CP-WEYOU-EN-ES-FR.pdf\" target=\"_blank\">\r\n\t\t\t\r\n\t\t\t<span class=\"wpr-button-content\">\r\n\t\t\t\t\t\t\t\t\t<span class=\"wpr-button-text\">Leer m\u00e1s<\/span>\r\n\t\t\t\t\t\t\t\t\r\n\t\t\t\t\t\t\t\t\t<span class=\"wpr-button-icon\"><svg class=\"e-font-icon-svg e-fas-chevron-circle-right\" viewBox=\"0 0 512 512\" xmlns=\"http:\/\/www.w3.org\/2000\/svg\"><path d=\"M256 8c137 0 248 111 248 248S393 504 256 504 8 393 8 256 119 8 256 8zm113.9 231L234.4 103.5c-9.4-9.4-24.6-9.4-33.9 0l-17 17c-9.4 9.4-9.4 24.6 0 33.9L285.1 256 183.5 357.6c-9.4 9.4-9.4 24.6 0 33.9l17 17c9.4 9.4 24.6 9.4 33.9 0L369.9 273c9.4-9.4 9.4-24.6 0-34z\"><\/path><\/svg><\/span>\r\n\t\t\t\t\t\t\t<\/span>\r\n\t\t<\/a>\r\n\r\n\t\t\t\t<\/div>\r\n\t\r\n\t\r\n\t\t\t<\/div>\r\n\t\t\t\t<\/div>\r\n\t\t\t\t<\/div>\r\n\t\t\t\t<\/div>\r\n\t\t<div class=\"elementor-element elementor-element-22d9b75 e-con-full e-flex wpr-particle-no wpr-jarallax-no wpr-parallax-no wpr-sticky-section-no e-con e-parent\" data-id=\"22d9b75\" data-element_type=\"container\">\r\n\t\t\t\t<div class=\"elementor-element elementor-element-b276ed4 elementor-widget elementor-widget-heading\" data-id=\"b276ed4\" data-element_type=\"widget\" data-widget_type=\"heading.default\">\r\n\t\t\t\t<div class=\"elementor-widget-container\">\r\n\t\t\t<h2 class=\"elementor-heading-title elementor-size-default\">David Lisnard entrega el diploma de Ciudadano de Honor de Cannes a Romuald Gadrat, presidente de Weyou Group.<\/h2>\t\t<\/div>\r\n\t\t\t\t<\/div>\r\n\t\t\t\t<div class=\"elementor-element elementor-element-e46902e elementor-widget elementor-widget-text-editor\" data-id=\"e46902e\" data-element_type=\"widget\" data-widget_type=\"text-editor.default\">\r\n\t\t\t\t<div class=\"elementor-widget-container\">\r\n\t\t\t\t\t\t\t<p>David Lisnard entrega el diploma de Ciudadano de Honor de Cannes a Romuald Gadrat, Presidente de Weyou Group, por su apoyo inquebrantable al sector de eventos de Cannes y su contribuci\u00f3n al prestigio del territorio a trav\u00e9s de la organizaci\u00f3n de sus 8 salones anuales.<\/p>\t\t\t\t\t\t<\/div>\r\n\t\t\t\t<\/div>\r\n\t\t<div class=\"elementor-element elementor-element-ae6947f e-con-full e-grid wpr-particle-no wpr-jarallax-no wpr-parallax-no wpr-sticky-section-no e-con e-child\" data-id=\"ae6947f\" data-element_type=\"container\">\r\n\t\t\t\t<div class=\"elementor-element elementor-element-415e1f0 elementor-widget elementor-widget-image\" data-id=\"415e1f0\" data-element_type=\"widget\" data-widget_type=\"image.default\">\r\n\t\t\t\t<div class=\"elementor-widget-container\">\r\n\t\t\t\t\t\t\t\t\t\t\t\t\t<img alt=\"\" decoding=\"async\" width=\"1024\" height=\"640\" src=\"https:\/\/www.weyou-group.com\/wp-content\/uploads\/2025\/02\/remise-diplome-citoyen-dhonneur-de-cannes-2024-1-1024x640.jpg\" class=\"attachment-large size-large wp-image-20910\" alt=\"\" \/>\t\t\t\t\t\t\t\t\t\t\t\t\t<\/div>\r\n\t\t\t\t<\/div>\r\n\t\t\t\t<div class=\"elementor-element elementor-element-8758179 wpr-button-icon-style-inline wpr-button-icon-position-right wpr-button-tooltip-position-bottom elementor-widget elementor-widget-wpr-button\" data-id=\"8758179\" data-element_type=\"widget\" data-widget_type=\"wpr-button.default\">\r\n\t\t\t\t<div class=\"elementor-widget-container\">\r\n\t\t\t\t\r\n\t\t\t\r\n\t\t\r\n\t\t<div class=\"wpr-button-wrap elementor-clearfix\">\r\n\t\t<a class=\"wpr-button wpr-button-effect wpr-button-isi-left\" data-text=\"Go\" href=\"https:\/\/www.pressealpesmaritimes.com\/?p=40974https:\/\/www.pressealpesmaritimes.com\/?p=40974\" target=\"_blank\">\r\n\t\t\t\r\n\t\t\t<span class=\"wpr-button-content\">\r\n\t\t\t\t\t\t\t\t\t<span class=\"wpr-button-text\">Leer m\u00e1s<\/span>\r\n\t\t\t\t\t\t\t\t\r\n\t\t\t\t\t\t\t\t\t<span class=\"wpr-button-icon\"><svg class=\"e-font-icon-svg e-fas-chevron-circle-right\" viewBox=\"0 0 512 512\" xmlns=\"http:\/\/www.w3.org\/2000\/svg\"><path d=\"M256 8c137 0 248 111 248 248S393 504 256 504 8 393 8 256 119 8 256 8zm113.9 231L234.4 103.5c-9.4-9.4-24.6-9.4-33.9 0l-17 17c-9.4 9.4-9.4 24.6 0 33.9L285.1 256 183.5 357.6c-9.4 9.4-9.4 24.6 0 33.9l17 17c9.4 9.4 24.6 9.4 33.9 0L369.9 273c9.4-9.4 9.4-24.6 0-34z\"><\/path><\/svg><\/span>\r\n\t\t\t\t\t\t\t<\/span>\r\n\t\t<\/a>\r\n\r\n\t\t\t\t<\/div>\r\n\t\r\n\t\r\n\t\t\t<\/div>\r\n\t\t\t\t<\/div>\r\n\t\t\t\t<\/div>\r\n\t\t\t\t<\/div>\r\n\t\t\t\t<\/div>\r\n\t\t","protected":false},"excerpt":{"rendered":"<p>Weyou Group renueva su asociaci\u00f3n con el Palacio de Festivales y Congresos de Cannes y la ciudad de Cannes. Jean-Michel Arnaud, Presidente del Palacio de Festivales y Congresos, y Romuald Gadrat, Presidente de Weyou Group, han oficializado la renovaci\u00f3n de 8 eventos one-to-one en Cannes. Leer m\u00e1s Weyou Group anuncia la creaci\u00f3n de Weyou Espa\u00f1a que se encargar\u00e1 del despliegue del grupo en este gran pa\u00eds! Weyou Group , l\u00edder en la organizaci\u00f3n de ferias BtoB de tama\u00f1o medio en Francia (en Par\u00eds y Cannes), anuncia la creaci\u00f3n de Weyou Espa\u00f1a. Este desarrollo comenzar\u00e1 con el lanzamiento de cinco ferias One to one Meetings en Marbella a partir de noviembre de 2025. Estos eventos han sido seleccionados entre las ferias francesas del grupo consideradas las m\u00e1s relevantes para las necesidades de los Top Decision Makers (compradores) espa\u00f1oles. Leer m\u00e1s David Lisnard entrega el diploma de Ciudadano de Honor de Cannes a Romuald Gadrat, presidente de Weyou Group. David Lisnard entrega el diploma de Ciudadano de Honor de Cannes a Romuald Gadrat, Presidente de Weyou Group, por su apoyo inquebrantable al sector de eventos de Cannes y su contribuci\u00f3n al prestigio del territorio a trav\u00e9s de la organizaci\u00f3n de sus 8 salones anuales. Leer m\u00e1s<\/p>\n","protected":false},"author":23,"featured_media":17444,"parent":17830,"menu_order":1,"comment_status":"closed","ping_status":"closed","template":"","meta":{"_seopress_robots_primary_cat":"","_seopress_titles_title":"","_seopress_titles_desc":"","_seopress_robots_index":"","footnotes":""},"class_list":["post-17832","page","type-page","status-publish","has-post-thumbnail"],"blocksy_meta":[],"rttpg_featured_image_url":{"full":["https:\/\/www.weyou-group.com\/wp-content\/uploads\/2024\/04\/29-768x512-1.jpg",768,512,false],"landscape":["https:\/\/www.weyou-group.com\/wp-content\/uploads\/2024\/04\/29-768x512-1.jpg",768,512,false],"portraits":["https:\/\/www.weyou-group.com\/wp-content\/uploads\/2024\/04\/29-768x512-1.jpg",768,512,false],"thumbnail":["https:\/\/www.weyou-group.com\/wp-content\/uploads\/2024\/04\/29-768x512-1-150x150.jpg",150,150,true],"medium":["https:\/\/www.weyou-group.com\/wp-content\/uploads\/2024\/04\/29-768x512-1-304x190.jpg",304,190,true],"large":["https:\/\/www.weyou-group.com\/wp-content\/uploads\/2024\/04\/29-768x512-1.jpg",768,512,false],"gs-square-thumb":["https:\/\/www.weyou-group.com\/wp-content\/uploads\/2024\/04\/29-768x512-1-420x420.jpg",420,420,true],"400x600":["https:\/\/www.weyou-group.com\/wp-content\/uploads\/2024\/04\/29-768x512-1-400x512.jpg",400,512,true],"250x375":["https:\/\/www.weyou-group.com\/wp-content\/uploads\/2024\/04\/29-768x512-1-250x375.jpg",250,375,true],"logo":["https:\/\/www.weyou-group.com\/wp-content\/uploads\/2024\/04\/29-768x512-1-175x117.jpg",175,117,true]},"rttpg_author":{"display_name":"Joan Missegue","author_link":"https:\/\/www.weyou-group.com\/es\/author\/jmissegue\/"},"rttpg_comment":0,"rttpg_category":false,"rttpg_excerpt":"Weyou Group renueva su asociaci\u00f3n con el Palacio de Festivales y Congresos de Cannes y la ciudad de Cannes. Jean-Michel Arnaud, Presidente del Palacio de Festivales y Congresos, y Romuald Gadrat, Presidente de Weyou Group, han oficializado la renovaci\u00f3n de 8 eventos one-to-one en Cannes. Leer m\u00e1s Weyou Group anuncia la creaci\u00f3n de Weyou Espa\u00f1a&hellip;","_links":{"self":[{"href":"https:\/\/www.weyou-group.com\/es\/wp-json\/wp\/v2\/pages\/17832","targetHints":{"allow":["GET"]}}],"collection":[{"href":"https:\/\/www.weyou-group.com\/es\/wp-json\/wp\/v2\/pages"}],"about":[{"href":"https:\/\/www.weyou-group.com\/es\/wp-json\/wp\/v2\/types\/page"}],"author":[{"embeddable":true,"href":"https:\/\/www.weyou-group.com\/es\/wp-json\/wp\/v2\/users\/23"}],"replies":[{"embeddable":true,"href":"https:\/\/www.weyou-group.com\/es\/wp-json\/wp\/v2\/comments?post=17832"}],"version-history":[{"count":11,"href":"https:\/\/www.weyou-group.com\/es\/wp-json\/wp\/v2\/pages\/17832\/revisions"}],"predecessor-version":[{"id":20930,"href":"https:\/\/www.weyou-group.com\/es\/wp-json\/wp\/v2\/pages\/17832\/revisions\/20930"}],"up":[{"embeddable":true,"href":"https:\/\/www.weyou-group.com\/es\/wp-json\/wp\/v2\/pages\/17830"}],"wp:featuredmedia":[{"embeddable":true,"href":"https:\/\/www.weyou-group.com\/es\/wp-json\/wp\/v2\/media\/17444"}],"wp:attachment":[{"href":"https:\/\/www.weyou-group.com\/es\/wp-json\/wp\/v2\/media?parent=17832"}],"curies":[{"name":"wp","href":"https:\/\/api.w.org\/{rel}","templated":true}]}}