{"id":17849,"date":"2024-03-12T17:12:37","date_gmt":"2024-03-12T16:12:37","guid":{"rendered":"https:\/\/www.weyou-group.com\/politique-de-confidentialite"},"modified":"2024-09-29T18:04:53","modified_gmt":"2024-09-29T17:04:53","slug":"politica-de-privacidad","status":"publish","type":"page","link":"https:\/\/www.weyou-group.com\/es\/politica-de-privacidad\/","title":{"rendered":"Pol\u00edtica de privacidad"},"content":{"rendered":"\n<h2 class=\"wp-block-heading\">1. Datos personales y pol\u00edtica de privacidad<\/h2>\n\n\n\n<p>Los diferentes sitios publicados por el Grupo Weyou no registran ning\u00fan dato de car\u00e1cter personal por el mero hecho de consultar sus p\u00e1ginas. En su calidad de responsable del tratamiento, el Grupo Weyou est\u00e1 obligado a tratar determinados datos de car\u00e1cter personal recogidos a trav\u00e9s de sus diferentes sitios web o en el marco de la participaci\u00f3n en sus eventos.<\/p>\n\n\n\n<p>Tiene la intenci\u00f3n de almacenar estos datos de manera respetuosa con su privacidad y conforme a la normativa vigente, y se esfuerza por aplicar todas las medidas operativas y t\u00e9cnicas destinadas a proteger la integridad y confidencialidad de estos datos.<\/p>\n\n\n\n<h3 class=\"wp-block-heading\"><em>\u00bfC\u00f3mo se recogen estos datos personales y en qu\u00e9 consisten?<\/em><\/h3>\n\n\n\n<p>Ces donn\u00e9es sont collect\u00e9es de diff\u00e9rentes fa\u00e7ons, \u00e0 partir des informations renseign\u00e9es ou obtenues :<\/p>\n\n\n\n<ul class=\"wp-block-list\">\n<li>A trav\u00e9s de formularios de preinscripci\u00f3n \/ informaci\u00f3n o solicitud de acreditaci\u00f3n en l\u00ednea.<\/li>\n\n\n\n<li>Creando una cuenta Weyou Connect personalizada.<\/li>\n\n\n\n<li>A trav\u00e9s de terminales de registro en ferias.<\/li>\n\n\n\n<li>En el marco de un contrato de participaci\u00f3n en una exposici\u00f3n.<\/li>\n\n\n\n<li>A trav\u00e9s de fuentes externas, en particular socios y\/o fuentes de acceso p\u00fablico.<\/li>\n<\/ul>\n\n\n\n<p>Seg\u00fan los casos, estos datos pueden abarcar las siguientes categor\u00edas:<\/p>\n\n\n\n<ul class=\"wp-block-list\">\n<li>La <strong>informaci\u00f3n relativa a su identidad y datos de contacto profesionales<\/strong>, como sus apellidos, nombre, raz\u00f3n social, direcci\u00f3n postal y electr\u00f3nica profesionales, n\u00famero de tel\u00e9fono, categor\u00eda socioprofesional&#8230;<\/li>\n\n\n\n<li>Sus <strong>identificadores de cuenta<\/strong>, como su direcci\u00f3n de correo electr\u00f3nico y contrase\u00f1a.<\/li>\n\n\n\n<li>Otra <strong>informaci\u00f3n relacionada con tu perfil<\/strong> y tus intereses profesionales, la plantilla de tu empresa, tus proyectos o incluso tu fotograf\u00eda.<\/li>\n<\/ul>\n\n\n\n<h3 class=\"wp-block-heading\"><em>\u00bfCon qu\u00e9 fines se procesa esta informaci\u00f3n?<\/em><\/h3>\n\n\n\n<p>La informaci\u00f3n que nos facilite ser\u00e1 objeto de tratamiento inform\u00e1tico a efectos de :<\/p>\n\n\n\n<ul class=\"wp-block-list\">\n<li>Responder a sus solicitudes de informaci\u00f3n y\/o acreditaci\u00f3n, gestionar su inscripci\u00f3n en el sal\u00f3n o en el programa Top D\u00e9cideur y enviarle documentos pr\u00e1cticos e informaci\u00f3n para facilitar su visita (tarjeta de acceso, informaci\u00f3n pr\u00e1ctica sobre el evento y sus participantes, programa, calendario de conferencias y discursos previstos, etc.).<\/li>\n\n\n\n<li>Ejecutar la relaci\u00f3n contractual establecida en el marco de su participaci\u00f3n en la exposici\u00f3n. Determinados datos podr\u00e1n transmitirse a nuestros proveedores de servicios con el \u00fanico fin de gestionar su participaci\u00f3n, transporte y alojamiento.<\/li>\n\n\n\n<li>Planifique sus reuniones de trabajo.<\/li>\n<\/ul>\n\n\n\n<p><strong>Salvo que usted se oponga<\/strong>, el Grupo Weyou tambi\u00e9n podr\u00e1 :<\/p>\n\n\n\n<ul class=\"wp-block-list\">\n<li>Enviarle invitaciones, ofertas comerciales e informaci\u00f3n sobre las \u00faltimas novedades y el calendario de sus otras ferias, as\u00ed como el programa, los temas y los ponentes de las conferencias previstas.<\/li>\n\n\n\n<li>Para enviarle invitaciones, ofertas comerciales e informaci\u00f3n sobre terceros, en particular sus socios, seleccionados en funci\u00f3n de sus intereses profesionales.<\/li>\n<\/ul>\n\n\n\n<p><strong>Con su consentimiento,<\/strong> materializado mediante el escaneo de su tarjeta de acceso que contiene datos relativos a su identidad profesional, esta informaci\u00f3n puede ser transferida a determinados terceros de confianza. El escaneo de su tarjeta de acceso a un expositor, a trav\u00e9s de la aplicaci\u00f3n Weyou Analytics, o a la entrada de las conferencias, permite al expositor o ponente recibir esta informaci\u00f3n y completarla si es necesario, con el fin de continuar las conversaciones y enviarle nuevas propuestas comerciales.<\/p>\n\n\n\n<p>El Grupo Weyou tambi\u00e9n elabora estad\u00edsticas sobre el n\u00famero de visitantes a sus ferias para poder responder lo mejor posible a los intereses de los participantes a lo largo del tiempo.<\/p>\n\n\n\n<h3 class=\"wp-block-heading\"><em>\u00bfCu\u00e1nto tiempo se conservan estos datos?<\/em><\/h3>\n\n\n\n<p>El Grupo Weyou s\u00f3lo conserva estos datos durante los plazos legales vigentes para cada una de las finalidades para las que fueron recogidos.<\/p>\n\n\n\n<h3 class=\"wp-block-heading\"><em>\u00bfC\u00f3mo puede ejercer sus derechos?<\/em><\/h3>\n\n\n\n<p>De conformidad con la Ley francesa de Protecci\u00f3n de Datos n\u00ba 78-17 de 6 de enero de 1978, usted dispone de un derecho de acceso, rectificaci\u00f3n, portabilidad y supresi\u00f3n de sus datos, as\u00ed como de un derecho de oposici\u00f3n y limitaci\u00f3n del tratamiento de la informaci\u00f3n que le concierne.<\/p>\n\n\n\n<p>Para ejercer sus derechos, puede :<\/p>\n\n\n\n<ul class=\"wp-block-list\">\n<li>Con\u00e9ctese a su espacio personal en l\u00ednea y a su espacio de oposici\u00f3n y desinscripci\u00f3n a trav\u00e9s de <a href=\"https:\/\/connect.weyou-group.com\/communications\/\" target=\"_blank\" rel=\"noopener\">este enlace dedicado<\/a>, tambi\u00e9n presente en los formularios y en nuestros correos electr\u00f3nicos.<\/li>\n\n\n\n<li>Si procede, marque las casillas correspondientes en los formularios de recogida.<\/li>\n\n\n\n<li>P\u00f3ngase en contacto con el Grupo Weyou, acreditando su identidad en caso necesario, por correo postal a la siguiente direcci\u00f3n Immeuble le Boma- 8, rue de Saint-Cloud 92150 Suresnes o por correo electr\u00f3nico a la siguiente direcci\u00f3n: dpo@weyou-group.com.<\/li>\n<\/ul>\n\n\n\n<p>Para m\u00e1s informaci\u00f3n o para presentar una queja, consulte el sitio web de la Commission nationale de l&#8217;Informatique et des Libert\u00e9s : <a href=\"http:\/\/www.cnil.fr\/\">http:\/\/www.cnil.fr<\/a>.<\/p>\n\n\n\n<h2 class=\"wp-block-heading\">2. Propiedad intelectual<\/h2>\n\n\n\n<p>El Grupo Weyou es propietario de la estructura general de sus sitios web y de sus nombres de dominio.<\/p>\n\n\n\n<p>Los sitios en su conjunto y cada uno de sus componentes (textos, im\u00e1genes, estructura de \u00e1rbol, software, animaciones, banners, marcas, logotipos y cualquier otro documento) son propiedad exclusiva del Grupo Weyou.<\/p>\n\n\n\n<p>La utilizaci\u00f3n, reproducci\u00f3n o representaci\u00f3n total o parcial de este sitio, por cualquier medio que sea, est\u00e1 por lo tanto estrictamente prohibida sin el consentimiento previo por escrito del Grupo Weyou.<\/p>\n\n\n\n<p>Lo mismo se aplica a cualquier base de datos que aparezca en cualquiera de sus sitios, de la que es productor y \u00fanico propietario.<\/p>\n\n\n\n<p>En este sentido, y de conformidad con lo dispuesto en los art\u00edculos L.341-1 y siguientes del C\u00f3digo de la Propiedad Intelectual franc\u00e9s y en el art\u00edculo 323-3 del C\u00f3digo Penal franc\u00e9s, quedan prohibidas, sin el consentimiento del Grupo Weyou, la extracci\u00f3n, reutilizaci\u00f3n, almacenamiento, reproducci\u00f3n, conservaci\u00f3n y transmisi\u00f3n directa o indirecta, con car\u00e1cter permanente o temporal, por cualquier medio y en cualquier forma, de la totalidad o de una parte cualitativa o cuantitativamente sustancial del contenido de los Sitios Web y de las bases de datos que figuran en los mismos.<\/p>\n\n\n\n<p>Queda igualmente prohibida, sin el consentimiento del Grupo Weyou, la extracci\u00f3n y reutilizaci\u00f3n repetida y sistem\u00e1tica de partes cualitativa y cuantitativamente insustanciales de los Sitios Web y del contenido de las bases de datos contenidas en los mismos, cuando tales operaciones excedan manifiestamente las condiciones de uso normal de dichas bases de datos.<\/p>\n\n\n\n<p>De conformidad con los art\u00edculos 226-16 y siguientes del C\u00f3digo Penal franc\u00e9s, est\u00e1 prohibida la utilizaci\u00f3n de datos recogidos fraudulentamente a partir de los sitios del Grupo Weyou con fines de prospecci\u00f3n comercial o de distribuci\u00f3n al p\u00fablico.<\/p>\n","protected":false},"excerpt":{"rendered":"<p>1. Datos personales y pol\u00edtica de privacidad Los diferentes sitios publicados por el Grupo Weyou no registran ning\u00fan dato de car\u00e1cter personal por el mero hecho de consultar sus p\u00e1ginas. En su calidad de responsable del tratamiento, el Grupo Weyou est\u00e1 obligado a tratar determinados datos de car\u00e1cter personal recogidos a trav\u00e9s de sus diferentes sitios web o en el marco de la participaci\u00f3n en sus eventos. Tiene la intenci\u00f3n de almacenar estos datos de manera respetuosa con su privacidad y conforme a la normativa vigente, y se esfuerza por aplicar todas las medidas operativas y t\u00e9cnicas destinadas a proteger la integridad y confidencialidad de estos datos. \u00bfC\u00f3mo se recogen estos datos personales y en qu\u00e9 consisten? Ces donn\u00e9es sont collect\u00e9es de diff\u00e9rentes fa\u00e7ons, \u00e0 partir des informations renseign\u00e9es ou obtenues : Seg\u00fan los casos, estos datos pueden abarcar las siguientes categor\u00edas: \u00bfCon qu\u00e9 fines se procesa esta informaci\u00f3n? La informaci\u00f3n que nos facilite ser\u00e1 objeto de tratamiento inform\u00e1tico a efectos de : Salvo que usted se oponga, el Grupo Weyou tambi\u00e9n podr\u00e1 : Con su consentimiento, materializado mediante el escaneo de su tarjeta de acceso que contiene datos relativos a su identidad profesional, esta informaci\u00f3n puede ser transferida a determinados terceros de confianza. El escaneo de su tarjeta de acceso a un expositor, a trav\u00e9s de la aplicaci\u00f3n Weyou Analytics, o a la entrada de las conferencias, permite al expositor o ponente recibir esta informaci\u00f3n y completarla si es necesario, con el fin de continuar las conversaciones y enviarle nuevas propuestas comerciales. El Grupo Weyou tambi\u00e9n elabora estad\u00edsticas sobre el n\u00famero de visitantes a sus ferias para poder responder lo mejor posible a los intereses de los participantes a lo largo del tiempo. \u00bfCu\u00e1nto tiempo se conservan estos datos? El Grupo Weyou s\u00f3lo conserva estos datos durante los plazos legales vigentes para cada una de las finalidades para las que fueron recogidos. \u00bfC\u00f3mo puede ejercer sus derechos? De conformidad con la Ley francesa de Protecci\u00f3n de Datos n\u00ba 78-17 de 6 de enero de 1978, usted dispone de un derecho de acceso, rectificaci\u00f3n, portabilidad y supresi\u00f3n de sus datos, as\u00ed como de un derecho de oposici\u00f3n y limitaci\u00f3n del tratamiento de la informaci\u00f3n que le concierne. Para ejercer sus derechos, puede : Para m\u00e1s informaci\u00f3n o para presentar una queja, consulte el sitio web de la Commission nationale de l&#8217;Informatique et des Libert\u00e9s : http:\/\/www.cnil.fr. 2. Propiedad intelectual El Grupo Weyou es propietario de la estructura general de sus sitios web y de sus nombres de dominio. Los sitios en su conjunto y cada uno de sus componentes (textos, im\u00e1genes, estructura de \u00e1rbol, software, animaciones, banners, marcas, logotipos y cualquier otro documento) son propiedad exclusiva del Grupo Weyou. La utilizaci\u00f3n, reproducci\u00f3n o representaci\u00f3n total o parcial de este sitio, por cualquier medio que sea, est\u00e1 por lo tanto estrictamente prohibida sin el consentimiento previo por escrito del Grupo Weyou. Lo mismo se aplica a cualquier base de datos que aparezca en cualquiera de sus sitios, de la que es productor y \u00fanico propietario. En este sentido, y de conformidad con lo dispuesto en los art\u00edculos L.341-1 y siguientes del C\u00f3digo de la Propiedad Intelectual franc\u00e9s y en el art\u00edculo 323-3 del C\u00f3digo Penal franc\u00e9s, quedan prohibidas, sin el consentimiento del Grupo Weyou, la extracci\u00f3n, reutilizaci\u00f3n, almacenamiento, reproducci\u00f3n, conservaci\u00f3n y transmisi\u00f3n directa o indirecta, con car\u00e1cter permanente o temporal, por cualquier medio y en cualquier forma, de la totalidad o de una parte cualitativa o cuantitativamente sustancial del contenido de los Sitios Web y de las bases de datos que figuran en los mismos. Queda igualmente prohibida, sin el consentimiento del Grupo Weyou, la extracci\u00f3n y reutilizaci\u00f3n repetida y sistem\u00e1tica de partes cualitativa y cuantitativamente insustanciales de los Sitios Web y del contenido de las bases de datos contenidas en los mismos, cuando tales operaciones excedan manifiestamente las condiciones de uso normal de dichas bases de datos. De conformidad con los art\u00edculos 226-16 y siguientes del C\u00f3digo Penal franc\u00e9s, est\u00e1 prohibida la utilizaci\u00f3n de datos recogidos fraudulentamente a partir de los sitios del Grupo Weyou con fines de prospecci\u00f3n comercial o de distribuci\u00f3n al p\u00fablico.<\/p>\n","protected":false},"author":23,"featured_media":0,"parent":0,"menu_order":901,"comment_status":"closed","ping_status":"closed","template":"","meta":{"_seopress_robots_primary_cat":"","_seopress_titles_title":"","_seopress_titles_desc":"","_seopress_robots_index":"","footnotes":""},"class_list":["post-17849","page","type-page","status-publish"],"blocksy_meta":[],"rttpg_featured_image_url":null,"rttpg_author":{"display_name":"Joan Missegue","author_link":"https:\/\/www.weyou-group.com\/es\/author\/jmissegue\/"},"rttpg_comment":0,"rttpg_category":" <a href=\"https:\/\/www.weyou-group.com\/es\/?taxonomy=translation_priority&#038;term=opcional\" rel=\"tag\">Opcional<\/a>","rttpg_excerpt":"1. Datos personales y pol\u00edtica de privacidad Los diferentes sitios publicados por el Grupo Weyou no registran ning\u00fan dato de car\u00e1cter personal por el mero hecho de consultar sus p\u00e1ginas. En su calidad de responsable del tratamiento, el Grupo Weyou est\u00e1 obligado a tratar determinados datos de car\u00e1cter personal recogidos a trav\u00e9s de sus diferentes&hellip;","_links":{"self":[{"href":"https:\/\/www.weyou-group.com\/es\/wp-json\/wp\/v2\/pages\/17849","targetHints":{"allow":["GET"]}}],"collection":[{"href":"https:\/\/www.weyou-group.com\/es\/wp-json\/wp\/v2\/pages"}],"about":[{"href":"https:\/\/www.weyou-group.com\/es\/wp-json\/wp\/v2\/types\/page"}],"author":[{"embeddable":true,"href":"https:\/\/www.weyou-group.com\/es\/wp-json\/wp\/v2\/users\/23"}],"replies":[{"embeddable":true,"href":"https:\/\/www.weyou-group.com\/es\/wp-json\/wp\/v2\/comments?post=17849"}],"version-history":[{"count":4,"href":"https:\/\/www.weyou-group.com\/es\/wp-json\/wp\/v2\/pages\/17849\/revisions"}],"predecessor-version":[{"id":19396,"href":"https:\/\/www.weyou-group.com\/es\/wp-json\/wp\/v2\/pages\/17849\/revisions\/19396"}],"wp:attachment":[{"href":"https:\/\/www.weyou-group.com\/es\/wp-json\/wp\/v2\/media?parent=17849"}],"curies":[{"name":"wp","href":"https:\/\/api.w.org\/{rel}","templated":true}]}}