{"id":17939,"date":"2024-09-18T13:44:01","date_gmt":"2024-09-18T12:44:01","guid":{"rendered":"https:\/\/www.weyou-group.com\/presse\/evenements\/healthcare-meetings-presse\/"},"modified":"2024-09-29T14:55:47","modified_gmt":"2024-09-29T13:55:47","slug":"healthcare-meetings-prensa","status":"publish","type":"page","link":"https:\/\/www.weyou-group.com\/es\/prensa\/eventos-prensa\/healthcare-meetings-prensa\/","title":{"rendered":"Healthcare Meetings Prensa"},"content":{"rendered":"\t\t<div data-elementor-type=\"wp-post\" data-elementor-id=\"17939\" class=\"elementor elementor-17939 elementor-16284\">\r\n\t\t\t\t<div class=\"elementor-element elementor-element-95e2657 e-flex e-con-boxed wpr-particle-no wpr-jarallax-no wpr-parallax-no wpr-sticky-section-no e-con e-parent\" data-id=\"95e2657\" data-element_type=\"container\">\r\n\t\t\t\t\t<div class=\"e-con-inner\">\r\n\t\t<div class=\"elementor-element elementor-element-2a8f390 e-con-full e-flex wpr-particle-no wpr-jarallax-no wpr-parallax-no wpr-sticky-section-no e-con e-child\" data-id=\"2a8f390\" data-element_type=\"container\">\r\n\t\t\t\t<div class=\"elementor-element elementor-element-24468ab elementor-widget elementor-widget-heading\" data-id=\"24468ab\" data-element_type=\"widget\" data-widget_type=\"heading.default\">\r\n\t\t\t\t<div class=\"elementor-widget-container\">\r\n\t\t\t<div class=\"elementor-heading-title elementor-size-default\">|<\/div>\t\t<\/div>\r\n\t\t\t\t<\/div>\r\n\t\t\t\t<\/div>\r\n\t\t<div class=\"elementor-element elementor-element-0781ac6 e-con-full e-flex wpr-particle-no wpr-jarallax-no wpr-parallax-no wpr-sticky-section-no e-con e-child\" data-id=\"0781ac6\" data-element_type=\"container\">\r\n\t\t\t\t<div class=\"elementor-element elementor-element-8c4a006 elementor-widget elementor-widget-gradient_heading\" data-id=\"8c4a006\" data-element_type=\"widget\" data-widget_type=\"gradient_heading.default\">\r\n\t\t\t\t<div class=\"elementor-widget-container\">\r\n\t\t\t\r\n\t\t\r\n            <div class=\"gradient-text\">\r\n                COMUNICADO DE PRENSA            <\/div>\r\n\t\t\r\n\t\t\t\t\t<\/div>\r\n\t\t\t\t<\/div>\r\n\t\t\t\t<\/div>\r\n\t\t\t\t\t<\/div>\r\n\t\t\t\t<\/div>\r\n\t\t<div class=\"elementor-element elementor-element-9f8ce4d e-flex e-con-boxed wpr-particle-no wpr-jarallax-no wpr-parallax-no wpr-sticky-section-no e-con e-parent\" data-id=\"9f8ce4d\" data-element_type=\"container\">\r\n\t\t\t\t\t<div class=\"e-con-inner\">\r\n\t\t<div class=\"elementor-element elementor-element-3699be3 e-con-full e-flex wpr-particle-no wpr-jarallax-no wpr-parallax-no wpr-sticky-section-no e-con e-child\" data-id=\"3699be3\" data-element_type=\"container\">\r\n\t\t\t\t<div class=\"elementor-element elementor-element-c5434e6 elementor-widget elementor-widget-heading\" data-id=\"c5434e6\" data-element_type=\"widget\" data-widget_type=\"heading.default\">\r\n\t\t\t\t<div class=\"elementor-widget-container\">\r\n\t\t\t<h2 class=\"elementor-heading-title elementor-size-default\">Healthcare Meetings en Cannes, Palacio de Festivales: eficacia reconocida del evento para los profesionales sanitarios gracias a reuniones de negocios preorganizadas<\/h2>\t\t<\/div>\r\n\t\t\t\t<\/div>\r\n\t\t\t\t<div class=\"elementor-element elementor-element-72af7bc elementor-widget elementor-widget-text-editor\" data-id=\"72af7bc\" data-element_type=\"widget\" data-widget_type=\"text-editor.default\">\r\n\t\t\t\t<div class=\"elementor-widget-container\">\r\n\t\t\t\t\t\t\t<p>19\/09\/2022<\/p>\t\t\t\t\t\t<\/div>\r\n\t\t\t\t<\/div>\r\n\t\t\t\t<div class=\"elementor-element elementor-element-5d5d39e elementor-widget elementor-widget-text-editor\" data-id=\"5d5d39e\" data-element_type=\"widget\" data-widget_type=\"text-editor.default\">\r\n\t\t\t\t<div class=\"elementor-widget-container\">\r\n\t\t\t\t\t\t\t<p>Del 22 al 24 de noviembre de 2022, profesionales sanitarios, sociales y m\u00e9dico-sociales de Francia, B\u00e9lgica, Suiza y Luxemburgo intercambiar\u00e1n con sus pares, encontrar\u00e1n nuevos socios y oportunidades, descubrir\u00e1n nuevos conceptos, innovaciones de productos o equipos y descifrar\u00e1n las influencias importantes y emergencias.<\/p>\t\t\t\t\t\t<\/div>\r\n\t\t\t\t<\/div>\r\n\t\t<div class=\"elementor-element elementor-element-73b1ec3 e-con-full e-flex wpr-particle-no wpr-jarallax-no wpr-parallax-no wpr-sticky-section-no e-con e-child\" data-id=\"73b1ec3\" data-element_type=\"container\">\r\n\t\t\t\t<div class=\"elementor-element elementor-element-7ebcbdc wpr-button-icon-style-inline wpr-button-icon-position-right elementor-widget elementor-widget-wpr-button\" data-id=\"7ebcbdc\" data-element_type=\"widget\" data-widget_type=\"wpr-button.default\">\r\n\t\t\t\t<div class=\"elementor-widget-container\">\r\n\t\t\t\t\r\n\t\t\t\r\n\t\t\r\n\t\t<div class=\"wpr-button-wrap elementor-clearfix\">\r\n\t\t<a class=\"wpr-button wpr-button-effect wpr-button-isi-left\" data-text=\"Go\" href=\"https:\/\/www.weyou-group.com\/wp-content\/uploads\/2024\/09\/20220919-CP-Healthcare-Meetings.pdf\" target=\"_blank\">\r\n\t\t\t\r\n\t\t\t<span class=\"wpr-button-content\">\r\n\t\t\t\t\t\t\t\t\t<span class=\"wpr-button-text\">Leer m\u00e1s<\/span>\r\n\t\t\t\t\t\t\t\t\r\n\t\t\t\t\t\t\t\t\t<span class=\"wpr-button-icon\"><svg class=\"e-font-icon-svg e-fas-chevron-circle-right\" viewBox=\"0 0 512 512\" xmlns=\"http:\/\/www.w3.org\/2000\/svg\"><path d=\"M256 8c137 0 248 111 248 248S393 504 256 504 8 393 8 256 119 8 256 8zm113.9 231L234.4 103.5c-9.4-9.4-24.6-9.4-33.9 0l-17 17c-9.4 9.4-9.4 24.6 0 33.9L285.1 256 183.5 357.6c-9.4 9.4-9.4 24.6 0 33.9l17 17c9.4 9.4 24.6 9.4 33.9 0L369.9 273c9.4-9.4 9.4-24.6 0-34z\"><\/path><\/svg><\/span>\r\n\t\t\t\t\t\t\t<\/span>\r\n\t\t<\/a>\r\n\r\n\t\t\t\t<\/div>\r\n\t\r\n\t\r\n\t\t\t<\/div>\r\n\t\t\t\t<\/div>\r\n\t\t\t\t<\/div>\r\n\t\t\t\t<\/div>\r\n\t\t\t\t\t<\/div>\r\n\t\t\t\t<\/div>\r\n\t\t\t\t<\/div>\r\n\t\t","protected":false},"excerpt":{"rendered":"<p>| COMUNICADO DE PRENSA Healthcare Meetings en Cannes, Palacio de Festivales: eficacia reconocida del evento para los profesionales sanitarios gracias a reuniones de negocios preorganizadas 19\/09\/2022 Del 22 al 24 de noviembre de 2022, profesionales sanitarios, sociales y m\u00e9dico-sociales de Francia, B\u00e9lgica, Suiza y Luxemburgo intercambiar\u00e1n con sus pares, encontrar\u00e1n nuevos socios y oportunidades, descubrir\u00e1n nuevos conceptos, innovaciones de productos o equipos y descifrar\u00e1n las influencias importantes y emergencias. Leer m\u00e1s<\/p>\n","protected":false},"author":3,"featured_media":17593,"parent":17834,"menu_order":0,"comment_status":"closed","ping_status":"closed","template":"","meta":{"_seopress_robots_primary_cat":"","_seopress_titles_title":"","_seopress_titles_desc":"","_seopress_robots_index":"","footnotes":""},"class_list":["post-17939","page","type-page","status-publish","has-post-thumbnail"],"blocksy_meta":[],"rttpg_featured_image_url":{"full":["https:\/\/www.weyou-group.com\/wp-content\/uploads\/2024\/09\/Healthcare-Meetings.png",414,291,false],"landscape":["https:\/\/www.weyou-group.com\/wp-content\/uploads\/2024\/09\/Healthcare-Meetings.png",414,291,false],"portraits":["https:\/\/www.weyou-group.com\/wp-content\/uploads\/2024\/09\/Healthcare-Meetings.png",414,291,false],"thumbnail":["https:\/\/www.weyou-group.com\/wp-content\/uploads\/2024\/09\/Healthcare-Meetings-150x150.png",150,150,true],"medium":["https:\/\/www.weyou-group.com\/wp-content\/uploads\/2024\/09\/Healthcare-Meetings-304x190.png",304,190,true],"large":["https:\/\/www.weyou-group.com\/wp-content\/uploads\/2024\/09\/Healthcare-Meetings.png",414,291,false],"gs-square-thumb":["https:\/\/www.weyou-group.com\/wp-content\/uploads\/2024\/09\/Healthcare-Meetings.png",414,291,false],"400x600":["https:\/\/www.weyou-group.com\/wp-content\/uploads\/2024\/09\/Healthcare-Meetings-400x291.png",400,291,true],"250x375":["https:\/\/www.weyou-group.com\/wp-content\/uploads\/2024\/09\/Healthcare-Meetings-250x291.png",250,291,true],"logo":["https:\/\/www.weyou-group.com\/wp-content\/uploads\/2024\/09\/Healthcare-Meetings-175x123.png",175,123,true]},"rttpg_author":{"display_name":"Luc Habrant","author_link":"https:\/\/www.weyou-group.com\/es\/author\/equinoxes\/"},"rttpg_comment":0,"rttpg_category":false,"rttpg_excerpt":"| COMUNICADO DE PRENSA Healthcare Meetings en Cannes, Palacio de Festivales: eficacia reconocida del evento para los profesionales sanitarios gracias a reuniones de negocios preorganizadas 19\/09\/2022 Del 22 al 24 de noviembre de 2022, profesionales sanitarios, sociales y m\u00e9dico-sociales de Francia, B\u00e9lgica, Suiza y Luxemburgo intercambiar\u00e1n con sus pares, encontrar\u00e1n nuevos socios y oportunidades, descubrir\u00e1n&hellip;","_links":{"self":[{"href":"https:\/\/www.weyou-group.com\/es\/wp-json\/wp\/v2\/pages\/17939","targetHints":{"allow":["GET"]}}],"collection":[{"href":"https:\/\/www.weyou-group.com\/es\/wp-json\/wp\/v2\/pages"}],"about":[{"href":"https:\/\/www.weyou-group.com\/es\/wp-json\/wp\/v2\/types\/page"}],"author":[{"embeddable":true,"href":"https:\/\/www.weyou-group.com\/es\/wp-json\/wp\/v2\/users\/3"}],"replies":[{"embeddable":true,"href":"https:\/\/www.weyou-group.com\/es\/wp-json\/wp\/v2\/comments?post=17939"}],"version-history":[{"count":7,"href":"https:\/\/www.weyou-group.com\/es\/wp-json\/wp\/v2\/pages\/17939\/revisions"}],"predecessor-version":[{"id":19351,"href":"https:\/\/www.weyou-group.com\/es\/wp-json\/wp\/v2\/pages\/17939\/revisions\/19351"}],"up":[{"embeddable":true,"href":"https:\/\/www.weyou-group.com\/es\/wp-json\/wp\/v2\/pages\/17834"}],"wp:featuredmedia":[{"embeddable":true,"href":"https:\/\/www.weyou-group.com\/es\/wp-json\/wp\/v2\/media\/17593"}],"wp:attachment":[{"href":"https:\/\/www.weyou-group.com\/es\/wp-json\/wp\/v2\/media?parent=17939"}],"curies":[{"name":"wp","href":"https:\/\/api.w.org\/{rel}","templated":true}]}}