{"id":17941,"date":"2024-05-21T13:47:18","date_gmt":"2024-05-21T12:47:18","guid":{"rendered":"https:\/\/www.weyou-group.com\/presse\/evenements\/heavent-meetings-presse\/"},"modified":"2024-09-29T14:57:29","modified_gmt":"2024-09-29T13:57:29","slug":"heavent-meetings-prensa","status":"publish","type":"page","link":"https:\/\/www.weyou-group.com\/es\/prensa\/eventos-prensa\/heavent-meetings-prensa\/","title":{"rendered":"Heavent Meetings Prensa"},"content":{"rendered":"\t\t<div data-elementor-type=\"wp-post\" data-elementor-id=\"17941\" class=\"elementor elementor-17941 elementor-14550\">\r\n\t\t\t\t<div class=\"elementor-element elementor-element-95e2657 e-flex e-con-boxed wpr-particle-no wpr-jarallax-no wpr-parallax-no wpr-sticky-section-no e-con e-parent\" data-id=\"95e2657\" data-element_type=\"container\">\r\n\t\t\t\t\t<div class=\"e-con-inner\">\r\n\t\t<div class=\"elementor-element elementor-element-2a8f390 e-con-full e-flex wpr-particle-no wpr-jarallax-no wpr-parallax-no wpr-sticky-section-no e-con e-child\" data-id=\"2a8f390\" data-element_type=\"container\">\r\n\t\t\t\t<div class=\"elementor-element elementor-element-24468ab elementor-widget elementor-widget-heading\" data-id=\"24468ab\" data-element_type=\"widget\" data-widget_type=\"heading.default\">\r\n\t\t\t\t<div class=\"elementor-widget-container\">\r\n\t\t\t<div class=\"elementor-heading-title elementor-size-default\">|<\/div>\t\t<\/div>\r\n\t\t\t\t<\/div>\r\n\t\t\t\t<\/div>\r\n\t\t<div class=\"elementor-element elementor-element-0781ac6 e-con-full e-flex wpr-particle-no wpr-jarallax-no wpr-parallax-no wpr-sticky-section-no e-con e-child\" data-id=\"0781ac6\" data-element_type=\"container\">\r\n\t\t\t\t<div class=\"elementor-element elementor-element-ea02298 elementor-widget elementor-widget-gradient_heading\" data-id=\"ea02298\" data-element_type=\"widget\" data-widget_type=\"gradient_heading.default\">\r\n\t\t\t\t<div class=\"elementor-widget-container\">\r\n\t\t\t\r\n\t\t\r\n            <div class=\"gradient-text\">\r\n                ALEMANIA            <\/div>\r\n\t\t\r\n\t\t\t\t\t<\/div>\r\n\t\t\t\t<\/div>\r\n\t\t\t\t<\/div>\r\n\t\t\t\t\t<\/div>\r\n\t\t\t\t<\/div>\r\n\t\t<div class=\"elementor-element elementor-element-fe89c96 e-flex e-con-boxed wpr-particle-no wpr-jarallax-no wpr-parallax-no wpr-sticky-section-no e-con e-parent\" data-id=\"fe89c96\" data-element_type=\"container\">\r\n\t\t\t\t\t<div class=\"e-con-inner\">\r\n\t\t<div class=\"elementor-element elementor-element-c93ffc7 e-con-full e-flex wpr-particle-no wpr-jarallax-no wpr-parallax-no wpr-sticky-section-no e-con e-child\" data-id=\"c93ffc7\" data-element_type=\"container\">\r\n\t\t\t\t<div class=\"elementor-element elementor-element-4efd733 elementor-widget elementor-widget-image\" data-id=\"4efd733\" data-element_type=\"widget\" data-widget_type=\"image.default\">\r\n\t\t\t\t<div class=\"elementor-widget-container\">\r\n\t\t\t\t\t\t\t\t\t\t\t\t\t\t<a href=\"https:\/\/www.blachreport.de\/business\/62016-call-for-entries-fuer-die-heavent-awards-2024-in-cannes\/\">\r\n\t\t\t\t\t\t\t<img fetchpriority=\"high\" decoding=\"async\" width=\"1024\" height=\"640\" src=\"https:\/\/www.weyou-group.com\/wp-content\/uploads\/2024\/09\/Cannes-palais-des-congres-1024x640.jpg\" class=\"attachment-large size-large wp-image-19283\" alt=\"Cannes palais des congres\" \/>\t\t\t\t\t\t\t\t<\/a>\r\n\t\t\t\t\t\t\t\t\t\t\t\t\t<\/div>\r\n\t\t\t\t<\/div>\r\n\t\t<div class=\"elementor-element elementor-element-9b62a1e e-con-full e-flex wpr-particle-no wpr-jarallax-no wpr-parallax-no wpr-sticky-section-no e-con e-child\" data-id=\"9b62a1e\" data-element_type=\"container\">\r\n\t\t\t\t<div class=\"elementor-element elementor-element-7ebcbdc wpr-button-icon-style-inline wpr-button-icon-position-right elementor-widget elementor-widget-wpr-button\" data-id=\"7ebcbdc\" data-element_type=\"widget\" data-widget_type=\"wpr-button.default\">\r\n\t\t\t\t<div class=\"elementor-widget-container\">\r\n\t\t\t\t\r\n\t\t\t\r\n\t\t\r\n\t\t<div class=\"wpr-button-wrap elementor-clearfix\">\r\n\t\t<a class=\"wpr-button wpr-button-effect wpr-button-isi-left\" data-text=\"Go\" href=\"https:\/\/www.blachreport.de\/business\/62016-call-for-entries-fuer-die-heavent-awards-2024-in-cannes\/\" target=\"_blank\">\r\n\t\t\t\r\n\t\t\t<span class=\"wpr-button-content\">\r\n\t\t\t\t\t\t\t\t\t<span class=\"wpr-button-text\">Leer m\u00e1s<\/span>\r\n\t\t\t\t\t\t\t\t\r\n\t\t\t\t\t\t\t\t\t<span class=\"wpr-button-icon\"><svg class=\"e-font-icon-svg e-fas-chevron-circle-right\" viewBox=\"0 0 512 512\" xmlns=\"http:\/\/www.w3.org\/2000\/svg\"><path d=\"M256 8c137 0 248 111 248 248S393 504 256 504 8 393 8 256 119 8 256 8zm113.9 231L234.4 103.5c-9.4-9.4-24.6-9.4-33.9 0l-17 17c-9.4 9.4-9.4 24.6 0 33.9L285.1 256 183.5 357.6c-9.4 9.4-9.4 24.6 0 33.9l17 17c9.4 9.4 24.6 9.4 33.9 0L369.9 273c9.4-9.4 9.4-24.6 0-34z\"><\/path><\/svg><\/span>\r\n\t\t\t\t\t\t\t<\/span>\r\n\t\t<\/a>\r\n\r\n\t\t\t\t<\/div>\r\n\t\r\n\t\r\n\t\t\t<\/div>\r\n\t\t\t\t<\/div>\r\n\t\t\t\t<\/div>\r\n\t\t\t\t<\/div>\r\n\t\t<div class=\"elementor-element elementor-element-10a09b4 e-con-full e-flex wpr-particle-no wpr-jarallax-no wpr-parallax-no wpr-sticky-section-no e-con e-child\" data-id=\"10a09b4\" data-element_type=\"container\">\r\n\t\t\t\t<div class=\"elementor-element elementor-element-c5434e6 elementor-widget elementor-widget-heading\" data-id=\"c5434e6\" data-element_type=\"widget\" data-widget_type=\"heading.default\">\r\n\t\t\t\t<div class=\"elementor-widget-container\">\r\n\t\t\t<h4 class=\"elementor-heading-title elementor-size-default\">Call for entries f\u00fcr die Heavent Awards 2024 in Cannes<\/h4>\t\t<\/div>\r\n\t\t\t\t<\/div>\r\n\t\t\t\t<div class=\"elementor-element elementor-element-72af7bc elementor-widget elementor-widget-text-editor\" data-id=\"72af7bc\" data-element_type=\"widget\" data-widget_type=\"text-editor.default\">\r\n\t\t\t\t<div class=\"elementor-widget-container\">\r\n\t\t\t\t\t\t\t<p>15\/01\/2024<\/p>\t\t\t\t\t\t<\/div>\r\n\t\t\t\t<\/div>\r\n\t\t\t\t<div class=\"elementor-element elementor-element-5d5d39e elementor-widget elementor-widget-text-editor\" data-id=\"5d5d39e\" data-element_type=\"widget\" data-widget_type=\"text-editor.default\">\r\n\t\t\t\t<div class=\"elementor-widget-container\">\r\n\t\t\t\t\t\t\t<p>Bis zur kosteng\u00fcnstigeren Early-Bird-Deadline der Heavent Awards am 22. Januar 2024 sind es nur noch ein paar Tage. Danach k\u00f6nnen die Bewerbungen noch bis zum 9.\u00a0<\/p>\t\t\t\t\t\t<\/div>\r\n\t\t\t\t<\/div>\r\n\t\t\t\t<div class=\"elementor-element elementor-element-56a8e01 elementor-position-left elementor-vertical-align-middle elementor-view-default elementor-mobile-position-top elementor-widget elementor-widget-icon-box\" data-id=\"56a8e01\" data-element_type=\"widget\" data-widget_type=\"icon-box.default\">\r\n\t\t\t\t<div class=\"elementor-widget-container\">\r\n\t\t\t\t\t<div class=\"elementor-icon-box-wrapper\">\r\n\r\n\t\t\t\t\t\t<div class=\"elementor-icon-box-icon\">\r\n\t\t\t\t<a href=\"https:\/\/www.blachreport.de\/business\/62016-call-for-entries-fuer-die-heavent-awards-2024-in-cannes\/\" class=\"elementor-icon elementor-animation-\" tabindex=\"-1\">\r\n\t\t\t\t<i aria-hidden=\"true\" class=\"feather icon-book-open\"><\/i>\t\t\t\t<\/a>\r\n\t\t\t<\/div>\r\n\t\t\t\r\n\t\t\t\t\t\t<div class=\"elementor-icon-box-content\">\r\n\r\n\t\t\t\t\r\n\t\t\t\t\t\t\t\t\t<p class=\"elementor-icon-box-description\">\r\n\t\t\t\t\t\tBlachreport\n\t\t\t\t\t<\/p>\r\n\t\t\t\t\r\n\t\t\t<\/div>\r\n\t\t\t\r\n\t\t<\/div>\r\n\t\t\t\t<\/div>\r\n\t\t\t\t<\/div>\r\n\t\t\t\t<\/div>\r\n\t\t\t\t\t<\/div>\r\n\t\t\t\t<\/div>\r\n\t\t<div class=\"elementor-element elementor-element-b0bbec4 e-flex e-con-boxed wpr-particle-no wpr-jarallax-no wpr-parallax-no wpr-sticky-section-no e-con e-parent\" data-id=\"b0bbec4\" data-element_type=\"container\">\r\n\t\t\t\t\t<div class=\"e-con-inner\">\r\n\t\t\t\t<div class=\"elementor-element elementor-element-2657cf5 elementor-widget elementor-widget-spacer\" data-id=\"2657cf5\" data-element_type=\"widget\" data-widget_type=\"spacer.default\">\r\n\t\t\t\t<div class=\"elementor-widget-container\">\r\n\t\t\t\t\t<div class=\"elementor-spacer\">\r\n\t\t\t<div class=\"elementor-spacer-inner\"><\/div>\r\n\t\t<\/div>\r\n\t\t\t\t<\/div>\r\n\t\t\t\t<\/div>\r\n\t\t\t\t\t<\/div>\r\n\t\t\t\t<\/div>\r\n\t\t<div class=\"elementor-element elementor-element-bbaa808 e-flex e-con-boxed wpr-particle-no wpr-jarallax-no wpr-parallax-no wpr-sticky-section-no e-con e-parent\" data-id=\"bbaa808\" data-element_type=\"container\">\r\n\t\t\t\t\t<div class=\"e-con-inner\">\r\n\t\t<div class=\"elementor-element elementor-element-0976e32 e-con-full e-flex wpr-particle-no wpr-jarallax-no wpr-parallax-no wpr-sticky-section-no e-con e-child\" data-id=\"0976e32\" data-element_type=\"container\">\r\n\t\t\t\t<div class=\"elementor-element elementor-element-acd91c3 elementor-widget elementor-widget-image\" data-id=\"acd91c3\" data-element_type=\"widget\" data-widget_type=\"image.default\">\r\n\t\t\t\t<div class=\"elementor-widget-container\">\r\n\t\t\t\t\t\t\t\t\t\t\t\t\t\t<a href=\"https:\/\/www.promedianews.de\/business\/heavent-awards-2024-early-bird-phase-endet-am-22-januar\/\">\r\n\t\t\t\t\t\t\t<img alt=\"\" decoding=\"async\" width=\"768\" height=\"512\" src=\"https:\/\/www.weyou-group.com\/wp-content\/uploads\/2024\/05\/15-768x512-1.jpg\" class=\"attachment-large size-large wp-image-14596\" alt=\"\" \/>\t\t\t\t\t\t\t\t<\/a>\r\n\t\t\t\t\t\t\t\t\t\t\t\t\t<\/div>\r\n\t\t\t\t<\/div>\r\n\t\t<div class=\"elementor-element elementor-element-a47b5c6 e-con-full e-flex wpr-particle-no wpr-jarallax-no wpr-parallax-no wpr-sticky-section-no e-con e-child\" data-id=\"a47b5c6\" data-element_type=\"container\">\r\n\t\t\t\t<div class=\"elementor-element elementor-element-e925fc9 wpr-button-icon-style-inline wpr-button-icon-position-right elementor-widget elementor-widget-wpr-button\" data-id=\"e925fc9\" data-element_type=\"widget\" data-widget_type=\"wpr-button.default\">\r\n\t\t\t\t<div class=\"elementor-widget-container\">\r\n\t\t\t\t\r\n\t\t\t\r\n\t\t\r\n\t\t<div class=\"wpr-button-wrap elementor-clearfix\">\r\n\t\t<a class=\"wpr-button wpr-button-effect wpr-button-isi-left\" data-text=\"Go\" href=\"https:\/\/www.promedianews.de\/business\/heavent-awards-2024-early-bird-phase-endet-am-22-januar\/\" target=\"_blank\">\r\n\t\t\t\r\n\t\t\t<span class=\"wpr-button-content\">\r\n\t\t\t\t\t\t\t\t\t<span class=\"wpr-button-text\">Leer m\u00e1s<\/span>\r\n\t\t\t\t\t\t\t\t\r\n\t\t\t\t\t\t\t\t\t<span class=\"wpr-button-icon\"><svg class=\"e-font-icon-svg e-fas-chevron-circle-right\" viewBox=\"0 0 512 512\" xmlns=\"http:\/\/www.w3.org\/2000\/svg\"><path d=\"M256 8c137 0 248 111 248 248S393 504 256 504 8 393 8 256 119 8 256 8zm113.9 231L234.4 103.5c-9.4-9.4-24.6-9.4-33.9 0l-17 17c-9.4 9.4-9.4 24.6 0 33.9L285.1 256 183.5 357.6c-9.4 9.4-9.4 24.6 0 33.9l17 17c9.4 9.4 24.6 9.4 33.9 0L369.9 273c9.4-9.4 9.4-24.6 0-34z\"><\/path><\/svg><\/span>\r\n\t\t\t\t\t\t\t<\/span>\r\n\t\t<\/a>\r\n\r\n\t\t\t\t<\/div>\r\n\t\r\n\t\r\n\t\t\t<\/div>\r\n\t\t\t\t<\/div>\r\n\t\t\t\t<\/div>\r\n\t\t\t\t<\/div>\r\n\t\t<div class=\"elementor-element elementor-element-5b20523 e-con-full e-flex wpr-particle-no wpr-jarallax-no wpr-parallax-no wpr-sticky-section-no e-con e-child\" data-id=\"5b20523\" data-element_type=\"container\">\r\n\t\t\t\t<div class=\"elementor-element elementor-element-cb6990f elementor-widget elementor-widget-heading\" data-id=\"cb6990f\" data-element_type=\"widget\" data-widget_type=\"heading.default\">\r\n\t\t\t\t<div class=\"elementor-widget-container\">\r\n\t\t\t<h4 class=\"elementor-heading-title elementor-size-default\">Heavent Awards 2024: Early-Bird-Phase endet am 22. Januar<\/h4>\t\t<\/div>\r\n\t\t\t\t<\/div>\r\n\t\t\t\t<div class=\"elementor-element elementor-element-5363398 elementor-widget elementor-widget-text-editor\" data-id=\"5363398\" data-element_type=\"widget\" data-widget_type=\"text-editor.default\">\r\n\t\t\t\t<div class=\"elementor-widget-container\">\r\n\t\t\t\t\t\t\t<p>16\/01\/2024<\/p>\t\t\t\t\t\t<\/div>\r\n\t\t\t\t<\/div>\r\n\t\t\t\t<div class=\"elementor-element elementor-element-18b04f0 elementor-widget elementor-widget-text-editor\" data-id=\"18b04f0\" data-element_type=\"widget\" data-widget_type=\"text-editor.default\">\r\n\t\t\t\t<div class=\"elementor-widget-container\">\r\n\t\t\t\t\t\t\t<p>Die Early Bird-Phase f\u00fcr die Heavent Awards endet am 22. Januar. Danach k\u00f6nnen die Bewerbungen noch bis zum 9. Februar 2024 eingereicht werden.<\/p>\t\t\t\t\t\t<\/div>\r\n\t\t\t\t<\/div>\r\n\t\t\t\t<div class=\"elementor-element elementor-element-8698d99 elementor-position-left elementor-vertical-align-middle elementor-view-default elementor-mobile-position-top elementor-widget elementor-widget-icon-box\" data-id=\"8698d99\" data-element_type=\"widget\" data-widget_type=\"icon-box.default\">\r\n\t\t\t\t<div class=\"elementor-widget-container\">\r\n\t\t\t\t\t<div class=\"elementor-icon-box-wrapper\">\r\n\r\n\t\t\t\t\t\t<div class=\"elementor-icon-box-icon\">\r\n\t\t\t\t<a href=\"https:\/\/www.promedianews.de\/business\/heavent-awards-2024-early-bird-phase-endet-am-22-januar\/\" class=\"elementor-icon elementor-animation-\" tabindex=\"-1\">\r\n\t\t\t\t<i aria-hidden=\"true\" class=\"feather icon-book-open\"><\/i>\t\t\t\t<\/a>\r\n\t\t\t<\/div>\r\n\t\t\t\r\n\t\t\t\t\t\t<div class=\"elementor-icon-box-content\">\r\n\r\n\t\t\t\t\r\n\t\t\t\t\t\t\t\t\t<p class=\"elementor-icon-box-description\">\r\n\t\t\t\t\t\tPromedianews\n\t\t\t\t\t<\/p>\r\n\t\t\t\t\r\n\t\t\t<\/div>\r\n\t\t\t\r\n\t\t<\/div>\r\n\t\t\t\t<\/div>\r\n\t\t\t\t<\/div>\r\n\t\t\t\t<\/div>\r\n\t\t\t\t\t<\/div>\r\n\t\t\t\t<\/div>\r\n\t\t<div class=\"elementor-element elementor-element-2cd78d4 e-flex e-con-boxed wpr-particle-no wpr-jarallax-no wpr-parallax-no wpr-sticky-section-no e-con e-parent\" data-id=\"2cd78d4\" data-element_type=\"container\">\r\n\t\t\t\t\t<div class=\"e-con-inner\">\r\n\t\t\t\t<div class=\"elementor-element elementor-element-609a630 elementor-widget elementor-widget-spacer\" data-id=\"609a630\" data-element_type=\"widget\" data-widget_type=\"spacer.default\">\r\n\t\t\t\t<div class=\"elementor-widget-container\">\r\n\t\t\t\t\t<div class=\"elementor-spacer\">\r\n\t\t\t<div class=\"elementor-spacer-inner\"><\/div>\r\n\t\t<\/div>\r\n\t\t\t\t<\/div>\r\n\t\t\t\t<\/div>\r\n\t\t\t\t\t<\/div>\r\n\t\t\t\t<\/div>\r\n\t\t<div class=\"elementor-element elementor-element-a1326c6 e-flex e-con-boxed wpr-particle-no wpr-jarallax-no wpr-parallax-no wpr-sticky-section-no e-con e-parent\" data-id=\"a1326c6\" data-element_type=\"container\">\r\n\t\t\t\t\t<div class=\"e-con-inner\">\r\n\t\t<div class=\"elementor-element elementor-element-329cb73 e-con-full e-flex wpr-particle-no wpr-jarallax-no wpr-parallax-no wpr-sticky-section-no e-con e-child\" data-id=\"329cb73\" data-element_type=\"container\">\r\n\t\t\t\t<div class=\"elementor-element elementor-element-73a127c elementor-widget elementor-widget-heading\" data-id=\"73a127c\" data-element_type=\"widget\" data-widget_type=\"heading.default\">\r\n\t\t\t\t<div class=\"elementor-widget-container\">\r\n\t\t\t<div class=\"elementor-heading-title elementor-size-default\">|<\/div>\t\t<\/div>\r\n\t\t\t\t<\/div>\r\n\t\t\t\t<\/div>\r\n\t\t<div class=\"elementor-element elementor-element-364786e e-con-full e-flex wpr-particle-no wpr-jarallax-no wpr-parallax-no wpr-sticky-section-no e-con e-child\" data-id=\"364786e\" data-element_type=\"container\">\r\n\t\t\t\t<div class=\"elementor-element elementor-element-2ede44d elementor-widget elementor-widget-gradient_heading\" data-id=\"2ede44d\" data-element_type=\"widget\" data-widget_type=\"gradient_heading.default\">\r\n\t\t\t\t<div class=\"elementor-widget-container\">\r\n\t\t\t\r\n\t\t\r\n            <div class=\"gradient-text\">\r\n                B\u00c9LGICA            <\/div>\r\n\t\t\r\n\t\t\t\t\t<\/div>\r\n\t\t\t\t<\/div>\r\n\t\t\t\t<\/div>\r\n\t\t\t\t\t<\/div>\r\n\t\t\t\t<\/div>\r\n\t\t<div class=\"elementor-element elementor-element-440836e e-flex e-con-boxed wpr-particle-no wpr-jarallax-no wpr-parallax-no wpr-sticky-section-no e-con e-parent\" data-id=\"440836e\" data-element_type=\"container\">\r\n\t\t\t\t\t<div class=\"e-con-inner\">\r\n\t\t\t\t<div class=\"elementor-element elementor-element-9f46ad6 elementor-widget elementor-widget-spacer\" data-id=\"9f46ad6\" data-element_type=\"widget\" data-widget_type=\"spacer.default\">\r\n\t\t\t\t<div class=\"elementor-widget-container\">\r\n\t\t\t\t\t<div class=\"elementor-spacer\">\r\n\t\t\t<div class=\"elementor-spacer-inner\"><\/div>\r\n\t\t<\/div>\r\n\t\t\t\t<\/div>\r\n\t\t\t\t<\/div>\r\n\t\t\t\t\t<\/div>\r\n\t\t\t\t<\/div>\r\n\t\t<div class=\"elementor-element elementor-element-130f576 e-flex e-con-boxed wpr-particle-no wpr-jarallax-no wpr-parallax-no wpr-sticky-section-no e-con e-parent\" data-id=\"130f576\" data-element_type=\"container\">\r\n\t\t\t\t\t<div class=\"e-con-inner\">\r\n\t\t<div class=\"elementor-element elementor-element-2d1c3e0 e-con-full e-flex wpr-particle-no wpr-jarallax-no wpr-parallax-no wpr-sticky-section-no e-con e-child\" data-id=\"2d1c3e0\" data-element_type=\"container\">\r\n\t\t\t\t<div class=\"elementor-element elementor-element-56264ad elementor-widget elementor-widget-heading\" data-id=\"56264ad\" data-element_type=\"widget\" data-widget_type=\"heading.default\">\r\n\t\t\t\t<div class=\"elementor-widget-container\">\r\n\t\t\t<div class=\"elementor-heading-title elementor-size-default\">|<\/div>\t\t<\/div>\r\n\t\t\t\t<\/div>\r\n\t\t\t\t<\/div>\r\n\t\t<div class=\"elementor-element elementor-element-927a9bd e-con-full e-flex wpr-particle-no wpr-jarallax-no wpr-parallax-no wpr-sticky-section-no e-con e-child\" data-id=\"927a9bd\" data-element_type=\"container\">\r\n\t\t\t\t<div class=\"elementor-element elementor-element-e396cc4 elementor-widget elementor-widget-gradient_heading\" data-id=\"e396cc4\" data-element_type=\"widget\" data-widget_type=\"gradient_heading.default\">\r\n\t\t\t\t<div class=\"elementor-widget-container\">\r\n\t\t\t\r\n\t\t\r\n            <div class=\"gradient-text\">\r\n                REINO UNIDO            <\/div>\r\n\t\t\r\n\t\t\t\t\t<\/div>\r\n\t\t\t\t<\/div>\r\n\t\t\t\t<\/div>\r\n\t\t\t\t\t<\/div>\r\n\t\t\t\t<\/div>\r\n\t\t<div class=\"elementor-element elementor-element-44cae50 e-flex e-con-boxed wpr-particle-no wpr-jarallax-no wpr-parallax-no wpr-sticky-section-no e-con e-parent\" data-id=\"44cae50\" data-element_type=\"container\">\r\n\t\t\t\t\t<div class=\"e-con-inner\">\r\n\t\t\t\t<div class=\"elementor-element elementor-element-4a31ec5 elementor-widget elementor-widget-spacer\" data-id=\"4a31ec5\" data-element_type=\"widget\" data-widget_type=\"spacer.default\">\r\n\t\t\t\t<div class=\"elementor-widget-container\">\r\n\t\t\t\t\t<div class=\"elementor-spacer\">\r\n\t\t\t<div class=\"elementor-spacer-inner\"><\/div>\r\n\t\t<\/div>\r\n\t\t\t\t<\/div>\r\n\t\t\t\t<\/div>\r\n\t\t\t\t\t<\/div>\r\n\t\t\t\t<\/div>\r\n\t\t<div class=\"elementor-element elementor-element-999650c e-flex e-con-boxed wpr-particle-no wpr-jarallax-no wpr-parallax-no wpr-sticky-section-no e-con e-parent\" data-id=\"999650c\" data-element_type=\"container\">\r\n\t\t\t\t\t<div class=\"e-con-inner\">\r\n\t\t<div class=\"elementor-element elementor-element-eb94661 e-con-full e-flex wpr-particle-no wpr-jarallax-no wpr-parallax-no wpr-sticky-section-no e-con e-child\" data-id=\"eb94661\" data-element_type=\"container\">\r\n\t\t\t\t<div class=\"elementor-element elementor-element-ff821d1 elementor-widget elementor-widget-heading\" data-id=\"ff821d1\" data-element_type=\"widget\" data-widget_type=\"heading.default\">\r\n\t\t\t\t<div class=\"elementor-widget-container\">\r\n\t\t\t<div class=\"elementor-heading-title elementor-size-default\">|<\/div>\t\t<\/div>\r\n\t\t\t\t<\/div>\r\n\t\t\t\t<\/div>\r\n\t\t<div class=\"elementor-element elementor-element-5c9f869 e-con-full e-flex wpr-particle-no wpr-jarallax-no wpr-parallax-no wpr-sticky-section-no e-con e-child\" data-id=\"5c9f869\" data-element_type=\"container\">\r\n\t\t\t\t<div class=\"elementor-element elementor-element-14f79b6 elementor-widget elementor-widget-gradient_heading\" data-id=\"14f79b6\" data-element_type=\"widget\" data-widget_type=\"gradient_heading.default\">\r\n\t\t\t\t<div class=\"elementor-widget-container\">\r\n\t\t\t\r\n\t\t\r\n            <div class=\"gradient-text\">\r\n                ESLOVENIA            <\/div>\r\n\t\t\r\n\t\t\t\t\t<\/div>\r\n\t\t\t\t<\/div>\r\n\t\t\t\t<\/div>\r\n\t\t\t\t\t<\/div>\r\n\t\t\t\t<\/div>\r\n\t\t<div class=\"elementor-element elementor-element-f7c5b0b e-flex e-con-boxed wpr-particle-no wpr-jarallax-no wpr-parallax-no wpr-sticky-section-no e-con e-parent\" data-id=\"f7c5b0b\" data-element_type=\"container\">\r\n\t\t\t\t\t<div class=\"e-con-inner\">\r\n\t\t\t\t<div class=\"elementor-element elementor-element-5a4a869 elementor-widget elementor-widget-spacer\" data-id=\"5a4a869\" data-element_type=\"widget\" data-widget_type=\"spacer.default\">\r\n\t\t\t\t<div class=\"elementor-widget-container\">\r\n\t\t\t\t\t<div class=\"elementor-spacer\">\r\n\t\t\t<div class=\"elementor-spacer-inner\"><\/div>\r\n\t\t<\/div>\r\n\t\t\t\t<\/div>\r\n\t\t\t\t<\/div>\r\n\t\t\t\t\t<\/div>\r\n\t\t\t\t<\/div>\r\n\t\t\t\t<\/div>\r\n\t\t","protected":false},"excerpt":{"rendered":"<p>| ALEMANIA Leer m\u00e1s Call for entries f\u00fcr die Heavent Awards 2024 in Cannes 15\/01\/2024 Bis zur kosteng\u00fcnstigeren Early-Bird-Deadline der Heavent Awards am 22. Januar 2024 sind es nur noch ein paar Tage. Danach k\u00f6nnen die Bewerbungen noch bis zum 9.\u00a0 Blachreport Leer m\u00e1s Heavent Awards 2024: Early-Bird-Phase endet am 22. Januar 16\/01\/2024 Die Early Bird-Phase f\u00fcr die Heavent Awards endet am 22. Januar. Danach k\u00f6nnen die Bewerbungen noch bis zum 9. Februar 2024 eingereicht werden. Promedianews | B\u00c9LGICA | REINO UNIDO | ESLOVENIA<\/p>\n","protected":false},"author":23,"featured_media":17473,"parent":17834,"menu_order":0,"comment_status":"closed","ping_status":"closed","template":"","meta":{"_seopress_robots_primary_cat":"","_seopress_titles_title":"","_seopress_titles_desc":"","_seopress_robots_index":"","footnotes":""},"class_list":["post-17941","page","type-page","status-publish","has-post-thumbnail"],"blocksy_meta":[],"rttpg_featured_image_url":{"full":["https:\/\/www.weyou-group.com\/wp-content\/uploads\/2024\/05\/253_HM23_FZ2_0663-768x512-1.jpg",768,512,false],"landscape":["https:\/\/www.weyou-group.com\/wp-content\/uploads\/2024\/05\/253_HM23_FZ2_0663-768x512-1.jpg",768,512,false],"portraits":["https:\/\/www.weyou-group.com\/wp-content\/uploads\/2024\/05\/253_HM23_FZ2_0663-768x512-1.jpg",768,512,false],"thumbnail":["https:\/\/www.weyou-group.com\/wp-content\/uploads\/2024\/05\/253_HM23_FZ2_0663-768x512-1-150x150.jpg",150,150,true],"medium":["https:\/\/www.weyou-group.com\/wp-content\/uploads\/2024\/05\/253_HM23_FZ2_0663-768x512-1-304x190.jpg",304,190,true],"large":["https:\/\/www.weyou-group.com\/wp-content\/uploads\/2024\/05\/253_HM23_FZ2_0663-768x512-1.jpg",768,512,false],"gs-square-thumb":["https:\/\/www.weyou-group.com\/wp-content\/uploads\/2024\/05\/253_HM23_FZ2_0663-768x512-1-420x420.jpg",420,420,true],"400x600":["https:\/\/www.weyou-group.com\/wp-content\/uploads\/2024\/05\/253_HM23_FZ2_0663-768x512-1-400x512.jpg",400,512,true],"250x375":["https:\/\/www.weyou-group.com\/wp-content\/uploads\/2024\/05\/253_HM23_FZ2_0663-768x512-1-250x375.jpg",250,375,true],"logo":["https:\/\/www.weyou-group.com\/wp-content\/uploads\/2024\/05\/253_HM23_FZ2_0663-768x512-1-175x117.jpg",175,117,true]},"rttpg_author":{"display_name":"Joan Missegue","author_link":"https:\/\/www.weyou-group.com\/es\/author\/jmissegue\/"},"rttpg_comment":0,"rttpg_category":false,"rttpg_excerpt":"| ALEMANIA Leer m\u00e1s Call for entries f\u00fcr die Heavent Awards 2024 in Cannes 15\/01\/2024 Bis zur kosteng\u00fcnstigeren Early-Bird-Deadline der Heavent Awards am 22. Januar 2024 sind es nur noch ein paar Tage. Danach k\u00f6nnen die Bewerbungen noch bis zum 9.\u00a0 Blachreport Leer m\u00e1s Heavent Awards 2024: Early-Bird-Phase endet am 22. Januar 16\/01\/2024 Die Early&hellip;","_links":{"self":[{"href":"https:\/\/www.weyou-group.com\/es\/wp-json\/wp\/v2\/pages\/17941","targetHints":{"allow":["GET"]}}],"collection":[{"href":"https:\/\/www.weyou-group.com\/es\/wp-json\/wp\/v2\/pages"}],"about":[{"href":"https:\/\/www.weyou-group.com\/es\/wp-json\/wp\/v2\/types\/page"}],"author":[{"embeddable":true,"href":"https:\/\/www.weyou-group.com\/es\/wp-json\/wp\/v2\/users\/23"}],"replies":[{"embeddable":true,"href":"https:\/\/www.weyou-group.com\/es\/wp-json\/wp\/v2\/comments?post=17941"}],"version-history":[{"count":7,"href":"https:\/\/www.weyou-group.com\/es\/wp-json\/wp\/v2\/pages\/17941\/revisions"}],"predecessor-version":[{"id":19354,"href":"https:\/\/www.weyou-group.com\/es\/wp-json\/wp\/v2\/pages\/17941\/revisions\/19354"}],"up":[{"embeddable":true,"href":"https:\/\/www.weyou-group.com\/es\/wp-json\/wp\/v2\/pages\/17834"}],"wp:featuredmedia":[{"embeddable":true,"href":"https:\/\/www.weyou-group.com\/es\/wp-json\/wp\/v2\/media\/17473"}],"wp:attachment":[{"href":"https:\/\/www.weyou-group.com\/es\/wp-json\/wp\/v2\/media?parent=17941"}],"curies":[{"name":"wp","href":"https:\/\/api.w.org\/{rel}","templated":true}]}}