{"id":17945,"date":"2024-09-18T14:41:06","date_gmt":"2024-09-18T13:41:06","guid":{"rendered":"https:\/\/www.weyou-group.com\/presse\/evenements\/interior-and-exterior-design-meetings-presse\/"},"modified":"2024-09-29T15:05:13","modified_gmt":"2024-09-29T14:05:13","slug":"interior-and-exterior-design-meetings-prensa","status":"publish","type":"page","link":"https:\/\/www.weyou-group.com\/es\/prensa\/eventos-prensa\/interior-and-exterior-design-meetings-prensa\/","title":{"rendered":"Interior and Exterior Design Meetings Prensa"},"content":{"rendered":"\t\t<div data-elementor-type=\"wp-post\" data-elementor-id=\"17945\" class=\"elementor elementor-17945 elementor-16348\">\r\n\t\t\t\t<div class=\"elementor-element elementor-element-95e2657 e-flex e-con-boxed wpr-particle-no wpr-jarallax-no wpr-parallax-no wpr-sticky-section-no e-con e-parent\" data-id=\"95e2657\" data-element_type=\"container\">\r\n\t\t\t\t\t<div class=\"e-con-inner\">\r\n\t\t<div class=\"elementor-element elementor-element-2a8f390 e-con-full e-flex wpr-particle-no wpr-jarallax-no wpr-parallax-no wpr-sticky-section-no e-con e-child\" data-id=\"2a8f390\" data-element_type=\"container\">\r\n\t\t\t\t<div class=\"elementor-element elementor-element-24468ab elementor-widget elementor-widget-heading\" data-id=\"24468ab\" data-element_type=\"widget\" data-widget_type=\"heading.default\">\r\n\t\t\t\t<div class=\"elementor-widget-container\">\r\n\t\t\t<div class=\"elementor-heading-title elementor-size-default\">|<\/div>\t\t<\/div>\r\n\t\t\t\t<\/div>\r\n\t\t\t\t<\/div>\r\n\t\t<div class=\"elementor-element elementor-element-0781ac6 e-con-full e-flex wpr-particle-no wpr-jarallax-no wpr-parallax-no wpr-sticky-section-no e-con e-child\" data-id=\"0781ac6\" data-element_type=\"container\">\r\n\t\t\t\t<div class=\"elementor-element elementor-element-8c4a006 elementor-widget elementor-widget-gradient_heading\" data-id=\"8c4a006\" data-element_type=\"widget\" data-widget_type=\"gradient_heading.default\">\r\n\t\t\t\t<div class=\"elementor-widget-container\">\r\n\t\t\t\r\n\t\t\r\n            <div class=\"gradient-text\">\r\n                COMUNICADO DE PRENSA            <\/div>\r\n\t\t\r\n\t\t\t\t\t<\/div>\r\n\t\t\t\t<\/div>\r\n\t\t\t\t<\/div>\r\n\t\t\t\t\t<\/div>\r\n\t\t\t\t<\/div>\r\n\t\t<div class=\"elementor-element elementor-element-9f8ce4d e-flex e-con-boxed wpr-particle-no wpr-jarallax-no wpr-parallax-no wpr-sticky-section-no e-con e-parent\" data-id=\"9f8ce4d\" data-element_type=\"container\">\r\n\t\t\t\t\t<div class=\"e-con-inner\">\r\n\t\t<div class=\"elementor-element elementor-element-3699be3 e-con-full e-flex wpr-particle-no wpr-jarallax-no wpr-parallax-no wpr-sticky-section-no e-con e-child\" data-id=\"3699be3\" data-element_type=\"container\">\r\n\t\t\t\t<div class=\"elementor-element elementor-element-c5434e6 elementor-widget elementor-widget-heading\" data-id=\"c5434e6\" data-element_type=\"widget\" data-widget_type=\"heading.default\">\r\n\t\t\t\t<div class=\"elementor-widget-container\">\r\n\t\t\t<h2 class=\"elementor-heading-title elementor-size-default\">Weyou Group lanza Interior Design Meetings, el sal\u00f3n One to One Meetings para la distribuci\u00f3n, renovaci\u00f3n y decoraci\u00f3n de todos sus proyectos de lujo y ultralujo.<\/h2>\t\t<\/div>\r\n\t\t\t\t<\/div>\r\n\t\t\t\t<div class=\"elementor-element elementor-element-72af7bc elementor-widget elementor-widget-text-editor\" data-id=\"72af7bc\" data-element_type=\"widget\" data-widget_type=\"text-editor.default\">\r\n\t\t\t\t<div class=\"elementor-widget-container\">\r\n\t\t\t\t\t\t\t<p>&#8211;<\/p>\t\t\t\t\t\t<\/div>\r\n\t\t\t\t<\/div>\r\n\t\t\t\t<div class=\"elementor-element elementor-element-5d5d39e elementor-widget elementor-widget-text-editor\" data-id=\"5d5d39e\" data-element_type=\"widget\" data-widget_type=\"text-editor.default\">\r\n\t\t\t\t<div class=\"elementor-widget-container\">\r\n\t\t\t\t\t\t\t<p>Este nuevo evento ofrece reuniones One to One preorganizadas y espec\u00edficas entre expositores con soluciones y Arquitectos, Interioristas, Dise\u00f1adores de Interiores, Dise\u00f1adores, Promotores y Directores T\u00e9cnicos de proyectos inmobiliarios para encontrar proveedores de servicios que satisfagan sus diferentes proyectos.<\/p>\t\t\t\t\t\t<\/div>\r\n\t\t\t\t<\/div>\r\n\t\t<div class=\"elementor-element elementor-element-abe798a e-con-full e-flex wpr-particle-no wpr-jarallax-no wpr-parallax-no wpr-sticky-section-no e-con e-child\" data-id=\"abe798a\" data-element_type=\"container\">\r\n\t\t\t\t<div class=\"elementor-element elementor-element-7ebcbdc wpr-button-icon-style-inline wpr-button-icon-position-right elementor-widget elementor-widget-wpr-button\" data-id=\"7ebcbdc\" data-element_type=\"widget\" data-widget_type=\"wpr-button.default\">\r\n\t\t\t\t<div class=\"elementor-widget-container\">\r\n\t\t\t\t\r\n\t\t\t\r\n\t\t\r\n\t\t<div class=\"wpr-button-wrap elementor-clearfix\">\r\n\t\t<a class=\"wpr-button wpr-button-effect wpr-button-isi-left\" data-text=\"Go\" href=\"https:\/\/www.weyou-group.com\/wp-content\/uploads\/2024\/09\/IDM-CP-2024_UK.pdf\" target=\"_blank\">\r\n\t\t\t\r\n\t\t\t<span class=\"wpr-button-content\">\r\n\t\t\t\t\t\t\t\t\t<span class=\"wpr-button-text\">Leer m\u00e1s<\/span>\r\n\t\t\t\t\t\t\t\t\r\n\t\t\t\t\t\t\t\t\t<span class=\"wpr-button-icon\"><svg class=\"e-font-icon-svg e-fas-chevron-circle-right\" viewBox=\"0 0 512 512\" xmlns=\"http:\/\/www.w3.org\/2000\/svg\"><path d=\"M256 8c137 0 248 111 248 248S393 504 256 504 8 393 8 256 119 8 256 8zm113.9 231L234.4 103.5c-9.4-9.4-24.6-9.4-33.9 0l-17 17c-9.4 9.4-9.4 24.6 0 33.9L285.1 256 183.5 357.6c-9.4 9.4-9.4 24.6 0 33.9l17 17c9.4 9.4 24.6 9.4 33.9 0L369.9 273c9.4-9.4 9.4-24.6 0-34z\"><\/path><\/svg><\/span>\r\n\t\t\t\t\t\t\t<\/span>\r\n\t\t<\/a>\r\n\r\n\t\t\t\t<\/div>\r\n\t\r\n\t\r\n\t\t\t<\/div>\r\n\t\t\t\t<\/div>\r\n\t\t\t\t<\/div>\r\n\t\t\t\t<\/div>\r\n\t\t\t\t\t<\/div>\r\n\t\t\t\t<\/div>\r\n\t\t\t\t<\/div>\r\n\t\t","protected":false},"excerpt":{"rendered":"<p>| COMUNICADO DE PRENSA Weyou Group lanza Interior Design Meetings, el sal\u00f3n One to One Meetings para la distribuci\u00f3n, renovaci\u00f3n y decoraci\u00f3n de todos sus proyectos de lujo y ultralujo. &#8211; Este nuevo evento ofrece reuniones One to One preorganizadas y espec\u00edficas entre expositores con soluciones y Arquitectos, Interioristas, Dise\u00f1adores de Interiores, Dise\u00f1adores, Promotores y Directores T\u00e9cnicos de proyectos inmobiliarios para encontrar proveedores de servicios que satisfagan sus diferentes proyectos. Leer m\u00e1s<\/p>\n","protected":false},"author":3,"featured_media":17599,"parent":17834,"menu_order":0,"comment_status":"closed","ping_status":"closed","template":"","meta":{"_seopress_robots_primary_cat":"","_seopress_titles_title":"","_seopress_titles_desc":"","_seopress_robots_index":"","footnotes":""},"class_list":["post-17945","page","type-page","status-publish","has-post-thumbnail"],"blocksy_meta":[],"rttpg_featured_image_url":{"full":["https:\/\/www.weyou-group.com\/wp-content\/uploads\/2024\/09\/interior-and-exterior-design-meetings-scaled.jpg",2560,1707,false],"landscape":["https:\/\/www.weyou-group.com\/wp-content\/uploads\/2024\/09\/interior-and-exterior-design-meetings-scaled.jpg",2560,1707,false],"portraits":["https:\/\/www.weyou-group.com\/wp-content\/uploads\/2024\/09\/interior-and-exterior-design-meetings-scaled.jpg",2560,1707,false],"thumbnail":["https:\/\/www.weyou-group.com\/wp-content\/uploads\/2024\/09\/interior-and-exterior-design-meetings-150x150.jpg",150,150,true],"medium":["https:\/\/www.weyou-group.com\/wp-content\/uploads\/2024\/09\/interior-and-exterior-design-meetings-304x190.jpg",304,190,true],"large":["https:\/\/www.weyou-group.com\/wp-content\/uploads\/2024\/09\/interior-and-exterior-design-meetings-1024x640.jpg",1024,640,true],"gs-square-thumb":["https:\/\/www.weyou-group.com\/wp-content\/uploads\/2024\/09\/interior-and-exterior-design-meetings-420x420.jpg",420,420,true],"400x600":["https:\/\/www.weyou-group.com\/wp-content\/uploads\/2024\/09\/interior-and-exterior-design-meetings-400x600.jpg",400,600,true],"250x375":["https:\/\/www.weyou-group.com\/wp-content\/uploads\/2024\/09\/interior-and-exterior-design-meetings-250x375.jpg",250,375,true],"logo":["https:\/\/www.weyou-group.com\/wp-content\/uploads\/2024\/09\/interior-and-exterior-design-meetings-175x117.jpg",175,117,true]},"rttpg_author":{"display_name":"Luc Habrant","author_link":"https:\/\/www.weyou-group.com\/es\/author\/equinoxes\/"},"rttpg_comment":0,"rttpg_category":false,"rttpg_excerpt":"| COMUNICADO DE PRENSA Weyou Group lanza Interior Design Meetings, el sal\u00f3n One to One Meetings para la distribuci\u00f3n, renovaci\u00f3n y decoraci\u00f3n de todos sus proyectos de lujo y ultralujo. &#8211; Este nuevo evento ofrece reuniones One to One preorganizadas y espec\u00edficas entre expositores con soluciones y Arquitectos, Interioristas, Dise\u00f1adores de Interiores, Dise\u00f1adores, Promotores y&hellip;","_links":{"self":[{"href":"https:\/\/www.weyou-group.com\/es\/wp-json\/wp\/v2\/pages\/17945","targetHints":{"allow":["GET"]}}],"collection":[{"href":"https:\/\/www.weyou-group.com\/es\/wp-json\/wp\/v2\/pages"}],"about":[{"href":"https:\/\/www.weyou-group.com\/es\/wp-json\/wp\/v2\/types\/page"}],"author":[{"embeddable":true,"href":"https:\/\/www.weyou-group.com\/es\/wp-json\/wp\/v2\/users\/3"}],"replies":[{"embeddable":true,"href":"https:\/\/www.weyou-group.com\/es\/wp-json\/wp\/v2\/comments?post=17945"}],"version-history":[{"count":13,"href":"https:\/\/www.weyou-group.com\/es\/wp-json\/wp\/v2\/pages\/17945\/revisions"}],"predecessor-version":[{"id":19375,"href":"https:\/\/www.weyou-group.com\/es\/wp-json\/wp\/v2\/pages\/17945\/revisions\/19375"}],"up":[{"embeddable":true,"href":"https:\/\/www.weyou-group.com\/es\/wp-json\/wp\/v2\/pages\/17834"}],"wp:featuredmedia":[{"embeddable":true,"href":"https:\/\/www.weyou-group.com\/es\/wp-json\/wp\/v2\/media\/17599"}],"wp:attachment":[{"href":"https:\/\/www.weyou-group.com\/es\/wp-json\/wp\/v2\/media?parent=17945"}],"curies":[{"name":"wp","href":"https:\/\/api.w.org\/{rel}","templated":true}]}}