{"id":17947,"date":"2024-05-21T15:54:51","date_gmt":"2024-05-21T14:54:51","guid":{"rendered":"https:\/\/www.weyou-group.com\/presse\/evenements\/it-and-cybersecurity-meetings-presse\/"},"modified":"2024-09-29T15:01:09","modified_gmt":"2024-09-29T14:01:09","slug":"it-and-cybersecurity-meetings-prensa","status":"publish","type":"page","link":"https:\/\/www.weyou-group.com\/es\/prensa\/eventos-prensa\/it-and-cybersecurity-meetings-prensa\/","title":{"rendered":"IT &#038; Cybersecurity Meetings Prensa"},"content":{"rendered":"\t\t<div data-elementor-type=\"wp-post\" data-elementor-id=\"17947\" class=\"elementor elementor-17947 elementor-14630\">\r\n\t\t\t\t<div class=\"elementor-element elementor-element-95e2657 e-flex e-con-boxed wpr-particle-no wpr-jarallax-no wpr-parallax-no wpr-sticky-section-no e-con e-parent\" data-id=\"95e2657\" data-element_type=\"container\">\r\n\t\t\t\t\t<div class=\"e-con-inner\">\r\n\t\t<div class=\"elementor-element elementor-element-2a8f390 e-con-full e-flex wpr-particle-no wpr-jarallax-no wpr-parallax-no wpr-sticky-section-no e-con e-child\" data-id=\"2a8f390\" data-element_type=\"container\">\r\n\t\t\t\t<div class=\"elementor-element elementor-element-24468ab elementor-widget elementor-widget-heading\" data-id=\"24468ab\" data-element_type=\"widget\" data-widget_type=\"heading.default\">\r\n\t\t\t\t<div class=\"elementor-widget-container\">\r\n\t\t\t<div class=\"elementor-heading-title elementor-size-default\">|<\/div>\t\t<\/div>\r\n\t\t\t\t<\/div>\r\n\t\t\t\t<\/div>\r\n\t\t<div class=\"elementor-element elementor-element-0781ac6 e-con-full e-flex wpr-particle-no wpr-jarallax-no wpr-parallax-no wpr-sticky-section-no e-con e-child\" data-id=\"0781ac6\" data-element_type=\"container\">\r\n\t\t\t\t<div class=\"elementor-element elementor-element-8c4a006 elementor-widget elementor-widget-gradient_heading\" data-id=\"8c4a006\" data-element_type=\"widget\" data-widget_type=\"gradient_heading.default\">\r\n\t\t\t\t<div class=\"elementor-widget-container\">\r\n\t\t\t\r\n\t\t\r\n            <div class=\"gradient-text\">\r\n                COMUNICADO DE PRENSA            <\/div>\r\n\t\t\r\n\t\t\t\t\t<\/div>\r\n\t\t\t\t<\/div>\r\n\t\t\t\t<\/div>\r\n\t\t\t\t\t<\/div>\r\n\t\t\t\t<\/div>\r\n\t\t<div class=\"elementor-element elementor-element-9f8ce4d e-flex e-con-boxed wpr-particle-no wpr-jarallax-no wpr-parallax-no wpr-sticky-section-no e-con e-parent\" data-id=\"9f8ce4d\" data-element_type=\"container\">\r\n\t\t\t\t\t<div class=\"e-con-inner\">\r\n\t\t<div class=\"elementor-element elementor-element-2ea4ace e-con-full e-flex wpr-particle-no wpr-jarallax-no wpr-parallax-no wpr-sticky-section-no e-con e-child\" data-id=\"2ea4ace\" data-element_type=\"container\">\r\n\t\t<div class=\"elementor-element elementor-element-fbc508c e-con-full e-flex wpr-particle-no wpr-jarallax-no wpr-parallax-no wpr-sticky-section-no e-con e-child\" data-id=\"fbc508c\" data-element_type=\"container\">\r\n\t\t\t\t<div class=\"elementor-element elementor-element-b524916 elementor-widget elementor-widget-image\" data-id=\"b524916\" data-element_type=\"widget\" data-widget_type=\"image.default\">\r\n\t\t\t\t<div class=\"elementor-widget-container\">\r\n\t\t\t\t\t\t\t\t\t\t\t\t\t\t<a href=\"https:\/\/weyoumedia.blob.core.windows.net\/itsm\/sites\/17\/2021\/11\/FR_CP-IT-CYBERSECURITY-MEETINGS.pdf\">\r\n\t\t\t\t\t\t\t<img alt=\"\" fetchpriority=\"high\" decoding=\"async\" width=\"1024\" height=\"640\" src=\"https:\/\/www.weyou-group.com\/wp-content\/uploads\/2024\/05\/ITCM-2023-40-1024x640.jpg\" class=\"attachment-large size-large wp-image-14655\" alt=\"\" \/>\t\t\t\t\t\t\t\t<\/a>\r\n\t\t\t\t\t\t\t\t\t\t\t\t\t<\/div>\r\n\t\t\t\t<\/div>\r\n\t\t<div class=\"elementor-element elementor-element-60259b7 e-con-full e-flex wpr-particle-no wpr-jarallax-no wpr-parallax-no wpr-sticky-section-no e-con e-child\" data-id=\"60259b7\" data-element_type=\"container\">\r\n\t\t\t\t<div class=\"elementor-element elementor-element-59ae303 wpr-button-icon-style-inline wpr-button-icon-position-right elementor-widget elementor-widget-wpr-button\" data-id=\"59ae303\" data-element_type=\"widget\" data-widget_type=\"wpr-button.default\">\r\n\t\t\t\t<div class=\"elementor-widget-container\">\r\n\t\t\t\t\r\n\t\t\t\r\n\t\t\r\n\t\t<div class=\"wpr-button-wrap elementor-clearfix\">\r\n\t\t<a class=\"wpr-button wpr-button-effect wpr-button-isi-left\" data-text=\"Go\" href=\"https:\/\/www.weyou-group.com\/wp-content\/uploads\/2024\/09\/FR_CP-IT-CYBERSECURITY-MEETINGS.pdf\" target=\"_blank\">\r\n\t\t\t\r\n\t\t\t<span class=\"wpr-button-content\">\r\n\t\t\t\t\t\t\t\t\t<span class=\"wpr-button-text\">Leer m\u00e1s<\/span>\r\n\t\t\t\t\t\t\t\t\r\n\t\t\t\t\t\t\t\t\t<span class=\"wpr-button-icon\"><svg class=\"e-font-icon-svg e-fas-chevron-circle-right\" viewBox=\"0 0 512 512\" xmlns=\"http:\/\/www.w3.org\/2000\/svg\"><path d=\"M256 8c137 0 248 111 248 248S393 504 256 504 8 393 8 256 119 8 256 8zm113.9 231L234.4 103.5c-9.4-9.4-24.6-9.4-33.9 0l-17 17c-9.4 9.4-9.4 24.6 0 33.9L285.1 256 183.5 357.6c-9.4 9.4-9.4 24.6 0 33.9l17 17c9.4 9.4 24.6 9.4 33.9 0L369.9 273c9.4-9.4 9.4-24.6 0-34z\"><\/path><\/svg><\/span>\r\n\t\t\t\t\t\t\t<\/span>\r\n\t\t<\/a>\r\n\r\n\t\t\t\t<\/div>\r\n\t\r\n\t\r\n\t\t\t<\/div>\r\n\t\t\t\t<\/div>\r\n\t\t\t\t<\/div>\r\n\t\t\t\t<\/div>\r\n\t\t<div class=\"elementor-element elementor-element-ce377c6 e-con-full e-flex wpr-particle-no wpr-jarallax-no wpr-parallax-no wpr-sticky-section-no e-con e-child\" data-id=\"ce377c6\" data-element_type=\"container\">\r\n\t\t\t\t<div class=\"elementor-element elementor-element-f1e290d elementor-widget elementor-widget-heading\" data-id=\"f1e290d\" data-element_type=\"widget\" data-widget_type=\"heading.default\">\r\n\t\t\t\t<div class=\"elementor-widget-container\">\r\n\t\t\t<h4 class=\"elementor-heading-title elementor-size-default\">IT &amp; IT Security Meetings cambia de nombre a \u201c IT &amp; Cybersecurity Meetings \u201d<\/h4>\t\t<\/div>\r\n\t\t\t\t<\/div>\r\n\t\t\t\t<div class=\"elementor-element elementor-element-941f8fa elementor-widget elementor-widget-text-editor\" data-id=\"941f8fa\" data-element_type=\"widget\" data-widget_type=\"text-editor.default\">\r\n\t\t\t\t<div class=\"elementor-widget-container\">\r\n\t\t\t\t\t\t\t<p>02\/11\/2021<\/p>\t\t\t\t\t\t<\/div>\r\n\t\t\t\t<\/div>\r\n\t\t\t\t<div class=\"elementor-element elementor-element-e95a7b1 elementor-widget elementor-widget-text-editor\" data-id=\"e95a7b1\" data-element_type=\"widget\" data-widget_type=\"text-editor.default\">\r\n\t\t\t\t<div class=\"elementor-widget-container\">\r\n\t\t\t\t\t\t\t<p>Despu\u00e9s de 9 ediciones marcadas por el \u00e9xito, y para responder a los desaf\u00edos del mercado, IT &amp; IT Security Meetings evoluciona y se convierte en \u201c IT &amp; Cybersecurity Meetings \u201d en su d\u00e9cima edici\u00f3n.<\/p>\t\t\t\t\t\t<\/div>\r\n\t\t\t\t<\/div>\r\n\t\t\t\t<\/div>\r\n\t\t\t\t<\/div>\r\n\t\t<div class=\"elementor-element elementor-element-41fed35 e-con-full e-flex wpr-particle-no wpr-jarallax-no wpr-parallax-no wpr-sticky-section-no e-con e-child\" data-id=\"41fed35\" data-element_type=\"container\">\r\n\t\t<div class=\"elementor-element elementor-element-f27dc87 e-con-full e-flex wpr-particle-no wpr-jarallax-no wpr-parallax-no wpr-sticky-section-no e-con e-child\" data-id=\"f27dc87\" data-element_type=\"container\">\r\n\t\t\t\t<div class=\"elementor-element elementor-element-acd91c3 elementor-widget elementor-widget-image\" data-id=\"acd91c3\" data-element_type=\"widget\" data-widget_type=\"image.default\">\r\n\t\t\t\t<div class=\"elementor-widget-container\">\r\n\t\t\t\t\t\t\t\t\t\t\t\t\t\t<a href=\"https:\/\/weyoumedia.blob.core.windows.net\/sesam\/sites\/16\/2020\/01\/SESAP-Prevention.pdf\">\r\n\t\t\t\t\t\t\t<img alt=\"\" decoding=\"async\" width=\"1024\" height=\"640\" src=\"https:\/\/www.weyou-group.com\/wp-content\/uploads\/2024\/05\/12-1024x640.jpg\" class=\"attachment-large size-large wp-image-14656\" alt=\"\" \/>\t\t\t\t\t\t\t\t<\/a>\r\n\t\t\t\t\t\t\t\t\t\t\t\t\t<\/div>\r\n\t\t\t\t<\/div>\r\n\t\t<div class=\"elementor-element elementor-element-8a08166 e-con-full e-flex wpr-particle-no wpr-jarallax-no wpr-parallax-no wpr-sticky-section-no e-con e-child\" data-id=\"8a08166\" data-element_type=\"container\">\r\n\t\t\t\t<div class=\"elementor-element elementor-element-e925fc9 wpr-button-icon-style-inline wpr-button-icon-position-right elementor-widget elementor-widget-wpr-button\" data-id=\"e925fc9\" data-element_type=\"widget\" data-widget_type=\"wpr-button.default\">\r\n\t\t\t\t<div class=\"elementor-widget-container\">\r\n\t\t\t\t\r\n\t\t\t\r\n\t\t\r\n\t\t<div class=\"wpr-button-wrap elementor-clearfix\">\r\n\t\t<a class=\"wpr-button wpr-button-effect wpr-button-isi-left\" data-text=\"Go\" href=\"https:\/\/www.weyou-group.com\/wp-content\/uploads\/2024\/09\/SESAP-Prevention.pdf\" target=\"_blank\">\r\n\t\t\t\r\n\t\t\t<span class=\"wpr-button-content\">\r\n\t\t\t\t\t\t\t\t\t<span class=\"wpr-button-text\">Leer m\u00e1s<\/span>\r\n\t\t\t\t\t\t\t\t\r\n\t\t\t\t\t\t\t\t\t<span class=\"wpr-button-icon\"><svg class=\"e-font-icon-svg e-fas-chevron-circle-right\" viewBox=\"0 0 512 512\" xmlns=\"http:\/\/www.w3.org\/2000\/svg\"><path d=\"M256 8c137 0 248 111 248 248S393 504 256 504 8 393 8 256 119 8 256 8zm113.9 231L234.4 103.5c-9.4-9.4-24.6-9.4-33.9 0l-17 17c-9.4 9.4-9.4 24.6 0 33.9L285.1 256 183.5 357.6c-9.4 9.4-9.4 24.6 0 33.9l17 17c9.4 9.4 24.6 9.4 33.9 0L369.9 273c9.4-9.4 9.4-24.6 0-34z\"><\/path><\/svg><\/span>\r\n\t\t\t\t\t\t\t<\/span>\r\n\t\t<\/a>\r\n\r\n\t\t\t\t<\/div>\r\n\t\r\n\t\r\n\t\t\t<\/div>\r\n\t\t\t\t<\/div>\r\n\t\t\t\t<\/div>\r\n\t\t\t\t<\/div>\r\n\t\t<div class=\"elementor-element elementor-element-2c58207 e-con-full e-flex wpr-particle-no wpr-jarallax-no wpr-parallax-no wpr-sticky-section-no e-con e-child\" data-id=\"2c58207\" data-element_type=\"container\">\r\n\t\t\t\t<div class=\"elementor-element elementor-element-cb6990f elementor-widget elementor-widget-heading\" data-id=\"cb6990f\" data-element_type=\"widget\" data-widget_type=\"heading.default\">\r\n\t\t\t\t<div class=\"elementor-widget-container\">\r\n\t\t\t<h4 class=\"elementor-heading-title elementor-size-default\">Security &amp; Safety Meetings cambia de nombre a \u201cSeguridad\/Reuniones de Seguridad y Prevenci\u00f3n\u201d<\/h4>\t\t<\/div>\r\n\t\t\t\t<\/div>\r\n\t\t\t\t<div class=\"elementor-element elementor-element-5363398 elementor-widget elementor-widget-text-editor\" data-id=\"5363398\" data-element_type=\"widget\" data-widget_type=\"text-editor.default\">\r\n\t\t\t\t<div class=\"elementor-widget-container\">\r\n\t\t\t\t\t\t\t<p>10\/09\/2019<\/p>\t\t\t\t\t\t<\/div>\r\n\t\t\t\t<\/div>\r\n\t\t\t\t<div class=\"elementor-element elementor-element-18b04f0 elementor-widget elementor-widget-text-editor\" data-id=\"18b04f0\" data-element_type=\"widget\" data-widget_type=\"text-editor.default\">\r\n\t\t\t\t<div class=\"elementor-widget-container\">\r\n\t\t\t\t\t\t\t<p>Despu\u00e9s de 4 ediciones marcadas por el \u00e9xito, y para responder a los desaf\u00edos del mercado, Security &amp; Safety Meetings evoluciona y se convierte en \u201cSecurity\/Safety &amp; Prevention Meetings\u201d en su 5\u00aa edici\u00f3n.<\/p>\t\t\t\t\t\t<\/div>\r\n\t\t\t\t<\/div>\r\n\t\t\t\t<\/div>\r\n\t\t\t\t<\/div>\r\n\t\t\t\t\t<\/div>\r\n\t\t\t\t<\/div>\r\n\t\t\t\t<\/div>\r\n\t\t","protected":false},"excerpt":{"rendered":"<p>| COMUNICADO DE PRENSA Leer m\u00e1s IT &amp; IT Security Meetings cambia de nombre a \u201c IT &amp; Cybersecurity Meetings \u201d 02\/11\/2021 Despu\u00e9s de 9 ediciones marcadas por el \u00e9xito, y para responder a los desaf\u00edos del mercado, IT &amp; IT Security Meetings evoluciona y se convierte en \u201c IT &amp; Cybersecurity Meetings \u201d en su d\u00e9cima edici\u00f3n. Leer m\u00e1s Security &amp; Safety Meetings cambia de nombre a \u201cSeguridad\/Reuniones de Seguridad y Prevenci\u00f3n\u201d 10\/09\/2019 Despu\u00e9s de 4 ediciones marcadas por el \u00e9xito, y para responder a los desaf\u00edos del mercado, Security &amp; Safety Meetings evoluciona y se convierte en \u201cSecurity\/Safety &amp; Prevention Meetings\u201d en su 5\u00aa edici\u00f3n.<\/p>\n","protected":false},"author":23,"featured_media":17495,"parent":17834,"menu_order":0,"comment_status":"closed","ping_status":"closed","template":"","meta":{"_seopress_robots_primary_cat":"","_seopress_titles_title":"","_seopress_titles_desc":"","_seopress_robots_index":"","footnotes":""},"class_list":["post-17947","page","type-page","status-publish","has-post-thumbnail"],"blocksy_meta":[],"rttpg_featured_image_url":{"full":["https:\/\/www.weyou-group.com\/wp-content\/uploads\/2024\/05\/ITCM-2023-33.jpg",1200,900,false],"landscape":["https:\/\/www.weyou-group.com\/wp-content\/uploads\/2024\/05\/ITCM-2023-33.jpg",1200,900,false],"portraits":["https:\/\/www.weyou-group.com\/wp-content\/uploads\/2024\/05\/ITCM-2023-33.jpg",1200,900,false],"thumbnail":["https:\/\/www.weyou-group.com\/wp-content\/uploads\/2024\/05\/ITCM-2023-33-150x150.jpg",150,150,true],"medium":["https:\/\/www.weyou-group.com\/wp-content\/uploads\/2024\/05\/ITCM-2023-33-304x190.jpg",304,190,true],"large":["https:\/\/www.weyou-group.com\/wp-content\/uploads\/2024\/05\/ITCM-2023-33-1024x640.jpg",1024,640,true],"gs-square-thumb":["https:\/\/www.weyou-group.com\/wp-content\/uploads\/2024\/05\/ITCM-2023-33-420x420.jpg",420,420,true],"400x600":["https:\/\/www.weyou-group.com\/wp-content\/uploads\/2024\/05\/ITCM-2023-33-400x600.jpg",400,600,true],"250x375":["https:\/\/www.weyou-group.com\/wp-content\/uploads\/2024\/05\/ITCM-2023-33-250x375.jpg",250,375,true],"logo":["https:\/\/www.weyou-group.com\/wp-content\/uploads\/2024\/05\/ITCM-2023-33-175x131.jpg",175,131,true]},"rttpg_author":{"display_name":"Joan Missegue","author_link":"https:\/\/www.weyou-group.com\/es\/author\/jmissegue\/"},"rttpg_comment":0,"rttpg_category":false,"rttpg_excerpt":"| COMUNICADO DE PRENSA Leer m\u00e1s IT &amp; IT Security Meetings cambia de nombre a \u201c IT &amp; Cybersecurity Meetings \u201d 02\/11\/2021 Despu\u00e9s de 9 ediciones marcadas por el \u00e9xito, y para responder a los desaf\u00edos del mercado, IT &amp; IT Security Meetings evoluciona y se convierte en \u201c IT &amp; Cybersecurity Meetings \u201d en&hellip;","_links":{"self":[{"href":"https:\/\/www.weyou-group.com\/es\/wp-json\/wp\/v2\/pages\/17947","targetHints":{"allow":["GET"]}}],"collection":[{"href":"https:\/\/www.weyou-group.com\/es\/wp-json\/wp\/v2\/pages"}],"about":[{"href":"https:\/\/www.weyou-group.com\/es\/wp-json\/wp\/v2\/types\/page"}],"author":[{"embeddable":true,"href":"https:\/\/www.weyou-group.com\/es\/wp-json\/wp\/v2\/users\/23"}],"replies":[{"embeddable":true,"href":"https:\/\/www.weyou-group.com\/es\/wp-json\/wp\/v2\/comments?post=17947"}],"version-history":[{"count":7,"href":"https:\/\/www.weyou-group.com\/es\/wp-json\/wp\/v2\/pages\/17947\/revisions"}],"predecessor-version":[{"id":19363,"href":"https:\/\/www.weyou-group.com\/es\/wp-json\/wp\/v2\/pages\/17947\/revisions\/19363"}],"up":[{"embeddable":true,"href":"https:\/\/www.weyou-group.com\/es\/wp-json\/wp\/v2\/pages\/17834"}],"wp:featuredmedia":[{"embeddable":true,"href":"https:\/\/www.weyou-group.com\/es\/wp-json\/wp\/v2\/media\/17495"}],"wp:attachment":[{"href":"https:\/\/www.weyou-group.com\/es\/wp-json\/wp\/v2\/media?parent=17947"}],"curies":[{"name":"wp","href":"https:\/\/api.w.org\/{rel}","templated":true}]}}